{"id":5004,"date":"2023-12-04T16:55:11","date_gmt":"2023-12-04T15:55:11","guid":{"rendered":"https:\/\/www.famigliaolivini.com\/?page_id=5004"},"modified":"2025-10-10T08:47:40","modified_gmt":"2025-10-10T06:47:40","slug":"olio-extra-vergine-di-oliva","status":"publish","type":"page","link":"https:\/\/www.famigliaolivini.com\/fr\/olio-extra-vergine-di-oliva\/","title":{"rendered":"Olio Extra Vergine di Oliva"},"content":{"rendered":"<div class=\"wpb-content-wrapper\"><p>[vc_row reverse_columns_mobile=\u00a0\u00bbyes\u00a0\u00bb css_animation=\u00a0\u00bb\u00a0\u00bb css=\u00a0\u00bb.vc_custom_1689150708296{margin-bottom: 0px !important;border-bottom-width: 0px !important;padding-bottom: 0px !important;}\u00a0\u00bb][vc_column css_animation=\u00a0\u00bb\u00a0\u00bb][vc_row_inner css_animation=\u00a0\u00bb\u00a0\u00bb css=\u00a0\u00bb.vc_custom_1688565237563{margin-bottom: 0px !important;}\u00a0\u00bb][vc_column_inner width=\u00a0\u00bb1\/2&Prime;][vc_single_image image=\u00a0\u00bb3199&Prime; img_size=\u00a0\u00bbfull\u00a0\u00bb alignment=\u00a0\u00bbcenter\u00a0\u00bb css_animation=\u00a0\u00bb\u00a0\u00bb css=\u00a0\u00bb.vc_custom_1689203621329{margin-bottom: 0px !important;}\u00a0\u00bb][\/vc_column_inner][vc_column_inner width=\u00a0\u00bb1\/2&Prime; css=\u00a0\u00bb.vc_custom_1488885265853{padding: 5% !important;}\u00a0\u00bb][vc_column_text css_animation=\u00a0\u00bb\u00a0\u00bb css=\u00a0\u00bb.vc_custom_1697645863288{margin-bottom: 10px !important;}\u00a0\u00bb]<\/p>\n<h1>HUILE D&rsquo;OLIVE VIERGE EXTRA<\/h1>\n<p>[\/vc_column_text][vc_column_text css_animation=\u00a0\u00bb\u00a0\u00bb]<\/p>\n<h4>CASALIVA, FRANTOIO ET GARGN\u00c0<\/h4>\n<p>[\/vc_column_text][vc_column_text css_animation=\u00a0\u00bb\u00a0\u00bb]<\/p>\n<div class=\"tit\">D\u00e9licatesse et fra\u00eecheur: la compagne id\u00e9ale.<\/div>\n<p>[\/vc_column_text][vc_column_text css_animation=\u00a0\u00bb\u00a0\u00bb css=\u00a0\u00bb.vc_custom_1697646029041{margin-top: 60px !important;margin-bottom: 60px !important;}\u00a0\u00bb]<\/p>\n<div class=\"simpleText\">Huile d&rsquo;olive vierge extra obtenue \u00e0 partir des oliveraies qui donnent sur les rives du lac de Garde Bresciano, appartenant aux vari\u00e9t\u00e9s typiques de Casaliva, Frantoio et Gargn\u00e0.<\/div>\n<div><\/div>\n<div class=\"simpleText\">Huile de prestige obtenue \u00e0 partir d&rsquo;un proc\u00e9d\u00e9 de fabrication minutieuse qui pr\u00e9voit le lavage et le pressage des olives quelques heures apr\u00e8s le r\u00e9colte. L&rsquo;utilisation d&rsquo;une installation en cycle continu de derni\u00e8re g\u00e9n\u00e9ration, dans un environnement prot\u00e9g\u00e9 et en l&rsquo;absence totale d&rsquo;oxyg\u00e8ne, permet de conserver ses caract\u00e9ristiques fruit\u00e9es d&rsquo;olives fra\u00eeches, avec des sensations d&rsquo;aromates et un parfum d\u00e9licat d&rsquo;amande.<\/div>\n<p>[\/vc_column_text][vc_column_text css_animation=\u00a0\u00bb\u00a0\u00bb]<\/p>\n<div class=\"buynow\"><a href=\"https:\/\/shop.famigliaolivini.com\/products\/olio-extra-vergine-di-oliva\" target=\"_blank\" rel=\"noopener\">ACHETER MAINTENANT<\/a><\/div>\n<p>[\/vc_column_text][\/vc_column_inner][\/vc_row_inner][\/vc_column][\/vc_row][vc_section][vc_row reverse_columns_mobile=\u00a0\u00bbyes\u00a0\u00bb css_animation=\u00a0\u00bb\u00a0\u00bb][vc_column css_animation=\u00a0\u00bb\u00a0\u00bb]\n\t<div class=\"title-subtitle-box \" style=\" text-align: left;\">\n\t\t<p  style=\"\">Agricoltura Ragionata\u00ae<\/p>\n\t\t<h2 style=\" font-size:45pxpx; line-height: normal; font-style: normal;\">\u00c8 la nostra filosofia.<br \/>\nUn metodo tramandato per generazioni.<\/h2>\n\t<\/div> [vc_row_inner css_animation=\u00a0\u00bb\u00a0\u00bb css=\u00a0\u00bb.vc_custom_1688566738733{margin-top: 100px !important;margin-bottom: 0px !important;}\u00a0\u00bb][vc_column_inner width=\u00a0\u00bb1\/2&Prime; css=\u00a0\u00bb.vc_custom_1688567769959{padding-top: 5% !important;padding-right: 5% !important;padding-bottom: 5% !important;padding-left: 5% !important;}\u00a0\u00bb offset=\u00a0\u00bbvc_col-lg-5&Prime;]\n\t<div class=\"title-subtitle-box  vc_custom_1697646444456 spec\" style=\" text-align: left;\">\n\t\t<h2 style=\" font-size:45pxpx; line-height: normal; font-style: normal;\">Huile Virge Extra<\/h2>\n\t<\/div> \n\t<div class=\"title-subtitle-box  spec\" style=\" text-align: left;\">\n\t\t<h6 style=\" font-style: normal; text-transform: uppercase;\">Analyse chimique<\/h6>\n\t<\/div> [vc_column_text css_animation=\u00a0\u00bb\u00a0\u00bb]Acidit\u00e0 &lt; 0.3 %[\/vc_column_text]\n\t<div class=\"title-subtitle-box  spec\" style=\" text-align: left;\">\n\t\t<h6 style=\" font-style: normal; text-transform: uppercase;\">Vari\u00e9t\u00e9<\/h6>\n\t<\/div> [vc_column_text css_animation=\u00a0\u00bb\u00a0\u00bb]Casaliva, Frantoio, Gargn\u00e0[\/vc_column_text]\n\t<div class=\"title-subtitle-box  spec\" style=\" text-align: left;\">\n\t\t<h6 style=\" font-style: normal; text-transform: uppercase;\">Pressage et pr\u00e9paration<\/h6>\n\t<\/div> [vc_column_text css_animation=\u00a0\u00bb\u00a0\u00bb]Lavage et pressage des olives dans les 24 heures suivant la r\u00e9colte, extraction de l&rsquo;huile au moyen d&rsquo;une installation \u00e0 cycle continu de derni\u00e8re g\u00e9n\u00e9ration dans un environnement contr\u00f4l\u00e9 (absence d&rsquo;oxyg\u00e8ne).[\/vc_column_text]\n\t<div class=\"title-subtitle-box  spec\" style=\" text-align: left;\">\n\t\t<h6 style=\" font-style: normal; text-transform: uppercase;\">Robe<\/h6>\n\t<\/div> [vc_column_text css_animation=\u00a0\u00bb\u00a0\u00bb]Jaune paille avec des reflets verd\u00e2tres[\/vc_column_text]\n\t<div class=\"title-subtitle-box  spec\" style=\" text-align: left;\">\n\t\t<h6 style=\" font-style: normal; text-transform: uppercase;\">Nez<\/h6>\n\t<\/div> [vc_column_text css_animation=\u00a0\u00bb\u00a0\u00bb]Fruit\u00e9 assez l\u00e9ger d\u2019olives fra\u00eeches avec des sensations d&rsquo;herbes aromatiques et un d\u00e9licat parfum d&rsquo;amande.[\/vc_column_text]\n\t<div class=\"title-subtitle-box  spec\" style=\" text-align: left;\">\n\t\t<h6 style=\" font-style: normal; text-transform: uppercase;\">Produit en Italie<\/h6>\n\t<\/div> [vc_column_text css_animation=\u00a0\u00bb\u00a0\u00bb]<\/p>\n<div class=\"buynow\"><a href=\"https:\/\/shop.famigliaolivini.com\/products\/olio-extra-vergine-di-oliva\" target=\"_blank\" rel=\"noopener\">ACHETER MAINTENANT<\/a> <a href=\"https:\/\/www.famigliaolivini.com\/wp-content\/uploads\/2024\/07\/scheda-olio-extra-vergine.pdf\" target=\"_blank\" rel=\"noopener\">T\u00c9L\u00c9CHARGER LE PDF<\/a><\/div>\n<p>[\/vc_column_text][\/vc_column_inner][vc_column_inner width=\u00a0\u00bb1\/2&Prime; offset=\u00a0\u00bbvc_col-lg-offset-1&Prime;][vc_single_image image=\u00a0\u00bb3367&Prime; img_size=\u00a0\u00bbfull\u00a0\u00bb alignment=\u00a0\u00bbcenter\u00a0\u00bb css_animation=\u00a0\u00bb\u00a0\u00bb css=\u00a0\u00bb.vc_custom_1689204116716{margin-bottom: 0px !important;}\u00a0\u00bb][\/vc_column_inner][\/vc_row_inner][vc_row_inner css_animation=\u00a0\u00bb\u00a0\u00bb css=\u00a0\u00bb.vc_custom_1688568339894{margin-top: 100px !important;margin-bottom: 0px !important;}\u00a0\u00bb][vc_column_inner width=\u00a0\u00bb1\/2&Prime;][vc_single_image image=\u00a0\u00bb3371&Prime; img_size=\u00a0\u00bbfull\u00a0\u00bb alignment=\u00a0\u00bbcenter\u00a0\u00bb css_animation=\u00a0\u00bb\u00a0\u00bb css=\u00a0\u00bb.vc_custom_1689238487732{margin-bottom: 0px !important;}\u00a0\u00bb][\/vc_column_inner][vc_column_inner width=\u00a0\u00bb1\/2&Prime; css=\u00a0\u00bb.vc_custom_1488885265853{padding: 5% !important;}\u00a0\u00bb]\n\t<div class=\"title-subtitle-box  abb\" style=\" text-align: left;\">\n\t\t<p  style=\"\">UTILISATION<\/p>\n\t\t<h2 style=\" font-size:45pxpx; line-height: normal; font-style: normal;\">La saveur est pleine et ronde avec une excellente digestibilit\u00e9. Elle se dig\u00e8re parfaitement et est id\u00e9ale \u00e0 table pour parfumer les aliments les plus d\u00e9licats et l\u00e9gers, sans se superposer \u00e0 la saveur des plats.<\/h2>\n\t<\/div> [\/vc_column_inner][\/vc_row_inner][\/vc_column][\/vc_row][\/vc_section][vc_row full_width=\u00a0\u00bbstretch_row\u00a0\u00bb css_animation=\u00a0\u00bb\u00a0\u00bb css=\u00a0\u00bb.vc_custom_1760017901502{padding-top: 100px !important;padding-bottom: 90px !important;background-color: #000000 !important;background-position: center !important;background-repeat: no-repeat !important;background-size: cover !important;}\u00a0\u00bb][vc_column css_animation=\u00a0\u00bb\u00a0\u00bb][vc_column_text css_animation=\u00a0\u00bb\u00a0\u00bb el_id=\u00a0\u00bbtit55&Prime;]<\/p>\n<h3 style=\"text-align: center;\">Abonnez-vous \u00e0 la newslette<\/h3>\n<p>[\/vc_column_text]<div class=\"vc_widget vc_widget_mailchimp   \"><div class=\"widget widget_mc4wp_form_widget\"><script>(function() {\n\twindow.mc4wp = window.mc4wp || {\n\t\tlisteners: [],\n\t\tforms: {\n\t\t\ton: function(evt, cb) {\n\t\t\t\twindow.mc4wp.listeners.push(\n\t\t\t\t\t{\n\t\t\t\t\t\tevent   : evt,\n\t\t\t\t\t\tcallback: cb\n\t\t\t\t\t}\n\t\t\t\t);\n\t\t\t}\n\t\t}\n\t}\n})();\n<\/script><!-- Mailchimp for WordPress v4.12.2 - https:\/\/wordpress.org\/plugins\/mailchimp-for-wp\/ --><form id=\"mc4wp-form-1\" class=\"mc4wp-form mc4wp-form-336 mc4wp-form-basic\" method=\"post\" data-id=\"336\" data-name=\"Villenoir\" ><div class=\"mc4wp-form-fields\"><style>\r\n  .input-group-btn:last-child::before{display:none}\r\n  ::placeholder {color:#000000 !important;}\r\n<\/style>\r\n<div id=\"formn\">\r\n<div class=\"form-group text-center\">\r\n\t<label class=\"hidden\">Email address: <\/label>\r\n\t<input class=\"form-control\" style=\"height:50px;border:1px solid #ffffff;border-radius:5px;background:#ffffff;\r\n                                       color:#000000;max-width:100% !important\" type=\"email\" name=\"EMAIL\" placeholder=\"Email\" required \/> \r\n<\/div>\r\n<div class=\"form-check\">\r\n        <input type=\"checkbox\" class=\"form-check-input\" id=\"privacy\" name=\"AGREE_TO_TERMS\" value=\"1\" required=\"\">\r\n             <span class=\"form-check-label\" for=\"privacy\" \r\n                   style=\"margin-top:-25px;display:block;padding-left:20px;font-size:12px; \r\n                          !important;color:#ffffff;line-height:1.4\">\r\n         Autorizzo al trattamento dei miei dati personali per fini di comunicazione commerciale e\/o invio di materiale pubblicitario dell'azienda, secondo l'informativa in materia di dati personali ai sensi del Regolamento Europeo (EU) 2017\/679 \u201cGDPR\u201d.\r\n         <\/span>\r\n    <\/div>  \t\r\n<span class=\"input-group-btn text-center\" style=\"text-align:center\">\r\n    \t<input class=\"btn\" style=\"font-size:20px;border:none;color:#ffffff\" type=\"submit\" value=\"Iscriviti\" \/>\r\n  \t<\/span>\r\n<!-- \/input-group -->\r\n<\/div><\/div><label style=\"display: none !important;\">Laissez ce champ vide si vous \u00eates humain\u00a0: <input type=\"text\" name=\"_mc4wp_honeypot\" value=\"\" tabindex=\"-1\" autocomplete=\"off\" \/><\/label><input type=\"hidden\" name=\"_mc4wp_timestamp\" value=\"1777709011\" \/><input type=\"hidden\" name=\"_mc4wp_form_id\" value=\"336\" \/><input type=\"hidden\" name=\"_mc4wp_form_element_id\" value=\"mc4wp-form-1\" \/><div class=\"mc4wp-response\"><\/div><\/form><!-- \/ Mailchimp for WordPress Plugin --><\/div><\/div>[\/vc_column][\/vc_row]<\/p>\n<\/div>","protected":false},"excerpt":{"rendered":"<p>[vc_row reverse_columns_mobile=\u00a0\u00bbyes\u00a0\u00bb css_animation=\u00a0\u00bb\u00a0\u00bb css=\u00a0\u00bb.vc_custom_1689150708296{margin-bottom: 0px !important;border-bottom-width: 0px !important;padding-bottom: 0px !important;}\u00a0\u00bb][vc_column css_animation=\u00a0\u00bb\u00a0\u00bb][vc_row_inner css_animation=\u00a0\u00bb\u00a0\u00bb css=\u00a0\u00bb.vc_custom_1688565237563{margin-bottom: 0px !important;}\u00a0\u00bb][vc_column_inner width=\u00a0\u00bb1\/2&Prime;][vc_single_image image=\u00a0\u00bb3199&Prime; img_size=\u00a0\u00bbfull\u00a0\u00bb alignment=\u00a0\u00bbcenter\u00a0\u00bb css_animation=\u00a0\u00bb\u00a0\u00bb css=\u00a0\u00bb.vc_custom_1689203621329{margin-bottom: 0px !important;}\u00a0\u00bb][\/vc_column_inner][vc_column_inner width=\u00a0\u00bb1\/2&Prime; css=\u00a0\u00bb.vc_custom_1488885265853{padding: 5% !important;}\u00a0\u00bb][vc_column_text css_animation=\u00a0\u00bb\u00a0\u00bb css=\u00a0\u00bb.vc_custom_1697645863288{margin-bottom: 10px !important;}\u00a0\u00bb] HUILE D&rsquo;OLIVE VIERGE EXTRA [\/vc_column_text][vc_column_text css_animation=\u00a0\u00bb\u00a0\u00bb] CASALIVA, FRANTOIO ET GARGN\u00c0 [\/vc_column_text][vc_column_text css_animation=\u00a0\u00bb\u00a0\u00bb] D\u00e9licatesse et fra\u00eecheur: la compagne id\u00e9ale. [\/vc_column_text][vc_column_text css_animation=\u00a0\u00bb\u00a0\u00bb css=\u00a0\u00bb.vc_custom_1697646029041{margin-top: 60px !important;margin-bottom: 60px<br class=\"read-more-spacer\"> <a class=\"more-link\" href=\"https:\/\/www.famigliaolivini.com\/fr\/olio-extra-vergine-di-oliva\/\">Read More<\/a><\/p>\n","protected":false},"author":3,"featured_media":0,"parent":0,"menu_order":0,"comment_status":"closed","ping_status":"closed","template":"","meta":{"footnotes":""},"class_list":["post-5004","page","type-page","status-publish","hentry"],"acf":[],"_links":{"self":[{"href":"https:\/\/www.famigliaolivini.com\/fr\/wp-json\/wp\/v2\/pages\/5004","targetHints":{"allow":["GET"]}}],"collection":[{"href":"https:\/\/www.famigliaolivini.com\/fr\/wp-json\/wp\/v2\/pages"}],"about":[{"href":"https:\/\/www.famigliaolivini.com\/fr\/wp-json\/wp\/v2\/types\/page"}],"author":[{"embeddable":true,"href":"https:\/\/www.famigliaolivini.com\/fr\/wp-json\/wp\/v2\/users\/3"}],"replies":[{"embeddable":true,"href":"https:\/\/www.famigliaolivini.com\/fr\/wp-json\/wp\/v2\/comments?post=5004"}],"version-history":[{"count":11,"href":"https:\/\/www.famigliaolivini.com\/fr\/wp-json\/wp\/v2\/pages\/5004\/revisions"}],"predecessor-version":[{"id":7079,"href":"https:\/\/www.famigliaolivini.com\/fr\/wp-json\/wp\/v2\/pages\/5004\/revisions\/7079"}],"wp:attachment":[{"href":"https:\/\/www.famigliaolivini.com\/fr\/wp-json\/wp\/v2\/media?parent=5004"}],"curies":[{"name":"wp","href":"https:\/\/api.w.org\/{rel}","templated":true}]}}