{"id":4985,"date":"2023-12-04T16:55:07","date_gmt":"2023-12-04T15:55:07","guid":{"rendered":"https:\/\/www.famigliaolivini.com\/?page_id=4985"},"modified":"2025-10-09T15:14:35","modified_gmt":"2025-10-09T13:14:35","slug":"grappa-di-lugana-invecchiata","status":"publish","type":"page","link":"https:\/\/www.famigliaolivini.com\/fr\/grappa-di-lugana-invecchiata\/","title":{"rendered":"Grappa de Lugana Invecchiata"},"content":{"rendered":"<div class=\"wpb-content-wrapper\"><p>[vc_row css_animation=\u00a0\u00bb\u00a0\u00bb css=\u00a0\u00bb.vc_custom_1688565315255{margin-bottom: 0px !important;border-bottom-width: 0px !important;padding-bottom: 0px !important;}\u00a0\u00bb][vc_column css_animation=\u00a0\u00bb\u00a0\u00bb][vc_row_inner css_animation=\u00a0\u00bb\u00a0\u00bb css=\u00a0\u00bb.vc_custom_1688565237563{margin-bottom: 0px !important;}\u00a0\u00bb][vc_column_inner width=\u00a0\u00bb1\/2&Prime;][vc_single_image image=\u00a0\u00bb3202&Prime; img_size=\u00a0\u00bbfull\u00a0\u00bb alignment=\u00a0\u00bbcenter\u00a0\u00bb css_animation=\u00a0\u00bb\u00a0\u00bb css=\u00a0\u00bb.vc_custom_1689239131147{margin-bottom: 0px !important;}\u00a0\u00bb][\/vc_column_inner][vc_column_inner width=\u00a0\u00bb1\/2&Prime; css=\u00a0\u00bb.vc_custom_1488885265853{padding: 5% !important;}\u00a0\u00bb][vc_column_text css_animation=\u00a0\u00bb\u00a0\u00bb css=\u00a0\u00bb.vc_custom_1702992843021{margin-bottom: 10px !important;}\u00a0\u00bb]<\/p>\n<h1>GRAPPA DE LUGANA INVECCHIATA<\/h1>\n<p>[\/vc_column_text][vc_column_text css_animation=\u00a0\u00bb\u00a0\u00bb]<\/p>\n<h4>AFFIN\u00c9E EN BARRIQUES<\/h4>\n<p>[\/vc_column_text][vc_column_text css_animation=\u00a0\u00bb\u00a0\u00bb]<\/p>\n<div class=\"tit\">Les saveurs se m\u00ealent dans une persistance large et enveloppante.<\/div>\n<p>[\/vc_column_text][vc_column_text css_animation=\u00a0\u00bb\u00a0\u00bb css=\u00a0\u00bb.vc_custom_1697560528165{margin-top: 60px !important;margin-bottom: 60px !important;}\u00a0\u00bb]Elle nait de l\u2019hydrodistillation artisanale de nos meilleurs marcs de Lugana en petites barriques de ch\u00eane. Robe jaune paille avec des reflets dor\u00e9es.<br \/>\nFrom the artisanal steam distillation of our best Lugana pomace in small oak barriques. Bright straw yellow colour with golden reflections.[\/vc_column_text][vc_column_text css_animation=\u00a0\u00bb\u00a0\u00bb]<\/p>\n<div class=\"buynow\"><a href=\"https:\/\/shop.famigliaolivini.com\/collections\/grappe\/products\/grappa-di-lugana-invecchiata\" target=\"_blank\" rel=\"noopener\">ACHETER MAINTENANT <\/a><\/div>\n<p>[\/vc_column_text][\/vc_column_inner][\/vc_row_inner][\/vc_column][\/vc_row][vc_section][vc_row css_animation=\u00a0\u00bb\u00a0\u00bb][vc_column css_animation=\u00a0\u00bb\u00a0\u00bb]\n\t<div class=\"title-subtitle-box \" style=\" text-align: left;\">\n\t\t<p  style=\"\">Agricoltura Ragionata\u00ae<\/p>\n\t\t<h2 style=\" font-size:45pxpx; line-height: normal; font-style: normal;\">C\u2019est notre philosophie.<br \/>\nUne m\u00e9thode transmise de g\u00e9n\u00e9ration en g\u00e9n\u00e9ration.<\/h2>\n\t<\/div> [vc_row_inner css_animation=\u00a0\u00bb\u00a0\u00bb css=\u00a0\u00bb.vc_custom_1688566738733{margin-top: 100px !important;margin-bottom: 0px !important;}\u00a0\u00bb][vc_column_inner width=\u00a0\u00bb1\/2&Prime; css=\u00a0\u00bb.vc_custom_1688567769959{padding-top: 5% !important;padding-right: 5% !important;padding-bottom: 5% !important;padding-left: 5% !important;}\u00a0\u00bb offset=\u00a0\u00bbvc_col-lg-5&Prime;]\n\t<div class=\"title-subtitle-box  vc_custom_1689239413643 spec\" style=\" text-align: left;\">\n\t\t<h2 style=\" font-size:45pxpx; line-height: normal; font-style: normal;\">Grappa di Lugana Invecchiata<\/h2>\n\t<\/div> \n\t<div class=\"title-subtitle-box  spec\" style=\" text-align: left;\">\n\t\t<h6 style=\" font-style: normal; text-transform: uppercase;\">Affinage<\/h6>\n\t<\/div> [vc_column_text css_animation=\u00a0\u00bb\u00a0\u00bb]En f\u00fbts de ch\u00eane.[\/vc_column_text]\n\t<div class=\"title-subtitle-box  spec\" style=\" text-align: left;\">\n\t\t<h6 style=\" font-style: normal; text-transform: uppercase;\">Analyse sensorielle<\/h6>\n\t<\/div> [vc_column_text css_animation=\u00a0\u00bb\u00a0\u00bb]Provenant des marcs de Lugana, sa robe est claire et ambr\u00e9e. Le nez offre un parfum large et enveloppant, \u00e0 la grande personnalit\u00e9.<\/p>\n<p>En bouche, le go\u00fbt \u00e9l\u00e9gant et riche confirme les sensations ressenties par le nez. Servir bien frais entre 14 \u00b0 et 18 \u00b0C.[\/vc_column_text]\n\t<div class=\"title-subtitle-box  spec\" style=\" text-align: left;\">\n\t\t<h6 style=\" font-style: normal; text-transform: uppercase;\">Analyse chimique<\/h6>\n\t<\/div> [vc_column_text css_animation=\u00a0\u00bb\u00a0\u00bb]Degr\u00e9 d&rsquo;alcool 45\u00a0%[\/vc_column_text]\n\t<div class=\"title-subtitle-box  spec\" style=\" text-align: left;\">\n\t\t<h6 style=\" font-style: normal; text-transform: uppercase;\">M\u00e9thode de distillation<\/h6>\n\t<\/div> [vc_column_text css_animation=\u00a0\u00bb\u00a0\u00bb]Discontinue[\/vc_column_text]\n\t<div class=\"title-subtitle-box  spec\" style=\" text-align: left;\">\n\t\t<h6 style=\" font-style: normal; text-transform: uppercase;\">Type de distillateur<\/h6>\n\t<\/div> [vc_column_text css_animation=\u00a0\u00bb\u00a0\u00bb]Petites bouilloires en cuivre[\/vc_column_text]\n\t<div class=\"title-subtitle-box  spec\" style=\" text-align: left;\">\n\t\t<h6 style=\" font-style: normal; text-transform: uppercase;\">Temp\u00e9rature de distillation<\/h6>\n\t<\/div> [vc_column_text css_animation=\u00a0\u00bb\u00a0\u00bb]110\u00b0 en vapeur d&rsquo;eau[\/vc_column_text]\n\t<div class=\"title-subtitle-box  spec\" style=\" text-align: left;\">\n\t\t<h6 style=\" font-style: normal; text-transform: uppercase;\">Vieillissement<\/h6>\n\t<\/div> [vc_column_text css_animation=\u00a0\u00bb\u00a0\u00bb]Plus de 18 mois en petites barriques de ch\u00eane[\/vc_column_text]\n\t<div class=\"title-subtitle-box  spec\" style=\" text-align: left;\">\n\t\t<h6 style=\" font-style: normal; text-transform: uppercase;\">Produit en Italie<\/h6>\n\t<\/div> [vc_column_text css_animation=\u00a0\u00bb\u00a0\u00bb]<\/p>\n<div class=\"buynow\"><a href=\"https:\/\/shop.famigliaolivini.com\/collections\/grappe\/products\/grappa-di-lugana-invecchiata\" target=\"_blank\" rel=\"noopener\">ACHETER MAINTENANT <\/a> <a href=\"https:\/\/www.famigliaolivini.com\/wp-content\/uploads\/2024\/07\/scheda-grappa-invecchiata.pdf\" target=\"_blank\" rel=\"noopener\">T\u00c9L\u00c9CHARGER LE PDF<\/a><\/div>\n<p>[\/vc_column_text][\/vc_column_inner][vc_column_inner width=\u00a0\u00bb1\/2&Prime; offset=\u00a0\u00bbvc_col-lg-offset-1&Prime;][vc_single_image image=\u00a0\u00bb3377&Prime; img_size=\u00a0\u00bbfull\u00a0\u00bb alignment=\u00a0\u00bbcenter\u00a0\u00bb css_animation=\u00a0\u00bb\u00a0\u00bb css=\u00a0\u00bb.vc_custom_1689239375431{margin-bottom: 0px !important;}\u00a0\u00bb][\/vc_column_inner][\/vc_row_inner][vc_row_inner css_animation=\u00a0\u00bb\u00a0\u00bb css=\u00a0\u00bb.vc_custom_1688568339894{margin-top: 100px !important;margin-bottom: 0px !important;}\u00a0\u00bb][vc_column_inner width=\u00a0\u00bb1\/2&Prime;][vc_single_image image=\u00a0\u00bb5439&Prime; img_size=\u00a0\u00bbfull\u00a0\u00bb alignment=\u00a0\u00bbcenter\u00a0\u00bb css_animation=\u00a0\u00bb\u00a0\u00bb css=\u00a0\u00bb.vc_custom_1705583939384{margin-bottom: 0px !important;}\u00a0\u00bb][\/vc_column_inner][vc_column_inner width=\u00a0\u00bb1\/2&Prime; css=\u00a0\u00bb.vc_custom_1488885265853{padding: 5% !important;}\u00a0\u00bb]\n\t<div class=\"title-subtitle-box  abb\" style=\" text-align: left;\">\n\t\t<p  style=\"\">NEZ<\/p>\n\t\t<h2 style=\" font-size:45pxpx; line-height: normal; font-style: normal;\">Un splendide concert de sensations o\u00f9 se d\u00e9tachent les fruits m\u00fbrs, le cassis, l'abricot, le cacao et la vanille.<\/h2>\n\t<\/div> [\/vc_column_inner][\/vc_row_inner][\/vc_column][\/vc_row][\/vc_section][vc_row full_width=\u00a0\u00bbstretch_row\u00a0\u00bb css_animation=\u00a0\u00bb\u00a0\u00bb css=\u00a0\u00bb.vc_custom_1760011929633{padding-top: 100px !important;padding-bottom: 90px !important;background-color: #000000 !important;background-position: center !important;background-repeat: no-repeat !important;background-size: cover !important;}\u00a0\u00bb][vc_column css_animation=\u00a0\u00bb\u00a0\u00bb][vc_column_text css_animation=\u00a0\u00bb\u00a0\u00bb el_id=\u00a0\u00bbtit55&Prime;]<\/p>\n<h3 style=\"text-align: center;\">Abonnez-vous \u00e0 la newslette<\/h3>\n<p>[\/vc_column_text]<div class=\"vc_widget vc_widget_mailchimp   \"><div class=\"widget widget_mc4wp_form_widget\"><script>(function() {\n\twindow.mc4wp = window.mc4wp || {\n\t\tlisteners: [],\n\t\tforms: {\n\t\t\ton: function(evt, cb) {\n\t\t\t\twindow.mc4wp.listeners.push(\n\t\t\t\t\t{\n\t\t\t\t\t\tevent   : evt,\n\t\t\t\t\t\tcallback: cb\n\t\t\t\t\t}\n\t\t\t\t);\n\t\t\t}\n\t\t}\n\t}\n})();\n<\/script><!-- Mailchimp for WordPress v4.12.1 - https:\/\/wordpress.org\/plugins\/mailchimp-for-wp\/ --><form id=\"mc4wp-form-1\" class=\"mc4wp-form mc4wp-form-336 mc4wp-form-basic\" method=\"post\" data-id=\"336\" data-name=\"Villenoir\" ><div class=\"mc4wp-form-fields\"><style>\r\n  .input-group-btn:last-child::before{display:none}\r\n  ::placeholder {color:#000000 !important;}\r\n<\/style>\r\n<div id=\"formn\">\r\n<div class=\"form-group text-center\">\r\n\t<label class=\"hidden\">Email address: <\/label>\r\n\t<input class=\"form-control\" style=\"height:50px;border:1px solid #ffffff;border-radius:5px;background:#ffffff;\r\n                                       color:#000000;max-width:100% !important\" type=\"email\" name=\"EMAIL\" placeholder=\"Email\" required \/> \r\n<\/div>\r\n<div class=\"form-check\">\r\n        <input type=\"checkbox\" class=\"form-check-input\" id=\"privacy\" name=\"AGREE_TO_TERMS\" value=\"1\" required=\"\">\r\n             <span class=\"form-check-label\" for=\"privacy\" \r\n                   style=\"margin-top:-25px;display:block;padding-left:20px;font-size:12px; \r\n                          !important;color:#ffffff;line-height:1.4\">\r\n         Autorizzo al trattamento dei miei dati personali per fini di comunicazione commerciale e\/o invio di materiale pubblicitario dell'azienda, secondo l'informativa in materia di dati personali ai sensi del Regolamento Europeo (EU) 2017\/679 \u201cGDPR\u201d.\r\n         <\/span>\r\n    <\/div>  \t\r\n<span class=\"input-group-btn text-center\" style=\"text-align:center\">\r\n    \t<input class=\"btn\" style=\"font-size:20px;border:none;color:#ffffff\" type=\"submit\" value=\"Iscriviti\" \/>\r\n  \t<\/span>\r\n<!-- \/input-group -->\r\n<\/div><\/div><label style=\"display: none !important;\">Laissez ce champ vide si vous \u00eates humain\u00a0: <input type=\"text\" name=\"_mc4wp_honeypot\" value=\"\" tabindex=\"-1\" autocomplete=\"off\" \/><\/label><input type=\"hidden\" name=\"_mc4wp_timestamp\" value=\"1776394485\" \/><input type=\"hidden\" name=\"_mc4wp_form_id\" value=\"336\" \/><input type=\"hidden\" name=\"_mc4wp_form_element_id\" value=\"mc4wp-form-1\" \/><div class=\"mc4wp-response\"><\/div><\/form><!-- \/ Mailchimp for WordPress Plugin --><\/div><\/div>[\/vc_column][\/vc_row]<\/p>\n<\/div>","protected":false},"excerpt":{"rendered":"<p>[vc_row css_animation=\u00a0\u00bb\u00a0\u00bb css=\u00a0\u00bb.vc_custom_1688565315255{margin-bottom: 0px !important;border-bottom-width: 0px !important;padding-bottom: 0px !important;}\u00a0\u00bb][vc_column css_animation=\u00a0\u00bb\u00a0\u00bb][vc_row_inner css_animation=\u00a0\u00bb\u00a0\u00bb css=\u00a0\u00bb.vc_custom_1688565237563{margin-bottom: 0px !important;}\u00a0\u00bb][vc_column_inner width=\u00a0\u00bb1\/2&Prime;][vc_single_image image=\u00a0\u00bb3202&Prime; img_size=\u00a0\u00bbfull\u00a0\u00bb alignment=\u00a0\u00bbcenter\u00a0\u00bb css_animation=\u00a0\u00bb\u00a0\u00bb css=\u00a0\u00bb.vc_custom_1689239131147{margin-bottom: 0px !important;}\u00a0\u00bb][\/vc_column_inner][vc_column_inner width=\u00a0\u00bb1\/2&Prime; css=\u00a0\u00bb.vc_custom_1488885265853{padding: 5% !important;}\u00a0\u00bb][vc_column_text css_animation=\u00a0\u00bb\u00a0\u00bb css=\u00a0\u00bb.vc_custom_1702992843021{margin-bottom: 10px !important;}\u00a0\u00bb] GRAPPA DE LUGANA INVECCHIATA [\/vc_column_text][vc_column_text css_animation=\u00a0\u00bb\u00a0\u00bb] AFFIN\u00c9E EN BARRIQUES [\/vc_column_text][vc_column_text css_animation=\u00a0\u00bb\u00a0\u00bb] Les saveurs se m\u00ealent dans une persistance large et enveloppante. [\/vc_column_text][vc_column_text css_animation=\u00a0\u00bb\u00a0\u00bb css=\u00a0\u00bb.vc_custom_1697560528165{margin-top: 60px<br class=\"read-more-spacer\"> <a class=\"more-link\" href=\"https:\/\/www.famigliaolivini.com\/fr\/grappa-di-lugana-invecchiata\/\">Read More<\/a><\/p>\n","protected":false},"author":3,"featured_media":0,"parent":0,"menu_order":0,"comment_status":"closed","ping_status":"closed","template":"","meta":{"footnotes":""},"class_list":["post-4985","page","type-page","status-publish","hentry"],"acf":[],"_links":{"self":[{"href":"https:\/\/www.famigliaolivini.com\/fr\/wp-json\/wp\/v2\/pages\/4985","targetHints":{"allow":["GET"]}}],"collection":[{"href":"https:\/\/www.famigliaolivini.com\/fr\/wp-json\/wp\/v2\/pages"}],"about":[{"href":"https:\/\/www.famigliaolivini.com\/fr\/wp-json\/wp\/v2\/types\/page"}],"author":[{"embeddable":true,"href":"https:\/\/www.famigliaolivini.com\/fr\/wp-json\/wp\/v2\/users\/3"}],"replies":[{"embeddable":true,"href":"https:\/\/www.famigliaolivini.com\/fr\/wp-json\/wp\/v2\/comments?post=4985"}],"version-history":[{"count":11,"href":"https:\/\/www.famigliaolivini.com\/fr\/wp-json\/wp\/v2\/pages\/4985\/revisions"}],"predecessor-version":[{"id":7064,"href":"https:\/\/www.famigliaolivini.com\/fr\/wp-json\/wp\/v2\/pages\/4985\/revisions\/7064"}],"wp:attachment":[{"href":"https:\/\/www.famigliaolivini.com\/fr\/wp-json\/wp\/v2\/media?parent=4985"}],"curies":[{"name":"wp","href":"https:\/\/api.w.org\/{rel}","templated":true}]}}