{"id":4969,"date":"2023-12-04T16:55:06","date_gmt":"2023-12-04T15:55:06","guid":{"rendered":"https:\/\/www.famigliaolivini.com\/?page_id=4969"},"modified":"2025-10-09T16:30:13","modified_gmt":"2025-10-09T14:30:13","slug":"explorer-benaco-bresciano-igt-bianco","status":"publish","type":"page","link":"https:\/\/www.famigliaolivini.com\/fr\/explorer-benaco-bresciano-igt-bianco\/","title":{"rendered":"Explorer Benaco Bresciano I.G.T. bianco"},"content":{"rendered":"<div class=\"wpb-content-wrapper\"><p>[vc_row reverse_columns_mobile=\u00a0\u00bbyes\u00a0\u00bb css_animation=\u00a0\u00bb\u00a0\u00bb css=\u00a0\u00bb.vc_custom_1689150708296{margin-bottom: 0px !important;border-bottom-width: 0px !important;padding-bottom: 0px !important;}\u00a0\u00bb][vc_column css_animation=\u00a0\u00bb\u00a0\u00bb][vc_row_inner css_animation=\u00a0\u00bb\u00a0\u00bb css=\u00a0\u00bb.vc_custom_1688565237563{margin-bottom: 0px !important;}\u00a0\u00bb][vc_column_inner width=\u00a0\u00bb1\/2&Prime;][vc_single_image image=\u00a0\u00bb6083&Prime; img_size=\u00a0\u00bbfull\u00a0\u00bb alignment=\u00a0\u00bbcenter\u00a0\u00bb css_animation=\u00a0\u00bb\u00a0\u00bb css=\u00a0\u00bb.vc_custom_1719328369608{margin-bottom: 0px !important;}\u00a0\u00bb][\/vc_column_inner][vc_column_inner width=\u00a0\u00bb1\/2&Prime; css=\u00a0\u00bb.vc_custom_1488885265853{padding: 5% !important;}\u00a0\u00bb][vc_column_text css_animation=\u00a0\u00bb\u00a0\u00bb css=\u00a0\u00bb.vc_custom_1718894073041{margin-bottom: 10px !important;}\u00a0\u00bb]<\/p>\n<h1>EXPLORER BENACO BRESCIANO I.G.T.<\/h1>\n<p>[\/vc_column_text][vc_column_text css_animation=\u00a0\u00bb\u00a0\u00bb]<\/p>\n<h4>VIN BLANC<\/h4>\n<p>[\/vc_column_text][vc_column_text css_animation=\u00a0\u00bb\u00a0\u00bb]<\/p>\n<div class=\"tit\">Un vin jamais connu, fruit de l&rsquo;envie d&rsquo;explorer de nouveaux horizons.<\/div>\n<p>[\/vc_column_text][vc_column_text css_animation=\u00a0\u00bb\u00a0\u00bb css=\u00a0\u00bb.vc_custom_1697466832960{margin-top: 60px !important;margin-bottom: 60px !important;}\u00a0\u00bb]<\/p>\n<div class=\"simpleText\">\n<div class=\"simpleText\">\n<p>Vin issu de la s\u00e9lection minutieuse des raisins Turbiana cultiv\u00e9s dans la zone la plus argileuse et typique de Lugana et Incrocio Manzoni 6.0.13 cultiv\u00e9s dans une petite partie du terrain de l&rsquo;entreprise qui se distingue du reste par ses caract\u00e9ristiques p\u00e9dologiques et morphologiques, \u00e9tant la seule position de notre terrain situ\u00e9 en terrasse.<\/p>\n<p>Le vin s&rsquo;exprime avec un nez riche, presque aromatique, avec un profil balsamique frais de sauge, compl\u00e9t\u00e9 par l&rsquo;abricot m\u00fbr et les fruits jaunes en g\u00e9n\u00e9ral et un fond de silex. En bouche, il est sec avec une excellente acidit\u00e9, un volume et une \u00e9paisseur incroyables qui le rendent infiniment long et persistant.<\/p>\n<\/div>\n<\/div>\n<p>[\/vc_column_text][vc_column_text css_animation=\u00a0\u00bb\u00a0\u00bb]<\/p>\n<div class=\"buynow\"><a href=\"https:\/\/shop.famigliaolivini.com\/products\/explorer\" target=\"_blank\" rel=\"noopener\">ACHETER MAINTENANT<\/a><\/div>\n<p>[\/vc_column_text][\/vc_column_inner][\/vc_row_inner][\/vc_column][\/vc_row][vc_section][vc_row reverse_columns_mobile=\u00a0\u00bbyes\u00a0\u00bb css_animation=\u00a0\u00bb\u00a0\u00bb][vc_column css_animation=\u00a0\u00bb\u00a0\u00bb]\n\t<div class=\"title-subtitle-box \" style=\" text-align: left;\">\n\t\t<p  style=\"\">Agricoltura Ragionata\u00ae<\/p>\n\t\t<h2 style=\" font-size:45pxpx; line-height: normal; font-style: normal;\">C\u2019est notre philosophie.<br \/>\nUne m\u00e9thode transmise de g\u00e9n\u00e9ration en g\u00e9n\u00e9ration.<\/h2>\n\t<\/div> [vc_row_inner css_animation=\u00a0\u00bb\u00a0\u00bb css=\u00a0\u00bb.vc_custom_1688566738733{margin-top: 100px !important;margin-bottom: 0px !important;}\u00a0\u00bb][vc_column_inner width=\u00a0\u00bb1\/2&Prime; css=\u00a0\u00bb.vc_custom_1688567769959{padding-top: 5% !important;padding-right: 5% !important;padding-bottom: 5% !important;padding-left: 5% !important;}\u00a0\u00bb offset=\u00a0\u00bbvc_col-lg-5&Prime;]\n\t<div class=\"title-subtitle-box  vc_custom_1689154141680 spec\" style=\" text-align: left;\">\n\t\t<h2 style=\" font-size:45pxpx; line-height: normal; font-style: normal;\">Explorer<\/h2>\n\t<\/div> \n\t<div class=\"title-subtitle-box  spec\" style=\" text-align: left;\">\n\t\t<h6 style=\" font-style: normal; text-transform: uppercase;\">Appellation d\u2019origine<\/h6>\n\t<\/div> [vc_column_text css_animation=\u00a0\u00bb\u00a0\u00bb]Benaco Bresciano I.G.T. Bianco[\/vc_column_text]\n\t<div class=\"title-subtitle-box  spec\" style=\" text-align: left;\">\n\t\t<h6 style=\" font-style: normal; text-transform: uppercase;\">Assemblage<\/h6>\n\t<\/div> [vc_column_text css_animation=\u00a0\u00bb\u00a0\u00bb]Turbiana e Incrocio Manzoni 6.0.13[\/vc_column_text]\n\t<div class=\"title-subtitle-box  spec\" style=\" text-align: left;\">\n\t\t<h6 style=\" font-style: normal; text-transform: uppercase;\">Temp\u00e9rature de service<\/h6>\n\t<\/div> [vc_column_text css_animation=\u00a0\u00bb\u00a0\u00bb]10-12\u00b0 C[\/vc_column_text]\n\t<div class=\"title-subtitle-box  spec\" style=\" text-align: left;\">\n\t\t<h6 style=\" font-style: normal; text-transform: uppercase;\">Vinification<\/h6>\n\t<\/div> [vc_column_text css_animation=\u00a0\u00bb\u00a0\u00bb]Vendanges manuelles en cagettes, pressurage doux, cryomac\u00e9ration des pellicules pendant 12\/18 heures \u00e0 10\u00b0C, fermentation alcoolique r\u00e9alis\u00e9e par des levures s\u00e9lectionn\u00e9es \u00e0 temp\u00e9rature contr\u00f4l\u00e9e.[\/vc_column_text]\n\t<div class=\"title-subtitle-box  spec\" style=\" text-align: left;\">\n\t\t<h6 style=\" font-style: normal; text-transform: uppercase;\">Analyse sensorielle<\/h6>\n\t<\/div> [vc_column_text css_animation=\u00a0\u00bb\u00a0\u00bb]Robe jaune paille p\u00e2le, min\u00e9ralit\u00e9 marqu\u00e9e accompagn\u00e9e de notes balsamiques de sauge et de notes fruit\u00e9es d&rsquo;abricot et de fruits jaunes en g\u00e9n\u00e9ral. Le go\u00fbt est sec et sec, avec beaucoup de volume et de persistance. Contient des sulfites.[\/vc_column_text]\n\t<div class=\"title-subtitle-box  spec\" style=\" text-align: left;\">\n\t\t<h6 style=\" font-style: normal; text-transform: uppercase;\">Produit en Italie<\/h6>\n\t<\/div> [vc_column_text css_animation=\u00a0\u00bb\u00a0\u00bb]<\/p>\n<div class=\"buynow\"><a href=\"https:\/\/shop.famigliaolivini.com\/products\/explorer\" target=\"_blank\" rel=\"noopener\">ACHETER MAINTENANT<\/a> <a href=\"https:\/\/www.famigliaolivini.com\/wp-content\/uploads\/2025\/03\/scheda-explorer-fr.pdf\" target=\"_blank\" rel=\"noopener\">T\u00c9L\u00c9CHARGER LE PDF<\/a><\/div>\n<p>[\/vc_column_text][\/vc_column_inner][vc_column_inner width=\u00a0\u00bb1\/2&Prime; offset=\u00a0\u00bbvc_col-lg-offset-1&Prime;][vc_single_image image=\u00a0\u00bb3350&Prime; img_size=\u00a0\u00bbfull\u00a0\u00bb alignment=\u00a0\u00bbcenter\u00a0\u00bb css_animation=\u00a0\u00bb\u00a0\u00bb css=\u00a0\u00bb.vc_custom_1689154119263{margin-bottom: 0px !important;}\u00a0\u00bb][\/vc_column_inner][\/vc_row_inner][vc_row_inner css_animation=\u00a0\u00bb\u00a0\u00bb css=\u00a0\u00bb.vc_custom_1688568339894{margin-top: 100px !important;margin-bottom: 0px !important;}\u00a0\u00bb][vc_column_inner width=\u00a0\u00bb1\/2&Prime;][vc_single_image image=\u00a0\u00bb3353&Prime; img_size=\u00a0\u00bbfull\u00a0\u00bb alignment=\u00a0\u00bbcenter\u00a0\u00bb css_animation=\u00a0\u00bb\u00a0\u00bb css=\u00a0\u00bb.vc_custom_1689154354592{margin-bottom: 0px !important;}\u00a0\u00bb][\/vc_column_inner][vc_column_inner width=\u00a0\u00bb1\/2&Prime; css=\u00a0\u00bb.vc_custom_1488885265853{padding: 5% !important;}\u00a0\u00bb]\n\t<div class=\"title-subtitle-box  abb\" style=\" text-align: left;\">\n\t\t<p  style=\"\">ACCORDS METS ET VINS<\/p>\n\t\t<h2 style=\" font-size:45pxpx; line-height: normal; font-style: normal;\">Id\u00e9al pour accompagner les plats d'un repas, il accompagne tr\u00e8s bien les plats de poissons de mer, de crustac\u00e9s et de seiches. Exceptionnel lorsqu'il est accompagn\u00e9 de fromages gras.<\/h2>\n\t<\/div> [\/vc_column_inner][\/vc_row_inner][\/vc_column][\/vc_row][\/vc_section][vc_row full_width=\u00a0\u00bbstretch_row\u00a0\u00bb css_animation=\u00a0\u00bb\u00a0\u00bb css=\u00a0\u00bb.vc_custom_1759765928225{padding-top: 100px !important;padding-bottom: 90px !important;background-color: #000000 !important;background-position: center !important;background-repeat: no-repeat !important;background-size: cover !important;}\u00a0\u00bb][vc_column css_animation=\u00a0\u00bb\u00a0\u00bb][vc_column_text css_animation=\u00a0\u00bb\u00a0\u00bb el_id=\u00a0\u00bbtit55&Prime;]<\/p>\n<h3 style=\"text-align: center;\">Abonnez-vous \u00e0 la newslette<\/h3>\n<p>[\/vc_column_text]<div class=\"vc_widget vc_widget_mailchimp   \"><div class=\"widget widget_mc4wp_form_widget\"><script>(function() {\n\twindow.mc4wp = window.mc4wp || {\n\t\tlisteners: [],\n\t\tforms: {\n\t\t\ton: function(evt, cb) {\n\t\t\t\twindow.mc4wp.listeners.push(\n\t\t\t\t\t{\n\t\t\t\t\t\tevent   : evt,\n\t\t\t\t\t\tcallback: cb\n\t\t\t\t\t}\n\t\t\t\t);\n\t\t\t}\n\t\t}\n\t}\n})();\n<\/script><!-- Mailchimp for WordPress v4.12.5 - https:\/\/wordpress.org\/plugins\/mailchimp-for-wp\/ --><form id=\"mc4wp-form-1\" class=\"mc4wp-form mc4wp-form-336 mc4wp-form-basic\" method=\"post\" data-id=\"336\" data-name=\"Villenoir\" ><div class=\"mc4wp-form-fields\"><style>\r\n  .input-group-btn:last-child::before{display:none}\r\n  ::placeholder {color:#000000 !important;}\r\n<\/style>\r\n<div id=\"formn\">\r\n<div class=\"form-group text-center\">\r\n\t<label class=\"hidden\">Email address: <\/label>\r\n\t<input class=\"form-control\" style=\"height:50px;border:1px solid #ffffff;border-radius:5px;background:#ffffff;\r\n                                       color:#000000;max-width:100% !important\" type=\"email\" name=\"EMAIL\" placeholder=\"Email\" required \/> \r\n<\/div>\r\n<div class=\"form-check\">\r\n        <input type=\"checkbox\" class=\"form-check-input\" id=\"privacy\" name=\"AGREE_TO_TERMS\" value=\"1\" required=\"\">\r\n             <span class=\"form-check-label\" for=\"privacy\" \r\n                   style=\"margin-top:-25px;display:block;padding-left:20px;font-size:12px; \r\n                          !important;color:#ffffff;line-height:1.4\">\r\n         Autorizzo al trattamento dei miei dati personali per fini di comunicazione commerciale e\/o invio di materiale pubblicitario dell'azienda, secondo l'informativa in materia di dati personali ai sensi del Regolamento Europeo (EU) 2017\/679 \u201cGDPR\u201d.\r\n         <\/span>\r\n    <\/div>  \t\r\n<span class=\"input-group-btn text-center\" style=\"text-align:center\">\r\n    \t<input class=\"btn\" style=\"font-size:20px;border:none;color:#ffffff\" type=\"submit\" value=\"Iscriviti\" \/>\r\n  \t<\/span>\r\n<!-- \/input-group -->\r\n<\/div><\/div><label style=\"display: none !important;\">Laissez ce champ vide si vous \u00eates humain\u00a0: <input type=\"text\" name=\"_mc4wp_honeypot\" value=\"\" tabindex=\"-1\" autocomplete=\"off\" \/><\/label><input type=\"hidden\" name=\"_mc4wp_timestamp\" value=\"1778352006\" \/><input type=\"hidden\" name=\"_mc4wp_form_id\" value=\"336\" \/><input type=\"hidden\" name=\"_mc4wp_form_element_id\" value=\"mc4wp-form-1\" \/><div class=\"mc4wp-response\"><\/div><\/form><!-- \/ Mailchimp for WordPress Plugin --><\/div><\/div>[\/vc_column][\/vc_row]<\/p>\n<\/div>","protected":false},"excerpt":{"rendered":"<p>[vc_row reverse_columns_mobile=\u00a0\u00bbyes\u00a0\u00bb css_animation=\u00a0\u00bb\u00a0\u00bb css=\u00a0\u00bb.vc_custom_1689150708296{margin-bottom: 0px !important;border-bottom-width: 0px !important;padding-bottom: 0px !important;}\u00a0\u00bb][vc_column css_animation=\u00a0\u00bb\u00a0\u00bb][vc_row_inner css_animation=\u00a0\u00bb\u00a0\u00bb css=\u00a0\u00bb.vc_custom_1688565237563{margin-bottom: 0px !important;}\u00a0\u00bb][vc_column_inner width=\u00a0\u00bb1\/2&Prime;][vc_single_image image=\u00a0\u00bb6083&Prime; img_size=\u00a0\u00bbfull\u00a0\u00bb alignment=\u00a0\u00bbcenter\u00a0\u00bb css_animation=\u00a0\u00bb\u00a0\u00bb css=\u00a0\u00bb.vc_custom_1719328369608{margin-bottom: 0px !important;}\u00a0\u00bb][\/vc_column_inner][vc_column_inner width=\u00a0\u00bb1\/2&Prime; css=\u00a0\u00bb.vc_custom_1488885265853{padding: 5% !important;}\u00a0\u00bb][vc_column_text css_animation=\u00a0\u00bb\u00a0\u00bb css=\u00a0\u00bb.vc_custom_1718894073041{margin-bottom: 10px !important;}\u00a0\u00bb] EXPLORER BENACO BRESCIANO I.G.T. [\/vc_column_text][vc_column_text css_animation=\u00a0\u00bb\u00a0\u00bb] VIN BLANC [\/vc_column_text][vc_column_text css_animation=\u00a0\u00bb\u00a0\u00bb] Un vin jamais connu, fruit de l&rsquo;envie d&rsquo;explorer de nouveaux horizons. [\/vc_column_text][vc_column_text css_animation=\u00a0\u00bb\u00a0\u00bb css=\u00a0\u00bb.vc_custom_1697466832960{margin-top:<br class=\"read-more-spacer\"> <a class=\"more-link\" href=\"https:\/\/www.famigliaolivini.com\/fr\/explorer-benaco-bresciano-igt-bianco\/\">Read More<\/a><\/p>\n","protected":false},"author":3,"featured_media":0,"parent":0,"menu_order":0,"comment_status":"closed","ping_status":"closed","template":"","meta":{"footnotes":""},"class_list":["post-4969","page","type-page","status-publish","hentry"],"acf":[],"_links":{"self":[{"href":"https:\/\/www.famigliaolivini.com\/fr\/wp-json\/wp\/v2\/pages\/4969","targetHints":{"allow":["GET"]}}],"collection":[{"href":"https:\/\/www.famigliaolivini.com\/fr\/wp-json\/wp\/v2\/pages"}],"about":[{"href":"https:\/\/www.famigliaolivini.com\/fr\/wp-json\/wp\/v2\/types\/page"}],"author":[{"embeddable":true,"href":"https:\/\/www.famigliaolivini.com\/fr\/wp-json\/wp\/v2\/users\/3"}],"replies":[{"embeddable":true,"href":"https:\/\/www.famigliaolivini.com\/fr\/wp-json\/wp\/v2\/comments?post=4969"}],"version-history":[{"count":16,"href":"https:\/\/www.famigliaolivini.com\/fr\/wp-json\/wp\/v2\/pages\/4969\/revisions"}],"predecessor-version":[{"id":6989,"href":"https:\/\/www.famigliaolivini.com\/fr\/wp-json\/wp\/v2\/pages\/4969\/revisions\/6989"}],"wp:attachment":[{"href":"https:\/\/www.famigliaolivini.com\/fr\/wp-json\/wp\/v2\/media?parent=4969"}],"curies":[{"name":"wp","href":"https:\/\/api.w.org\/{rel}","templated":true}]}}