{"id":4852,"date":"2023-12-04T16:55:02","date_gmt":"2023-12-04T15:55:02","guid":{"rendered":"https:\/\/www.famigliaolivini.com\/?page_id=4852"},"modified":"2025-09-30T16:49:32","modified_gmt":"2025-09-30T14:49:32","slug":"agricoltura-ragionata","status":"publish","type":"page","link":"https:\/\/www.famigliaolivini.com\/fr\/agricoltura-ragionata\/","title":{"rendered":"Agricoltura Ragionata"},"content":{"rendered":"<div class=\"wpb-content-wrapper\"><p>[vc_row css_animation=\u00a0\u00bb\u00a0\u00bb][vc_column width=\u00a0\u00bb1\/5&Prime; css_animation=\u00a0\u00bb\u00a0\u00bb][\/vc_column][vc_column width=\u00a0\u00bb3\/5&Prime; css_animation=\u00a0\u00bb\u00a0\u00bb]\n\t<div class=\"title-subtitle-box  vc_custom_1696945471481 vc_custom_1696945471482 vc_custom_1696945471482\" style=\" text-align: left;\">\n\t\t<h2 style=\" font-style: normal;\">Tous nos vins en vente sont produits selon la philosophie de l'Agricoltura Ragionata\u00ae, une marque d\u00e9pos\u00e9e par notre famille afin de communiquer le respect de notre terre.<\/h2>\n\t<\/div> [\/vc_column][vc_column width=\u00a0\u00bb1\/5&Prime; css_animation=\u00a0\u00bb\u00a0\u00bb][\/vc_column][\/vc_row][vc_row full_width=\u00a0\u00bbstretch_row\u00a0\u00bb css_animation=\u00a0\u00bb\u00a0\u00bb][vc_column css_animation=\u00a0\u00bb\u00a0\u00bb][vc_row_inner equal_height=\u00a0\u00bbyes\u00a0\u00bb content_placement=\u00a0\u00bbtop\u00a0\u00bb css_animation=\u00a0\u00bb\u00a0\u00bb][vc_column_inner width=\u00a0\u00bb1\/2&Prime; css=\u00a0\u00bb.vc_custom_1689622832378{padding-bottom: 5% !important;padding-left: 5% !important;}\u00a0\u00bb]\n\t<div class=\"title-subtitle-box  vc_custom_1696945541687 vc_custom_1696945541688 vc_custom_1696945541688\" style=\" margin-bottom:30px; text-align: left;\">\n\t\t<p  style=\" color:#000000; \">AGRICOLTURA RAGIONATA\u00ae<\/p>\n\t\t<h2 style=\" font-style: normal;\">Il s'agit d'une m\u00e9thode transmise de g\u00e9n\u00e9ration en g\u00e9n\u00e9ration par le fondateur Giuseppe Olivini, une approche de travail qui se concentre sur la sauvegarde du territoire, de la terre elle-m\u00eame et par cons\u00e9quent de ses produits.<\/h2>\n\t<\/div> [vc_column_text css_animation=\u00a0\u00bb\u00a0\u00bb css=\u00a0\u00bb.vc_custom_1696946130839{padding-right: 5% !important;}\u00a0\u00bb]<\/p>\n<div class=\"simpleText\">\n<p>Depuis 2018, Agricoltura Ragionata\u00ae, est une marque d\u00e9pos\u00e9e, qui identifie notre volont\u00e9 d&rsquo;intervenir le moins possible dans les pratiques invasives : tant \u00e0 la campagne que dans la cave, pour nous la terre passe avant tout. Depuis pr\u00e8s de vingt ans, notre entreprise adh\u00e8re aux mesures agro-environnementales qui pr\u00e9voient une utilisation cibl\u00e9e des produits phytosanitaires, nous avons \u00e9galement opt\u00e9 pour certaines pr\u00e9cautions visant \u00e0 la parfaite conservation du produit : par exemple, nous \u00e9vitons l&rsquo;utilisation immod\u00e9r\u00e9e de produits chimiques ou de conservateurs lorsque cela n&rsquo;est pas n\u00e9cessaire, nous recourons plut\u00f4t \u00e0 une technologie recr\u00e9ant les conditions parfaites pour la pr\u00e9servation du vin et de ses qualit\u00e9s organoleptiques. Nous croyons fermement que c&rsquo;est l&rsquo;\u00e9tat de sant\u00e9 du sol et de la vigne qui nous permet d&rsquo;entrer dans un cercle vertueux avec la nature, plus elle est respect\u00e9e, plus elle r\u00e9agit aux difficult\u00e9s sans intervention excessive de l&rsquo;homme.<\/p><\/div>\n<p>[\/vc_column_text][\/vc_column_inner][vc_column_inner width=\u00a0\u00bb1\/2&Prime;][vc_single_image image=\u00a0\u00bb3426&Prime; img_size=\u00a0\u00bbfull\u00a0\u00bb css_animation=\u00a0\u00bb\u00a0\u00bb css=\u00a0\u00bb.vc_custom_1689622768693{margin-bottom: 0px !important;}\u00a0\u00bb][\/vc_column_inner][\/vc_row_inner][\/vc_column][\/vc_row][vc_row full_width=\u00a0\u00bbstretch_row_content_no_spaces\u00a0\u00bb css_animation=\u00a0\u00bb\u00a0\u00bb][vc_column css_animation=\u00a0\u00bb\u00a0\u00bb][vc_raw_html]JTNDdmlkZW8lMEElMjAlMjBjb250cm9scyUwQSUyMCUyMHNyYyUzRCUyMmh0dHBzJTNBJTJGJTJGd3d3LmZhbWlnbGlhb2xpdmluaS5jb20lMkZ3cC1jb250ZW50JTJGdXBsb2FkcyUyRjIwMjMlMkYwOCUyRmFncmljb2x0dXJhLXJhZ2lvbmF0YS1mYW1pZ2xpYS1vbGl2aW5pLTEubXA0JTIyJTIwcG9zdGVyJTNEJTIyaHR0cHMlM0ElMkYlMkZ3d3cuZmFtaWdsaWFvbGl2aW5pLmNvbSUyRndwLWNvbnRlbnQlMkZ1cGxvYWRzJTJGMjAyMyUyRjA4JTJGYWdyaWNvbHR1cmEtcmFnaW9uYXRhLWZhbWlnbGlhLW9saXZpbmktMS5qcGclMjIlMjB3aWR0aCUzRCUyMjEwMCUyNSUyMiUzRSUyMCUyMCUwQSUzQyUyRnZpZGVvJTNF[\/vc_raw_html][\/vc_column][\/vc_row][vc_row css_animation=\u00a0\u00bb\u00a0\u00bb][vc_column width=\u00a0\u00bb1\/5&Prime; css_animation=\u00a0\u00bb\u00a0\u00bb][\/vc_column][vc_column width=\u00a0\u00bb3\/5&Prime; css_animation=\u00a0\u00bb\u00a0\u00bb]\n\t<div class=\"title-subtitle-box  vc_custom_1696947949962 vc_custom_1696947949963 vc_custom_1696947949963\" style=\" text-align: left;\">\n\t\t<h2 style=\" font-style: normal;\">Apr\u00e8s des ann\u00e9es de travail, tout en respectant les certifications officielles europ\u00e9ennes et italiennes, nous avons compris que notre terroir est unique et difficile \u00e0 adapter aux r\u00e8gles g\u00e9n\u00e9rales.<\/h2>\n\t<\/div> \n\t<div class=\"title-subtitle-box  vc_custom_1696947975475 vc_custom_1696947975475 vc_custom_1696947975475\" style=\" text-align: left;\">\n\t\t<h2 style=\" font-style: normal;\">Comme nous ne pouvons pas faire figurer les mentions sur l'\u00e9tiquette, vous pouvez lire ci-dessous un bref r\u00e9sum\u00e9 de notre philosophie et lorsque vous viendrez nous rendre visite \u00e0 la cave, nous serons heureux de vous montrer notre respect envers le terroir et le consommateur.<\/h2>\n\t<\/div> [\/vc_column][vc_column width=\u00a0\u00bb1\/5&Prime; css_animation=\u00a0\u00bb\u00a0\u00bb][\/vc_column][\/vc_row][vc_row full_width=\u00a0\u00bbstretch_row_content_no_spaces\u00a0\u00bb content_placement=\u00a0\u00bbtop\u00a0\u00bb css_animation=\u00a0\u00bb\u00a0\u00bb css=\u00a0\u00bb.vc_custom_1689624119912{padding-top: 0px !important;padding-bottom: 0px !important;background-color: #f1f1f1 !important;}\u00a0\u00bb][vc_column css_animation=\u00a0\u00bb\u00a0\u00bb][vc_gallery type=\u00a0\u00bbflexslider_slide\u00a0\u00bb interval=\u00a0\u00bb3&Prime; images=\u00a0\u00bb3427,3457,3458,3459,3460&Prime; img_size=\u00a0\u00bbfull\u00a0\u00bb onclick=\u00a0\u00bb\u00a0\u00bb css=\u00a0\u00bb.vc_custom_1689778292004{margin-bottom: 0px !important;}\u00a0\u00bb][\/vc_column][\/vc_row][vc_row full_width=\u00a0\u00bbstretch_row\u00a0\u00bb css_animation=\u00a0\u00bb\u00a0\u00bb css=\u00a0\u00bb.vc_custom_1689624753272{margin-top: 50px !important;}\u00a0\u00bb][vc_column css_animation=\u00a0\u00bb\u00a0\u00bb][vc_row_inner equal_height=\u00a0\u00bbyes\u00a0\u00bb content_placement=\u00a0\u00bbtop\u00a0\u00bb css_animation=\u00a0\u00bb\u00a0\u00bb][vc_column_inner width=\u00a0\u00bb1\/2&Prime; offset=\u00a0\u00bbvc_col-lg-6&Prime;][vc_single_image image=\u00a0\u00bb3431&Prime; img_size=\u00a0\u00bbfull\u00a0\u00bb css_animation=\u00a0\u00bb\u00a0\u00bb css=\u00a0\u00bb.vc_custom_1689624680494{margin-bottom: 0px !important;padding-right: 5% !important;}\u00a0\u00bb][\/vc_column_inner][vc_column_inner width=\u00a0\u00bb1\/2&Prime; css=\u00a0\u00bb.vc_custom_1688479433568{padding-right: 5% !important;padding-bottom: 5% !important;padding-left: 5% !important;}\u00a0\u00bb]\n\t<div class=\"title-subtitle-box  vc_custom_1696948265519 vc_custom_1696948265520 vc_custom_1696948265520\" style=\" margin-bottom:25px; text-align: left;\">\n\t\t<p  style=\" color:#000000; \">SUR LA POINTE DES PIEDS<\/p>\n\t\t<h2 style=\" font-style: normal;\">Voici quelques exemples pratiques de notre fa\u00e7on d'agir dans le vignoble:<\/h2>\n\t<\/div> [vc_column_text css_animation=\u00a0\u00bb\u00a0\u00bb]<\/p>\n<ul>\n<li>La lutte contre un parasite difficile comme le pyrale de la vigne n&rsquo;est plus un probl\u00e8me pour nous : nous \u00e9vitons la ponte dans les vignes en pla\u00e7ant au d\u00e9but du printemps des ph\u00e9romones qui provoquent ce que l&rsquo;on appelle la \u00ab confusion sexuelle \u00bb. Les m\u00e2les du pyrale sont perturb\u00e9s par la ph\u00e9romone femelle et cela bloque leur reproduction.<\/li>\n<li>La tonte se fait toujours avec de l&rsquo;herbe haute et en rangs altern\u00e9s : en agissant de la sorte, nous \u00e9vitons l&rsquo;apparition d\u2019infections primaires par le mildiou. De plus l&rsquo;herbe haute sert d&rsquo;abri \u00e0 tous ces insectes \u00ab utiles \u00bb car ce sont les pr\u00e9dateurs d&rsquo;insectes autrement nuisibles pour la vigne.<\/li>\n<li>Une pratique tr\u00e8s importante que nous pratiquons dans nos vignobles est la culture d&rsquo;engrais vert, cette technique ancienne implique l&rsquo;apport de mati\u00e8re organique au sol de la mani\u00e8re la plus naturelle possible, c&rsquo;est-\u00e0-dire en faisant pousser l&rsquo;herbe sem\u00e9e dans la rang\u00e9e puis en l&rsquo;enterrant, ce qui permet d&rsquo;obtenir un double effet d&rsquo;enrichissement du sol et d&rsquo;a\u00e9ration des racines, en redonnant \u00e0 la vigne un \u00e9quilibre v\u00e9g\u00e9tal-productif.<\/li>\n<li>Les fertilisations n\u00e9cessaires \u00e0 la production des plantes sont r\u00e9alis\u00e9es uniquement avec des engrais organiques : en particulier du fumier d&rsquo;origine bovine qui, en plus de fournir les \u00e9l\u00e9ments nutritifs dont la plante a besoin, revitalise le profil microbiologique du sol.<\/li>\n<li>En pr\u00e9sence d&rsquo;\u00e9v\u00e9nements atmosph\u00e9riques particuliers (temp\u00eates de gr\u00eale, gel\u00e9es, s\u00e9cheresses), il peut arriver que, malgr\u00e9 les soins apport\u00e9s \u00e0 la culture, les plantes entrent en stress : dans ces cas-l\u00e0, nous intervenons avec des produits d\u00e9riv\u00e9s des algues, qui revitalisent les vignes en \u00e9vitant l&rsquo;intervention d&rsquo;engrais chimiques.<\/li>\n<li>Toutes ces mesures et bien d&rsquo;autres nous permettent de maintenir en vie et en pleine forme notre terre, qui est de plus en plus peupl\u00e9e d&rsquo;insectes, de lombrics, d&rsquo;escargots, et de tous ces \u00eatres vivants qui contribuent \u00e0 accro\u00eetre la biodiversit\u00e9 de l&rsquo;\u00e9cosyst\u00e8me viticole.<\/li>\n<\/ul>\n<p>[\/vc_column_text][\/vc_column_inner][\/vc_row_inner][\/vc_column][\/vc_row][vc_row css_animation=\u00a0\u00bb\u00a0\u00bb css=\u00a0\u00bb.vc_custom_1689694671981{padding-top: 10px !important;padding-bottom: 0px !important;}\u00a0\u00bb][vc_column width=\u00a0\u00bb1\/5&Prime; css_animation=\u00a0\u00bb\u00a0\u00bb][\/vc_column][vc_column width=\u00a0\u00bb3\/5&Prime; css_animation=\u00a0\u00bb\u00a0\u00bb]\n\t<div class=\"title-subtitle-box  vc_custom_1696948813743 vc_custom_1696948813744\" style=\" text-align: left;\">\n\t\t<h2 style=\" font-style: normal;\">``Le bon vigneron doit entrer dans les vignes sur la pointe des pieds, en d\u00e9rangeant le moins possible tout ce que la nature r\u00e9ussit \u00e0 nous donner seule.``<\/h2>\n\t<\/div> [\/vc_column][vc_column width=\u00a0\u00bb1\/5&Prime; css_animation=\u00a0\u00bb\u00a0\u00bb][\/vc_column][\/vc_row][vc_row full_width=\u00a0\u00bbstretch_row\u00a0\u00bb css_animation=\u00a0\u00bb\u00a0\u00bb css=\u00a0\u00bb.vc_custom_1689624753272{margin-top: 50px !important;}\u00a0\u00bb][vc_column css_animation=\u00a0\u00bb\u00a0\u00bb][vc_row_inner equal_height=\u00a0\u00bbyes\u00a0\u00bb content_placement=\u00a0\u00bbtop\u00a0\u00bb css_animation=\u00a0\u00bb\u00a0\u00bb][vc_column_inner width=\u00a0\u00bb1\/2&Prime; css=\u00a0\u00bb.vc_custom_1688479433568{padding-right: 5% !important;padding-bottom: 5% !important;padding-left: 5% !important;}\u00a0\u00bb]\n\t<div class=\"title-subtitle-box  vc_custom_1696948825097 vc_custom_1696948825097 vc_custom_1696948825097\" style=\" margin-bottom:25px; text-align: left;\">\n\t\t<p  style=\" color:#000000; \">AGIR AVEC INTELLIGENCE<\/p>\n\t\t<h2 style=\" font-style: normal;\">Avec<br \/>\nl\u2019Agricoltura Ragionata\u00ae, nous ne parlons pas seulement des mesures que nous consacrons \u00e0 la campagne, mais aussi de tous les processus du cycle de production dans la cave qui nous m\u00e8nent \u00e0 notre produit final:<\/h2>\n\t<\/div> [vc_column_text css_animation=\u00a0\u00bb\u00a0\u00bb]<\/p>\n<ul>\n<li>D\u00e8s le d\u00e9but de la vinification, nous avons pr\u00e9vu une chambre froide de 100 m\u00e8tres carr\u00e9s : cela nous permet de stocker les raisins qui viennent d&rsquo;\u00eatre r\u00e9colt\u00e9s \u00e0 une temp\u00e9rature de 25-28 \u00b0C, de les refroidir en attendant de les presser pour \u00e9viter les fermentations spontan\u00e9es dues \u00e0 la rupture des grains de raisin et d&rsquo;aller ensuite \u00e0 la tr\u00e9mie avec les raisins en possession de la temp\u00e9rature appropri\u00e9e au processus.<\/li>\n<li>Nous avons pr\u00e9vu un \u00e9changeur de tube \u00e0 tube, entre l&rsquo;\u00e9grappoir et le pressoir, afin de g\u00e9rer la temp\u00e9rature d&rsquo;une mani\u00e8re encore plus pr\u00e9cise, notamment parce que 20 % de notre produit est ensuite trait\u00e9 par mac\u00e9ration \u00e0 froid, une op\u00e9ration qui nous permet une extraction parfaite des propri\u00e9t\u00e9s olfactives et gustatives de la vari\u00e9t\u00e9 en question.<\/li>\n<li>Nos pots \u00e0 vin, adapt\u00e9s au vieillissement du produit, comportent des dispositifs tels que le syst\u00e8me de refroidissement, qui nous permet de mieux pr\u00e9server le produit et ses propri\u00e9t\u00e9s.<\/li>\n<li>Nous avons \u00e9galement un syst\u00e8me d&rsquo;azote sur chaque cuve en acier qui nous permet de le souffler \u00e0 l&rsquo;int\u00e9rieur de la cuve, en \u00e9liminant ainsi l&rsquo;air, pour \u00e9viter l&rsquo;oxydation du produit ou, pire, la formation de moisissures.<\/li>\n<li>Une autre astuce qui nous distingue est de suivre la conservation naturelle du produit : nous d\u00e9cidons de le conserver \u00e0 l&rsquo;int\u00e9rieur des cuves en acier en pr\u00e9sence de levures et de lies qui agissent comme conservateurs naturels, puis nous proc\u00e9dons \u00e0 un m\u00e9lange de la masse afin que tout le produit en b\u00e9n\u00e9ficie.<\/li>\n<li>Quelques jours seulement avant la mise en bouteille, nous proc\u00e9dons \u00e0 la filtration et \u00e0 la clarification du produit, ce qui nous permet de travailler avec de tr\u00e8s faibles niveaux de sulfites qui, dans notre cas, sont inf\u00e9rieurs aux limites autoris\u00e9es par la certification biologique.<\/li>\n<\/ul>\n<p>[\/vc_column_text][\/vc_column_inner][vc_column_inner width=\u00a0\u00bb1\/2&Prime; offset=\u00a0\u00bbvc_col-lg-6&Prime;][vc_single_image image=\u00a0\u00bb3434&Prime; img_size=\u00a0\u00bbfull\u00a0\u00bb css_animation=\u00a0\u00bb\u00a0\u00bb css=\u00a0\u00bb.vc_custom_1689693977843{margin-bottom: 0px !important;padding-right: 5% !important;}\u00a0\u00bb][\/vc_column_inner][\/vc_row_inner][\/vc_column][\/vc_row][vc_row css_animation=\u00a0\u00bb\u00a0\u00bb][vc_column width=\u00a0\u00bb1\/5&Prime; css_animation=\u00a0\u00bb\u00a0\u00bb][\/vc_column][vc_column width=\u00a0\u00bb3\/5&Prime; css_animation=\u00a0\u00bb\u00a0\u00bb]\n\t<div class=\"title-subtitle-box  vc_custom_1696949195944 vc_custom_1696949195944 vc_custom_1696949195944\" style=\" text-align: left;\">\n\t\t<h2 style=\" font-style: normal;\">Pour conclure, avec Agricoltura Ragionata\u00ae, nous entendons exprimer le concept selon lequel l'agriculture est d\u00e9j\u00e0 en soi une des activit\u00e9s humaines les plus proches de la nature. L'homme, avant d'agir de quelque fa\u00e7on que ce soit, doit raisonner en profondeur afin d'interf\u00e9rer le moins possible et de tirer profit de ses cultures, en assurant ainsi la coexistence avec l'\u00e9cosyst\u00e8me viticole dont il fait partie.<\/h2>\n\t<\/div> [\/vc_column][vc_column width=\u00a0\u00bb1\/5&Prime; css_animation=\u00a0\u00bb\u00a0\u00bb][\/vc_column][\/vc_row][vc_row full_width=\u00a0\u00bbstretch_row\u00a0\u00bb css_animation=\u00a0\u00bb\u00a0\u00bb css=\u00a0\u00bb.vc_custom_1759243766389{padding-top: 100px !important;padding-bottom: 90px !important;background-color: #4d5a31 !important;background-position: center !important;background-repeat: no-repeat !important;background-size: cover !important;}\u00a0\u00bb][vc_column css_animation=\u00a0\u00bb\u00a0\u00bb][vc_column_text css_animation=\u00a0\u00bb\u00a0\u00bb el_id=\u00a0\u00bbtit55&Prime;]<\/p>\n<h3 style=\"text-align: center;\">Abonnez-vous \u00e0 la newsletter<\/h3>\n<p>[\/vc_column_text]<div class=\"vc_widget vc_widget_mailchimp   \"><div class=\"widget widget_mc4wp_form_widget\"><script>(function() {\n\twindow.mc4wp = window.mc4wp || {\n\t\tlisteners: [],\n\t\tforms: {\n\t\t\ton: function(evt, cb) {\n\t\t\t\twindow.mc4wp.listeners.push(\n\t\t\t\t\t{\n\t\t\t\t\t\tevent   : evt,\n\t\t\t\t\t\tcallback: cb\n\t\t\t\t\t}\n\t\t\t\t);\n\t\t\t}\n\t\t}\n\t}\n})();\n<\/script><!-- Mailchimp for WordPress v4.12.5 - https:\/\/wordpress.org\/plugins\/mailchimp-for-wp\/ --><form id=\"mc4wp-form-1\" class=\"mc4wp-form mc4wp-form-336 mc4wp-form-basic\" method=\"post\" data-id=\"336\" data-name=\"Villenoir\" ><div class=\"mc4wp-form-fields\"><style>\r\n  .input-group-btn:last-child::before{display:none}\r\n  ::placeholder {color:#000000 !important;}\r\n<\/style>\r\n<div id=\"formn\">\r\n<div class=\"form-group text-center\">\r\n\t<label class=\"hidden\">Email address: <\/label>\r\n\t<input class=\"form-control\" style=\"height:50px;border:1px solid #ffffff;border-radius:5px;background:#ffffff;\r\n                                       color:#000000;max-width:100% !important\" type=\"email\" name=\"EMAIL\" placeholder=\"Email\" required \/> \r\n<\/div>\r\n<div class=\"form-check\">\r\n        <input type=\"checkbox\" class=\"form-check-input\" id=\"privacy\" name=\"AGREE_TO_TERMS\" value=\"1\" required=\"\">\r\n             <span class=\"form-check-label\" for=\"privacy\" \r\n                   style=\"margin-top:-25px;display:block;padding-left:20px;font-size:12px; \r\n                          !important;color:#ffffff;line-height:1.4\">\r\n         Autorizzo al trattamento dei miei dati personali per fini di comunicazione commerciale e\/o invio di materiale pubblicitario dell'azienda, secondo l'informativa in materia di dati personali ai sensi del Regolamento Europeo (EU) 2017\/679 \u201cGDPR\u201d.\r\n         <\/span>\r\n    <\/div>  \t\r\n<span class=\"input-group-btn text-center\" style=\"text-align:center\">\r\n    \t<input class=\"btn\" style=\"font-size:20px;border:none;color:#ffffff\" type=\"submit\" value=\"Iscriviti\" \/>\r\n  \t<\/span>\r\n<!-- \/input-group -->\r\n<\/div><\/div><label style=\"display: none !important;\">Laissez ce champ vide si vous \u00eates humain\u00a0: <input type=\"text\" name=\"_mc4wp_honeypot\" value=\"\" tabindex=\"-1\" autocomplete=\"off\" \/><\/label><input type=\"hidden\" name=\"_mc4wp_timestamp\" value=\"1778356486\" \/><input type=\"hidden\" name=\"_mc4wp_form_id\" value=\"336\" \/><input type=\"hidden\" name=\"_mc4wp_form_element_id\" value=\"mc4wp-form-1\" \/><div class=\"mc4wp-response\"><\/div><\/form><!-- \/ Mailchimp for WordPress Plugin --><\/div><\/div>[\/vc_column][\/vc_row]<\/p>\n<\/div>","protected":false},"excerpt":{"rendered":"<p>[vc_row css_animation=\u00a0\u00bb\u00a0\u00bb][vc_column width=\u00a0\u00bb1\/5&Prime; css_animation=\u00a0\u00bb\u00a0\u00bb][\/vc_column][vc_column width=\u00a0\u00bb3\/5&Prime; css_animation=\u00a0\u00bb\u00a0\u00bb][\/vc_column][vc_column width=\u00a0\u00bb1\/5&Prime; css_animation=\u00a0\u00bb\u00a0\u00bb][\/vc_column][\/vc_row][vc_row full_width=\u00a0\u00bbstretch_row\u00a0\u00bb css_animation=\u00a0\u00bb\u00a0\u00bb][vc_column css_animation=\u00a0\u00bb\u00a0\u00bb][vc_row_inner equal_height=\u00a0\u00bbyes\u00a0\u00bb content_placement=\u00a0\u00bbtop\u00a0\u00bb css_animation=\u00a0\u00bb\u00a0\u00bb][vc_column_inner width=\u00a0\u00bb1\/2&Prime; css=\u00a0\u00bb.vc_custom_1689622832378{padding-bottom: 5% !important;padding-left: 5% !important;}\u00a0\u00bb][vc_column_text css_animation=\u00a0\u00bb\u00a0\u00bb css=\u00a0\u00bb.vc_custom_1696946130839{padding-right: 5% !important;}\u00a0\u00bb] Depuis 2018, Agricoltura Ragionata\u00ae, est une marque d\u00e9pos\u00e9e, qui identifie notre volont\u00e9 d&rsquo;intervenir le moins possible dans les pratiques invasives : tant \u00e0 la campagne que dans la cave, pour nous<br class=\"read-more-spacer\"> <a class=\"more-link\" href=\"https:\/\/www.famigliaolivini.com\/fr\/agricoltura-ragionata\/\">Read More<\/a><\/p>\n","protected":false},"author":1,"featured_media":0,"parent":0,"menu_order":0,"comment_status":"closed","ping_status":"closed","template":"","meta":{"footnotes":""},"class_list":["post-4852","page","type-page","status-publish","hentry"],"acf":[],"_links":{"self":[{"href":"https:\/\/www.famigliaolivini.com\/fr\/wp-json\/wp\/v2\/pages\/4852","targetHints":{"allow":["GET"]}}],"collection":[{"href":"https:\/\/www.famigliaolivini.com\/fr\/wp-json\/wp\/v2\/pages"}],"about":[{"href":"https:\/\/www.famigliaolivini.com\/fr\/wp-json\/wp\/v2\/types\/page"}],"author":[{"embeddable":true,"href":"https:\/\/www.famigliaolivini.com\/fr\/wp-json\/wp\/v2\/users\/1"}],"replies":[{"embeddable":true,"href":"https:\/\/www.famigliaolivini.com\/fr\/wp-json\/wp\/v2\/comments?post=4852"}],"version-history":[{"count":38,"href":"https:\/\/www.famigliaolivini.com\/fr\/wp-json\/wp\/v2\/pages\/4852\/revisions"}],"predecessor-version":[{"id":6804,"href":"https:\/\/www.famigliaolivini.com\/fr\/wp-json\/wp\/v2\/pages\/4852\/revisions\/6804"}],"wp:attachment":[{"href":"https:\/\/www.famigliaolivini.com\/fr\/wp-json\/wp\/v2\/media?parent=4852"}],"curies":[{"name":"wp","href":"https:\/\/api.w.org\/{rel}","templated":true}]}}