{"id":4842,"date":"2023-12-04T16:55:12","date_gmt":"2023-12-04T15:55:12","guid":{"rendered":"https:\/\/www.famigliaolivini.com\/?page_id=4842"},"modified":"2026-03-05T12:56:38","modified_gmt":"2026-03-05T11:56:38","slug":"prodotti","status":"publish","type":"page","link":"https:\/\/www.famigliaolivini.com\/fr\/prodotti\/","title":{"rendered":"Prodotti"},"content":{"rendered":"<div class=\"wpb-content-wrapper\"><p>[vc_row css_animation=\u00a0\u00bb\u00a0\u00bb][vc_column width=\u00a0\u00bb3\/5&Prime; css_animation=\u00a0\u00bb\u00a0\u00bb]\n\t<div class=\"title-subtitle-box \" style=\" text-align: left;\">\n\t\t<p  style=\" color:#000000; \">LES PRODUITS<\/p>\n\t\t<h1 style=\" font-style: normal;\">La collection<br \/>\nFamiglia Olivini<\/h1>\n\t<\/div> [vc_column_text css_animation=\u00a0\u00bb\u00a0\u00bb]La min\u00e9ralit\u00e9 a \u00e9t\u00e9 transf\u00e9r\u00e9e aux vins de Lugana, le pouvoir et l&rsquo;\u00e9l\u00e9gance de la nuit \u00e0 San Martino, la richesse de la copropri\u00e9t\u00e9, la long\u00e9vit\u00e9, la fra\u00eecheur et le caract\u00e8re des vins mousseux. Tous les cadeaux que notre terre nous donne. Notre seule pr\u00e9occupation est de pouvoir les appr\u00e9cier pleinement et de savoir comment les partager.[\/vc_column_text][\/vc_column][vc_column width=\u00a0\u00bb2\/5&Prime; css_animation=\u00a0\u00bb\u00a0\u00bb][\/vc_column][\/vc_row][vc_row content_placement=\u00a0\u00bbbottom\u00a0\u00bb css_animation=\u00a0\u00bb\u00a0\u00bb css=\u00a0\u00bb.vc_custom_1702388541359{margin-top: 0px !important;margin-bottom: 0px !important;border-bottom-width: 0px !important;padding-top: 0px !important;}\u00a0\u00bb][vc_column width=\u00a0\u00bb1\/3&Prime; css_animation=\u00a0\u00bb\u00a0\u00bb][vc_single_image image=\u00a0\u00bb7280&Prime; img_size=\u00a0\u00bbfull\u00a0\u00bb alignment=\u00a0\u00bbcenter\u00a0\u00bb css_animation=\u00a0\u00bb\u00a0\u00bb][vc_column_text css_animation=\u00a0\u00bb\u00a0\u00bb]<\/p>\n<h5 style=\"text-align: center;\">ELEMENTO LUGANA D.O.C<\/h5>\n<p>[\/vc_column_text][vc_column_text css_animation=\u00a0\u00bb\u00a0\u00bb]<\/p>\n<div class=\"infoprod\" style=\"text-align: center;\"><a href=\"https:\/\/www.famigliaolivini.com\/fr\/lugana-d-o-c\/\">INFO PRODUIT<\/a><\/div>\n<p>[\/vc_column_text][\/vc_column][vc_column width=\u00a0\u00bb1\/3&Prime; css_animation=\u00a0\u00bb\u00a0\u00bb][vc_single_image image=\u00a0\u00bb7285&Prime; img_size=\u00a0\u00bbfull\u00a0\u00bb alignment=\u00a0\u00bbcenter\u00a0\u00bb css_animation=\u00a0\u00bb\u00a0\u00bb][vc_column_text css_animation=\u00a0\u00bb\u00a0\u00bb]<\/p>\n<h5 style=\"text-align: center;\">DEMESSE VECCHIE<\/h5>\n<p>[\/vc_column_text][vc_column_text css_animation=\u00a0\u00bb\u00a0\u00bb]<\/p>\n<div class=\"infoprod\" style=\"text-align: center;\"><a href=\"https:\/\/www.famigliaolivini.com\/fr\/demesse-vecchie-lugana-d-o-c\/\">INFO PRODUIT<\/a><\/div>\n<p>[\/vc_column_text][\/vc_column][vc_column width=\u00a0\u00bb1\/3&Prime; css_animation=\u00a0\u00bb\u00a0\u00bb][vc_single_image image=\u00a0\u00bb6095&Prime; img_size=\u00a0\u00bbfull\u00a0\u00bb alignment=\u00a0\u00bbcenter\u00a0\u00bb css_animation=\u00a0\u00bb\u00a0\u00bb][vc_column_text css_animation=\u00a0\u00bb\u00a0\u00bb]<\/p>\n<h5 style=\"text-align: center;\">EXPLORER<\/h5>\n<p>[\/vc_column_text][vc_column_text css_animation=\u00a0\u00bb\u00a0\u00bb]<\/p>\n<div class=\"infoprod\" style=\"text-align: center;\"><a href=\"https:\/\/www.famigliaolivini.com\/fr\/explorer-benaco-bresciano-igt-bianco\/\">INFO PRODUIT<\/a><\/div>\n<p>[\/vc_column_text][\/vc_column][\/vc_row][vc_row content_placement=\u00a0\u00bbbottom\u00a0\u00bb css_animation=\u00a0\u00bb\u00a0\u00bb css=\u00a0\u00bb.vc_custom_1702388541359{margin-top: 0px !important;margin-bottom: 0px !important;border-bottom-width: 0px !important;padding-top: 0px !important;}\u00a0\u00bb][vc_column width=\u00a0\u00bb1\/3&Prime; css_animation=\u00a0\u00bb\u00a0\u00bb][vc_single_image image=\u00a0\u00bb6016&Prime; img_size=\u00a0\u00bbfull\u00a0\u00bb css_animation=\u00a0\u00bb\u00a0\u00bb][vc_column_text css_animation=\u00a0\u00bb\u00a0\u00bb]<\/p>\n<h5 style=\"text-align: center;\">LUGANA D.O.C BRUT<\/h5>\n<p>[\/vc_column_text][vc_column_text css_animation=\u00a0\u00bb\u00a0\u00bb]<\/p>\n<div class=\"infoprod\" style=\"text-align: center;\"><a href=\"https:\/\/www.famigliaolivini.com\/fr\/lugana-d-o-c-brut\/\">INFO PRODUIT<\/a><\/div>\n<p>[\/vc_column_text][\/vc_column][vc_column width=\u00a0\u00bb1\/3&Prime; css_animation=\u00a0\u00bb\u00a0\u00bb][vc_single_image image=\u00a0\u00bb5229&Prime; img_size=\u00a0\u00bbfull\u00a0\u00bb alignment=\u00a0\u00bbcenter\u00a0\u00bb css_animation=\u00a0\u00bb\u00a0\u00bb][vc_column_text css_animation=\u00a0\u00bb\u00a0\u00bb]<\/p>\n<h5 style=\"text-align: center;\">LUGANA D.O.C EXTRA BRUT<\/h5>\n<p>[\/vc_column_text][vc_column_text css_animation=\u00a0\u00bb\u00a0\u00bb]<\/p>\n<div class=\"infoprod\" style=\"text-align: center;\"><a href=\"#\">INFO PRODUIT<\/a><\/div>\n<p>[\/vc_column_text][\/vc_column][vc_column width=\u00a0\u00bb1\/3&Prime; css_animation=\u00a0\u00bb\u00a0\u00bb][vc_single_image image=\u00a0\u00bb7121&Prime; img_size=\u00a0\u00bbfull\u00a0\u00bb alignment=\u00a0\u00bbcenter\u00a0\u00bb css_animation=\u00a0\u00bb\u00a0\u00bb][vc_column_text css_animation=\u00a0\u00bb\u00a0\u00bb]<\/p>\n<h5 style=\"text-align: center;\">DICIANNOVE MARZO-DOSAGGIO ZERO<\/h5>\n<p>[\/vc_column_text][vc_column_text css_animation=\u00a0\u00bb\u00a0\u00bb]<\/p>\n<div class=\"infoprod\" style=\"text-align: center;\"><a href=\"https:\/\/www.famigliaolivini.com\/fr\/diciannove-marzo-pas-dose\/\">INFO PRODUIT<\/a><\/div>\n<p>[\/vc_column_text][\/vc_column][\/vc_row][vc_row content_placement=\u00a0\u00bbbottom\u00a0\u00bb css_animation=\u00a0\u00bb\u00a0\u00bb css=\u00a0\u00bb.vc_custom_1702388541359{margin-top: 0px !important;margin-bottom: 0px !important;border-bottom-width: 0px !important;padding-top: 0px !important;}\u00a0\u00bb][vc_column width=\u00a0\u00bb1\/3&Prime; css_animation=\u00a0\u00bb\u00a0\u00bb][vc_single_image image=\u00a0\u00bb5258&Prime; img_size=\u00a0\u00bbfull\u00a0\u00bb alignment=\u00a0\u00bbcenter\u00a0\u00bb css_animation=\u00a0\u00bb\u00a0\u00bb][vc_column_text css_animation=\u00a0\u00bb\u00a0\u00bb]<\/p>\n<h5 style=\"text-align: center;\">ROS\u00c8 BRUT<\/h5>\n<p>[\/vc_column_text][vc_column_text css_animation=\u00a0\u00bb\u00a0\u00bb]<\/p>\n<div class=\"infoprod\" style=\"text-align: center;\"><a href=\"https:\/\/www.famigliaolivini.com\/fr\/rose-brut-riviera-del-garda-classico-d-o-c\/\">INFO PRODUIT<\/a><\/div>\n<p>[\/vc_column_text][\/vc_column][vc_column width=\u00a0\u00bb1\/3&Prime; css_animation=\u00a0\u00bb\u00a0\u00bb][vc_single_image image=\u00a0\u00bb7168&Prime; img_size=\u00a0\u00bbfull\u00a0\u00bb alignment=\u00a0\u00bbcenter\u00a0\u00bb css_animation=\u00a0\u00bb\u00a0\u00bb][vc_column_text css_animation=\u00a0\u00bb\u00a0\u00bb]<\/p>\n<h5 style=\"text-align: center;\">ANALUNA CHIARETTO D.O.C<\/h5>\n<p>[\/vc_column_text][vc_column_text css_animation=\u00a0\u00bb\u00a0\u00bb]<\/p>\n<div class=\"infoprod\" style=\"text-align: center;\"><a href=\"https:\/\/www.famigliaolivini.com\/fr\/chiaretto-doc-riviera-del-garda-classico\/\">INFO PRODUIT<\/a><\/div>\n<p>[\/vc_column_text][\/vc_column][vc_column width=\u00a0\u00bb1\/3&Prime; css_animation=\u00a0\u00bb\u00a0\u00bb][vc_single_image image=\u00a0\u00bb6100&Prime; img_size=\u00a0\u00bbfull\u00a0\u00bb alignment=\u00a0\u00bbcenter\u00a0\u00bb css_animation=\u00a0\u00bb\u00a0\u00bb][vc_column_text css_animation=\u00a0\u00bb\u00a0\u00bb]<\/p>\n<h5 style=\"text-align: center;\">NOTTE A SAN MARTINO<\/h5>\n<p>[\/vc_column_text][vc_column_text css_animation=\u00a0\u00bb\u00a0\u00bb]<\/p>\n<div class=\"infoprod\" style=\"text-align: center;\"><a href=\"https:\/\/www.famigliaolivini.com\/fr\/notte-a-san-martino-benaco-bresciano-igt-merlot\/\">INFO PRODUIT<\/a><\/div>\n<p>[\/vc_column_text][\/vc_column][\/vc_row][vc_row content_placement=\u00a0\u00bbbottom\u00a0\u00bb css_animation=\u00a0\u00bb\u00a0\u00bb css=\u00a0\u00bb.vc_custom_1702388541359{margin-top: 0px !important;margin-bottom: 0px !important;border-bottom-width: 0px !important;padding-top: 0px !important;}\u00a0\u00bb][vc_column width=\u00a0\u00bb1\/3&Prime; css_animation=\u00a0\u00bb\u00a0\u00bb][vc_single_image image=\u00a0\u00bb3503&Prime; img_size=\u00a0\u00bbfull\u00a0\u00bb alignment=\u00a0\u00bbcenter\u00a0\u00bb css_animation=\u00a0\u00bb\u00a0\u00bb][vc_column_text css_animation=\u00a0\u00bb\u00a0\u00bb]<\/p>\n<h5 style=\"text-align: center;\">CONDOLCEZZA<\/h5>\n<p>[\/vc_column_text][vc_column_text css_animation=\u00a0\u00bb\u00a0\u00bb]<\/p>\n<div class=\"infoprod\" style=\"text-align: center;\"><a href=\"https:\/\/www.famigliaolivini.com\/fr\/condolcezza-vino-bianco-dolce\/\">INFO PRODUIT<\/a><\/div>\n<p>[\/vc_column_text][\/vc_column][vc_column width=\u00a0\u00bb1\/3&Prime; css_animation=\u00a0\u00bb\u00a0\u00bb][\/vc_column][vc_column width=\u00a0\u00bb1\/3&Prime; css_animation=\u00a0\u00bb\u00a0\u00bb][\/vc_column][\/vc_row][vc_row content_placement=\u00a0\u00bbbottom\u00a0\u00bb css_animation=\u00a0\u00bb\u00a0\u00bb css=\u00a0\u00bb.vc_custom_1702388541359{margin-top: 0px !important;margin-bottom: 0px !important;border-bottom-width: 0px !important;padding-top: 0px !important;}\u00a0\u00bb][vc_column width=\u00a0\u00bb1\/3&Prime; css_animation=\u00a0\u00bb\u00a0\u00bb][vc_single_image image=\u00a0\u00bb3508&Prime; img_size=\u00a0\u00bbfull\u00a0\u00bb alignment=\u00a0\u00bbcenter\u00a0\u00bb css_animation=\u00a0\u00bb\u00a0\u00bb][vc_column_text css_animation=\u00a0\u00bb\u00a0\u00bb]<\/p>\n<h5 style=\"text-align: center;\">GRAPPA DI LUGANA<\/h5>\n<p>[\/vc_column_text][vc_column_text css_animation=\u00a0\u00bb\u00a0\u00bb]<\/p>\n<div class=\"infoprod\" style=\"text-align: center;\"><a href=\"https:\/\/www.famigliaolivini.com\/fr\/grappa-di-lugana\/\">INFO PRODUIT<\/a><\/div>\n<p>[\/vc_column_text][\/vc_column][vc_column width=\u00a0\u00bb1\/3&Prime; css_animation=\u00a0\u00bb\u00a0\u00bb][vc_single_image image=\u00a0\u00bb3509&Prime; img_size=\u00a0\u00bbfull\u00a0\u00bb alignment=\u00a0\u00bbcenter\u00a0\u00bb css_animation=\u00a0\u00bb\u00a0\u00bb][vc_column_text css_animation=\u00a0\u00bb\u00a0\u00bb]<\/p>\n<h5 style=\"text-align: center;\">GRAPPA DI LUGANA INVECCHIATA<\/h5>\n<p>[\/vc_column_text][vc_column_text css_animation=\u00a0\u00bb\u00a0\u00bb]<\/p>\n<div class=\"infoprod\" style=\"text-align: center;\"><a href=\"https:\/\/www.famigliaolivini.com\/fr\/grappa-di-lugana-invecchiata\/\">INFO PRODUIT<\/a><\/div>\n<p>[\/vc_column_text][\/vc_column][vc_column width=\u00a0\u00bb1\/3&Prime; css_animation=\u00a0\u00bb\u00a0\u00bb][vc_single_image image=\u00a0\u00bb3511&Prime; img_size=\u00a0\u00bbfull\u00a0\u00bb alignment=\u00a0\u00bbcenter\u00a0\u00bb css_animation=\u00a0\u00bb\u00a0\u00bb][vc_column_text css_animation=\u00a0\u00bb\u00a0\u00bb]<\/p>\n<h5 style=\"text-align: center;\">GRAPPA NOTTE A SAN MARTINO<\/h5>\n<p>[\/vc_column_text][vc_column_text css_animation=\u00a0\u00bb\u00a0\u00bb]<\/p>\n<div class=\"infoprod\" style=\"text-align: center;\"><a href=\"https:\/\/www.famigliaolivini.com\/fr\/grappa-di-merlot-notte-a-san-martino\/\">INFO PRODUIT<\/a><\/div>\n<p>[\/vc_column_text][\/vc_column][\/vc_row][vc_row css_animation=\u00a0\u00bb\u00a0\u00bb css=\u00a0\u00bb.vc_custom_1689865539031{margin-bottom: 0px !important;padding-top: 0px !important;padding-bottom: 0px !important;}\u00a0\u00bb][vc_column width=\u00a0\u00bb1\/3&Prime; css_animation=\u00a0\u00bb\u00a0\u00bb css=\u00a0\u00bb.vc_custom_1702039312124{margin-top: 0px !important;margin-right: 0px !important;margin-bottom: 0px !important;margin-left: 0px !important;padding-top: 0px !important;padding-right: 0px !important;padding-bottom: 0px !important;padding-left: 0px !important;}\u00a0\u00bb css_mobile=\u00a0\u00bb.vc_custom_1702039312124{margin-top: 80px !important;}\u00a0\u00bb][vc_single_image image=\u00a0\u00bb3512&Prime; img_size=\u00a0\u00bbfull\u00a0\u00bb alignment=\u00a0\u00bbcenter\u00a0\u00bb css_animation=\u00a0\u00bb\u00a0\u00bb][vc_column_text css_animation=\u00a0\u00bb\u00a0\u00bb]<\/p>\n<h5 style=\"text-align: center;\">HUILE D\u2019OLIVE VIERGE EXTRA<\/h5>\n<p>[\/vc_column_text][vc_column_text css_animation=\u00a0\u00bb\u00a0\u00bb]<\/p>\n<div class=\"infoprod\" style=\"text-align: center;\"><a href=\"https:\/\/www.famigliaolivini.com\/fr\/olio-extra-vergine-di-oliva\/\">INFO PRODUIT<\/a><\/div>\n<p>[\/vc_column_text][\/vc_column][vc_column width=\u00a0\u00bb1\/3&Prime; css_animation=\u00a0\u00bb\u00a0\u00bb css=\u00a0\u00bb.vc_custom_1702035329390{margin: 0px !important;padding: 0px !important;}\u00a0\u00bb][\/vc_column][vc_column width=\u00a0\u00bb1\/3&Prime; css_animation=\u00a0\u00bb\u00a0\u00bb][\/vc_column][\/vc_row][vc_row css_animation=\u00a0\u00bb\u00a0\u00bb][vc_column css_animation=\u00a0\u00bb\u00a0\u00bb][\/vc_column][\/vc_row][vc_row full_width=\u00a0\u00bbstretch_row\u00a0\u00bb css_animation=\u00a0\u00bb\u00a0\u00bb css=\u00a0\u00bb.vc_custom_1759405207482{padding-top: 100px !important;padding-bottom: 90px !important;background-color: #4e5b32 !important;background-position: center !important;background-repeat: no-repeat !important;background-size: cover !important;}\u00a0\u00bb][vc_column css_animation=\u00a0\u00bb\u00a0\u00bb][vc_column_text css_animation=\u00a0\u00bb\u00a0\u00bb el_id=\u00a0\u00bbtit55&Prime;]<\/p>\n<h3 style=\"text-align: center;\">Abonnez-vous \u00e0 la newsletter<\/h3>\n<p>[\/vc_column_text]<div class=\"vc_widget vc_widget_mailchimp   \"><div class=\"widget widget_mc4wp_form_widget\"><script>(function() {\n\twindow.mc4wp = window.mc4wp || {\n\t\tlisteners: [],\n\t\tforms: {\n\t\t\ton: function(evt, cb) {\n\t\t\t\twindow.mc4wp.listeners.push(\n\t\t\t\t\t{\n\t\t\t\t\t\tevent   : evt,\n\t\t\t\t\t\tcallback: cb\n\t\t\t\t\t}\n\t\t\t\t);\n\t\t\t}\n\t\t}\n\t}\n})();\n<\/script><!-- Mailchimp for WordPress v4.12.2 - https:\/\/wordpress.org\/plugins\/mailchimp-for-wp\/ --><form id=\"mc4wp-form-1\" class=\"mc4wp-form mc4wp-form-336 mc4wp-form-basic\" method=\"post\" data-id=\"336\" data-name=\"Villenoir\" ><div class=\"mc4wp-form-fields\"><style>\r\n  .input-group-btn:last-child::before{display:none}\r\n  ::placeholder {color:#000000 !important;}\r\n<\/style>\r\n<div id=\"formn\">\r\n<div class=\"form-group text-center\">\r\n\t<label class=\"hidden\">Email address: <\/label>\r\n\t<input class=\"form-control\" style=\"height:50px;border:1px solid #ffffff;border-radius:5px;background:#ffffff;\r\n                                       color:#000000;max-width:100% !important\" type=\"email\" name=\"EMAIL\" placeholder=\"Email\" required \/> \r\n<\/div>\r\n<div class=\"form-check\">\r\n        <input type=\"checkbox\" class=\"form-check-input\" id=\"privacy\" name=\"AGREE_TO_TERMS\" value=\"1\" required=\"\">\r\n             <span class=\"form-check-label\" for=\"privacy\" \r\n                   style=\"margin-top:-25px;display:block;padding-left:20px;font-size:12px; \r\n                          !important;color:#ffffff;line-height:1.4\">\r\n         Autorizzo al trattamento dei miei dati personali per fini di comunicazione commerciale e\/o invio di materiale pubblicitario dell'azienda, secondo l'informativa in materia di dati personali ai sensi del Regolamento Europeo (EU) 2017\/679 \u201cGDPR\u201d.\r\n         <\/span>\r\n    <\/div>  \t\r\n<span class=\"input-group-btn text-center\" style=\"text-align:center\">\r\n    \t<input class=\"btn\" style=\"font-size:20px;border:none;color:#ffffff\" type=\"submit\" value=\"Iscriviti\" \/>\r\n  \t<\/span>\r\n<!-- \/input-group -->\r\n<\/div><\/div><label style=\"display: none !important;\">Laissez ce champ vide si vous \u00eates humain\u00a0: <input type=\"text\" name=\"_mc4wp_honeypot\" value=\"\" tabindex=\"-1\" autocomplete=\"off\" \/><\/label><input type=\"hidden\" name=\"_mc4wp_timestamp\" value=\"1777437614\" \/><input type=\"hidden\" name=\"_mc4wp_form_id\" value=\"336\" \/><input type=\"hidden\" name=\"_mc4wp_form_element_id\" value=\"mc4wp-form-1\" \/><div class=\"mc4wp-response\"><\/div><\/form><!-- \/ Mailchimp for WordPress Plugin --><\/div><\/div>[\/vc_column][\/vc_row]<\/p>\n<\/div>","protected":false},"excerpt":{"rendered":"<p>[vc_row css_animation=\u00a0\u00bb\u00a0\u00bb][vc_column width=\u00a0\u00bb3\/5&Prime; css_animation=\u00a0\u00bb\u00a0\u00bb][vc_column_text css_animation=\u00a0\u00bb\u00a0\u00bb]La min\u00e9ralit\u00e9 a \u00e9t\u00e9 transf\u00e9r\u00e9e aux vins de Lugana, le pouvoir et l&rsquo;\u00e9l\u00e9gance de la nuit \u00e0 San Martino, la richesse de la copropri\u00e9t\u00e9, la long\u00e9vit\u00e9, la fra\u00eecheur et le caract\u00e8re des vins mousseux. Tous les cadeaux que notre terre nous donne. Notre seule pr\u00e9occupation est de pouvoir les appr\u00e9cier pleinement<br class=\"read-more-spacer\"> <a class=\"more-link\" href=\"https:\/\/www.famigliaolivini.com\/fr\/prodotti\/\">Read More<\/a><\/p>\n","protected":false},"author":3,"featured_media":0,"parent":0,"menu_order":0,"comment_status":"closed","ping_status":"closed","template":"","meta":{"footnotes":""},"class_list":["post-4842","page","type-page","status-publish","hentry"],"acf":[],"_links":{"self":[{"href":"https:\/\/www.famigliaolivini.com\/fr\/wp-json\/wp\/v2\/pages\/4842","targetHints":{"allow":["GET"]}}],"collection":[{"href":"https:\/\/www.famigliaolivini.com\/fr\/wp-json\/wp\/v2\/pages"}],"about":[{"href":"https:\/\/www.famigliaolivini.com\/fr\/wp-json\/wp\/v2\/types\/page"}],"author":[{"embeddable":true,"href":"https:\/\/www.famigliaolivini.com\/fr\/wp-json\/wp\/v2\/users\/3"}],"replies":[{"embeddable":true,"href":"https:\/\/www.famigliaolivini.com\/fr\/wp-json\/wp\/v2\/comments?post=4842"}],"version-history":[{"count":30,"href":"https:\/\/www.famigliaolivini.com\/fr\/wp-json\/wp\/v2\/pages\/4842\/revisions"}],"predecessor-version":[{"id":7293,"href":"https:\/\/www.famigliaolivini.com\/fr\/wp-json\/wp\/v2\/pages\/4842\/revisions\/7293"}],"wp:attachment":[{"href":"https:\/\/www.famigliaolivini.com\/fr\/wp-json\/wp\/v2\/media?parent=4842"}],"curies":[{"name":"wp","href":"https:\/\/api.w.org\/{rel}","templated":true}]}}