{"id":4837,"date":"2023-12-04T16:55:09","date_gmt":"2023-12-04T15:55:09","guid":{"rendered":"https:\/\/www.famigliaolivini.com\/?page_id=4837"},"modified":"2025-10-07T16:28:10","modified_gmt":"2025-10-07T14:28:10","slug":"location","status":"publish","type":"page","link":"https:\/\/www.famigliaolivini.com\/fr\/location\/","title":{"rendered":"Location"},"content":{"rendered":"<div class=\"wpb-content-wrapper\"><p>[vc_row full_width=\u00a0\u00bbstretch_row\u00a0\u00bb css_animation=\u00a0\u00bb\u00a0\u00bb][vc_column css_animation=\u00a0\u00bb\u00a0\u00bb][vc_row_inner equal_height=\u00a0\u00bbyes\u00a0\u00bb content_placement=\u00a0\u00bbtop\u00a0\u00bb css_animation=\u00a0\u00bb\u00a0\u00bb][vc_column_inner width=\u00a0\u00bb1\/2&Prime;][vc_single_image image=\u00a0\u00bb7050&Prime; img_size=\u00a0\u00bbfull\u00a0\u00bb css_animation=\u00a0\u00bb\u00a0\u00bb css=\u00a0\u00bb.vc_custom_1759847262128{margin-bottom: 0px !important;}\u00a0\u00bb][\/vc_column_inner][vc_column_inner width=\u00a0\u00bb1\/2&Prime; css=\u00a0\u00bb.vc_custom_1689601515851{padding-bottom: 5% !important;padding-left: 5% !important;}\u00a0\u00bb]\n\t<div class=\"title-subtitle-box  vc_custom_1696928419085 vc_custom_1696928419085 vc_custom_1696928419086\" style=\" margin-bottom:50px; text-align: left;\">\n\t\t<p  style=\" color:#000000; \">LES ESPACES<\/p>\n\t\t<h1 style=\" font-style: normal;\">Polyvalent et raffin\u00e9, notre site convient \u00e0 de nombreux \u00e9v\u00e9nements comme les mariages et les r\u00e9unions d'entreprise.<\/h1>\n\t<\/div> \n\t<div class=\"title-subtitle-box  vc_custom_1696928781337 vc_custom_1696928781338\" style=\" text-align: left;\">\n\t\t<h6 style=\" color:#000000;  font-style: normal;\">L'ORGANISATION<\/h6>\n\t<\/div> [vc_column_text css_animation=\u00a0\u00bb\u00a0\u00bb css=\u00a0\u00bb.vc_custom_1696928803256{padding-right: 60px !important;}\u00a0\u00bb]Nous sommes \u00e0 votre disposition pour \u00e9valuer et g\u00e9rer ensemble tous vos besoins, en collaborant avec les traiteurs les plus renomm\u00e9s de notre r\u00e9gion et en garantissant la qualit\u00e9 et le professionnalisme de tous vos \u00e9v\u00e9nements.[\/vc_column_text]\n\t<div class=\"title-subtitle-box  vc_custom_1696928837352 vc_custom_1696928837352\" style=\" text-align: left;\">\n\t\t<h6 style=\" color:#000000;  font-style: normal;\">LE LIEU<\/h6>\n\t<\/div> [vc_column_text css_animation=\u00a0\u00bb\u00a0\u00bb css=\u00a0\u00bb.vc_custom_1696928854647{padding-right: 60px !important;}\u00a0\u00bb]La cave de la Famiglia Olivini est situ\u00e9e \u00e0 San Martino della Battaglia, commune de Desenzano, \u00e0 seulement 2 km de la sortie de l&rsquo;autoroute A4 de Sirmione, dans une position strat\u00e9gique entre les villes de V\u00e9rone et de Brescia, qui ne sont qu\u2019\u00e0 un peu plus de 20 minutes.[\/vc_column_text]\n\t<div class=\"title-subtitle-box  vc_custom_1696928876441 vc_custom_1696928876441\" style=\" text-align: left;\">\n\t\t<h6 style=\" color:#000000;  font-style: normal;\">LE TERRITOIRE<\/h6>\n\t<\/div> [vc_column_text css_animation=\u00a0\u00bb\u00a0\u00bb css=\u00a0\u00bb.vc_custom_1696928896813{padding-right: 60px !important;}\u00a0\u00bb]La r\u00e9gion enchanteresse du Lac de Garde offre une succession de vignobles, de caves \u00e0 vin, de villages, de ch\u00e2teaux et de vues surprenantes. Un grande c\u00e9page, le Lugana, s\u2019\u00e9panouit entre les rives du Lac de Garde et les collines moreniques environnantes. Un coin de la M\u00e9diterran\u00e9e, surprenant et inattendu, s&rsquo;ouvre devant nos yeux. C&rsquo;est l\u00e0 que Famiglia Olivini est n\u00e9e.[\/vc_column_text]\n\t<div class=\"title-subtitle-box  vc_custom_1696928927110 vc_custom_1696928927110\" style=\" text-align: left;\">\n\t\t<h6 style=\" color:#000000;  font-style: normal;\">LE NOUVEAU CHAI<\/h6>\n\t<\/div> [vc_column_text css_animation=\u00a0\u00bb\u00a0\u00bb css=\u00a0\u00bb.vc_custom_1696928942058{padding-right: 60px !important;}\u00a0\u00bb]Le nouveau chai construit en 2018 est le r\u00e9sultat d&rsquo;une r\u00e9interpr\u00e9tation habile de la ferme principale qui domine la propri\u00e9t\u00e9 agricole de Demesse Vecchie depuis pr\u00e8s de 300 ans. \u00c0 l&rsquo;avant, la fa\u00e7ade donne sur la ferme et le vignoble, \u00e0 l&rsquo;arri\u00e8re, un toit-terrasse renferme le c\u0153ur de la zone de production.[\/vc_column_text]\n\t<div class=\"title-subtitle-box  vc_custom_1696928970235 vc_custom_1696928970236\" style=\" text-align: left;\">\n\t\t<h6 style=\" color:#000000;  font-style: normal;\">LA VUE<\/h6>\n\t<\/div> [vc_column_text css_animation=\u00a0\u00bb\u00a0\u00bb css=\u00a0\u00bb.vc_custom_1696928989214{padding-right: 60px !important;}\u00a0\u00bb]La terrasse au premier \u00e9tage et le portique au rez-de-chauss\u00e9e occupent les espaces vides et pleins de la ferme du XVIIIe si\u00e8cle. Les ouvertures ont une forme tr\u00e8s moderne et larges, elles montrent \u00e0 quiconque entre dans le chai o\u00f9 il se trouve : au milieu des vignobles, presque comme si ces derniers entraient dans la partie d\u00e9di\u00e9e \u00e0 la vente du vin.[\/vc_column_text][\/vc_column_inner][\/vc_row_inner][\/vc_column][\/vc_row][vc_row full_width=\u00a0\u00bbstretch_row\u00a0\u00bb css_animation=\u00a0\u00bb\u00a0\u00bb css=\u00a0\u00bb.vc_custom_1689602075482{padding-top: 100px !important;padding-bottom: 290px !important;background: #f1f1f1 url(https:\/\/www.famigliaolivini.com\/wp-content\/uploads\/2023\/07\/vigneto.jpg?id=3404) !important;background-position: center !important;background-repeat: no-repeat !important;background-size: cover !important;}\u00a0\u00bb][vc_column css_animation=\u00a0\u00bb\u00a0\u00bb]\n\t<div class=\"title-subtitle-box  vc_custom_1696929418512 vc_custom_1696929418512 vc_custom_1696929418513\" style=\" margin-bottom:0px; text-align: left;\">\n\t\t<h2 style=\" color:#000000;  font-style: normal;\">Une structure r\u00e9solument moderne marque<br \/>\nle d\u00e9tachement de l'architecture traditionnelle<br \/>\nde la r\u00e9gion, en se distinguant par sa puret\u00e9,<br \/>\nun caract\u00e8re essentiel et l'\u00e9l\u00e9gance.<\/h2>\n\t<\/div> [\/vc_column][\/vc_row][vc_row full_width=\u00a0\u00bbstretch_row\u00a0\u00bb css_animation=\u00a0\u00bb\u00a0\u00bb][vc_column css_animation=\u00a0\u00bb\u00a0\u00bb][vc_row_inner equal_height=\u00a0\u00bbyes\u00a0\u00bb content_placement=\u00a0\u00bbtop\u00a0\u00bb css_animation=\u00a0\u00bb\u00a0\u00bb][vc_column_inner width=\u00a0\u00bb1\/2&Prime; css=\u00a0\u00bb.vc_custom_1688479433568{padding-right: 5% !important;padding-bottom: 5% !important;padding-left: 5% !important;}\u00a0\u00bb]\n\t<div class=\"title-subtitle-box  vc_custom_1696929570495 vc_custom_1696929570496 vc_custom_1696929570496\" style=\" margin-bottom:50px; text-align: left;\">\n\t\t<p  style=\" color:#000000; \">LES COULEURS ET LES MAT\u00c9RIAUX<\/p>\n\t\t<h2 style=\" font-style: normal;\">Pour la r\u00e9alisation du<br \/>\nnouveau chai, les couleurs<br \/>\nnaturelles de la terre ont \u00e9t\u00e9<br \/>\nchoisies: le vert du feuillage<br \/>\net la couleur de l'argile.<\/h2>\n\t<\/div> \n\t<div class=\"title-subtitle-box  vc_custom_1696929608322 vc_custom_1696929608323\" style=\" text-align: left;\">\n\t\t<h2 style=\" color:#000000;  font-style: normal;\">Les mat\u00e9riaux utilis\u00e9s<br \/>\nproviennent de ceux qui<br \/>\ncomposent une vigne:<br \/>\nle bois et le fer.<\/h2>\n\t<\/div> [\/vc_column_inner][vc_column_inner width=\u00a0\u00bb1\/2&Prime; offset=\u00a0\u00bbvc_col-lg-5&Prime;][vc_single_image image=\u00a0\u00bb3405&Prime; img_size=\u00a0\u00bbfull\u00a0\u00bb css_animation=\u00a0\u00bb\u00a0\u00bb css=\u00a0\u00bb.vc_custom_1689602407499{margin-bottom: 0px !important;}\u00a0\u00bb][\/vc_column_inner][\/vc_row_inner][vc_row_inner equal_height=\u00a0\u00bbyes\u00a0\u00bb content_placement=\u00a0\u00bbtop\u00a0\u00bb css_animation=\u00a0\u00bb\u00a0\u00bb css=\u00a0\u00bb.vc_custom_1689873764936{margin-bottom: 0px !important;}\u00a0\u00bb css_mobile=\u00a0\u00bb.vc_custom_1689873764936{margin-top: 50px !important;}\u00a0\u00bb][vc_column_inner css=\u00a0\u00bb.vc_custom_1689873745413{padding-left: 5% !important;}\u00a0\u00bb offset=\u00a0\u00bbvc_col-lg-11 vc_col-xs-12&Prime;][vc_single_image image=\u00a0\u00bb3406&Prime; img_size=\u00a0\u00bbfull\u00a0\u00bb css_animation=\u00a0\u00bb\u00a0\u00bb css=\u00a0\u00bb.vc_custom_1689603247316{margin-bottom: 0px !important;}\u00a0\u00bb][\/vc_column_inner][\/vc_row_inner][\/vc_column][\/vc_row][vc_row full_width=\u00a0\u00bbstretch_row\u00a0\u00bb reverse_columns_mobile=\u00a0\u00bbyes\u00a0\u00bb css_animation=\u00a0\u00bb\u00a0\u00bb css=\u00a0\u00bb.vc_custom_1689873831838{margin-top: 0px !important;margin-bottom: 0px !important;padding-bottom: 40px !important;}\u00a0\u00bb][vc_column css_animation=\u00a0\u00bb\u00a0\u00bb css=\u00a0\u00bb.vc_custom_1689603455843{padding-left: 5% !important;}\u00a0\u00bb][vc_row_inner equal_height=\u00a0\u00bbyes\u00a0\u00bb content_placement=\u00a0\u00bbtop\u00a0\u00bb css_animation=\u00a0\u00bb\u00a0\u00bb css=\u00a0\u00bb.vc_custom_1689608072785{margin-top: 0px !important;margin-bottom: 0px !important;}\u00a0\u00bb][vc_column_inner width=\u00a0\u00bb1\/2&Prime; offset=\u00a0\u00bbvc_col-lg-5&Prime;][vc_single_image image=\u00a0\u00bb3403&Prime; img_size=\u00a0\u00bbfull\u00a0\u00bb css_animation=\u00a0\u00bb\u00a0\u00bb css=\u00a0\u00bb.vc_custom_1759847286298{margin-bottom: 0px !important;}\u00a0\u00bb][\/vc_column_inner][vc_column_inner width=\u00a0\u00bb1\/2&Prime; css=\u00a0\u00bb.vc_custom_1689604497007{padding-bottom: 5% !important;padding-left: 5% !important;}\u00a0\u00bb offset=\u00a0\u00bbvc_col-lg-7&Prime;]\n\t<div class=\"title-subtitle-box  vc_custom_1696929663721 vc_custom_1696929663721\" style=\" text-align: left;\">\n\t\t<p  style=\" color:#000000; \">LES SERVICES<\/p>\n\t\t<h2 style=\" color:#000000;  font-style: normal;\">Nous sommes \u00e0 votre disposition pour vous aider \u00e0 personnaliser et \u00e0 rendre votre \u00e9v\u00e9nement unique, forts d'une structure en mesure d'accueillir vos invit\u00e9s avec style et raffinement.<\/h2>\n\t<\/div> [vc_raw_html css=\u00a0\u00bb.vc_custom_1696932062005{margin-left: 0px !important;}\u00a0\u00bb]JTNDZGl2JTIwY2xhc3MlM0QlMjJyb3clMjB0YWJlbGxhJTIyJTNFJTBBJTNDZGl2JTIwY2xhc3MlM0QlMjJjb2wtbWQtMiUyMiUzRSUzQyUyRmRpdiUzRSUwQSUzQ2RpdiUyMGNsYXNzJTNEJTIyY29sLW1kLTQlMjIlM0UlMEElM0NzcGFuJTIwY2xhc3MlM0QlMjJ0aXRsZS1zbWFsbC1ib3glMjIlM0VESU1FTlNJT05TJTNDJTJGc3BhbiUzRSUwQSUzQ3AlM0VDYXBhY2l0JUMzJUE5JTIwbWF4aW1hbGUlMjA2MCUyMHBlcnNvbm5lcyUzQyUyRnAlM0UlMEElM0NwJTNFMzIwJTIwbSVDMiVCMiUyMGQlMjdlc3BhY2VzJTIwcG91ciUyMGwlRTIlODAlOTklQzMlQTl2JUMzJUE5bmVtZW50aWVsJTNDJTJGcCUzRSUwQSUzQ3AlM0UxMDAlMjBtJUMyJUIyJTIwZGUlMjB0ZXJyYXNzZXMlM0MlMkZwJTNFJTBBJTNDcCUzRTE1MDAlMjBtJUMyJUIyJTIwZGUlMjBqYXJkaW5zJTNDJTJGcCUzRSUwQSUzQyUyRmRpdiUzRSUwQSUzQ2RpdiUyMGNsYXNzJTNEJTIyY29sLW1kLTQlMjIlM0UlMEElM0NzcGFuJTIwY2xhc3MlM0QlMjJ0aXRsZS1zbWFsbC1ib3glMjIlM0VFU1BBQ0VTJTIwU1VQUEwlQzMlODlNRU5UQUlSRVMlM0MlMkZzcGFuJTNFJTBBJTNDcCUzRUdhcmRlLXJvYmUlM0MlMkZwJTNFJTBBJTNDcCUzRVNhbGxlJTIwZGUlMjBwcmVzc2UlM0MlMkZwJTNFJTBBJTNDcCUzRVNhbGxlJTIwZGUlMjBzZWNyJUMzJUE5dGFyaWF0JTNDJTJGcCUzRSUwQSUzQyUyRmRpdiUzRSUwQSUzQ2RpdiUyMGNsYXNzJTNEJTIyY29sLW1kLTIlMjIlM0UlM0MlMkZkaXYlM0UlMEElM0MlMkZkaXYlM0UlMEElM0NkaXYlMjBjbGFzcyUzRCUyMnJvdyUyMHRhYmVsbGElMjIlM0UlMEElM0NkaXYlMjBjbGFzcyUzRCUyMmNvbC1tZC0yJTIyJTNFJTNDJTJGZGl2JTNFJTBBJTNDZGl2JTIwY2xhc3MlM0QlMjJjb2wtbWQtNCUyMiUzRSUwQSUzQ3NwYW4lMjBjbGFzcyUzRCUyMnRpdGxlLXNtYWxsLWJveCUyMiUzRSVDMyU4OVFVSVBFTUVOVFMlM0MlMkZzcGFuJTNFJTBBJTNDcCUzRVdpZmklMjBncmF0dWl0JTNDJTJGcCUzRSUwQSUzQ3AlM0UzJTIwa1clMjBkZSUyMHB1aXNzYW5jZSUyMCVDMyVBOWxlY3RyaXF1ZSUzQyUyRnAlM0UlMEElM0NwJTNFQW1wbGlmaWNhdGlvbiUzQyUyRnAlM0UlMEElM0NwJTNFTW9udGUtY2hhcmdlJTNDJTJGcCUzRSUwQSUzQ3AlM0VPcmRpbmF0ZXVyJTNDJTJGcCUzRSUwQSUzQ3AlM0VWaWQlQzMlQTlvcHJvamVjdGV1ciUzQyUyRnAlM0UlMEElM0NwJTNFRGlmZnVzaW9uJTIwZmlsYWlyZSUzQyUyRnAlM0UlMEElM0MlMkZkaXYlM0UlMEElM0NkaXYlMjBjbGFzcyUzRCUyMmNvbC1tZC00JTIyJTNFJTBBJTNDc3BhbiUyMGNsYXNzJTNEJTIydGl0bGUtc21hbGwtYm94JTIyJTNFQUNDVUVJTCUzQyUyRnNwYW4lM0UlMEElM0NwJTNFU2VydmljZSUyMGRlJTIwcmVzdGF1cmF0aW9uJTIwbGlicmUlM0MlMkZwJTNFJTBBJTNDcCUzRVNlcnZpY2UlMjBkZSUyMHJlc3RhdXJhdGlvbiUyMGFnciVDMyVBOSVDMyVBOSUzQyUyRnAlM0UlMEElM0NwJTNFQmFyJTNDJTJGcCUzRSUwQSUzQ3AlM0VHcmFuZCUyMHBhcmtpbmclM0MlMkZwJTNFJTBBJTNDJTJGZGl2JTNFJTBBJTNDZGl2JTIwY2xhc3MlM0QlMjJjb2wtbWQtMiUyMiUzRSUzQyUyRmRpdiUzRSUwQSUzQyUyRmRpdiUzRQ==[\/vc_raw_html][\/vc_column_inner][\/vc_row_inner][\/vc_column][\/vc_row][vc_row full_width=\u00a0\u00bbstretch_row\u00a0\u00bb reverse_columns_mobile=\u00a0\u00bbyes\u00a0\u00bb css_animation=\u00a0\u00bb\u00a0\u00bb][vc_column css_animation=\u00a0\u00bb\u00a0\u00bb][vc_row_inner equal_height=\u00a0\u00bbyes\u00a0\u00bb content_placement=\u00a0\u00bbtop\u00a0\u00bb css_animation=\u00a0\u00bb\u00a0\u00bb css=\u00a0\u00bb.vc_custom_1689608025614{margin-top: 0px !important;}\u00a0\u00bb][vc_column_inner width=\u00a0\u00bb1\/6&Prime; css=\u00a0\u00bb.vc_custom_1688479433568{padding-right: 5% !important;padding-bottom: 5% !important;padding-left: 5% !important;}\u00a0\u00bb][\/vc_column_inner][vc_column_inner width=\u00a0\u00bb1\/6&Prime;]\n\t<div class=\"title-subtitle-box  vc_custom_1696932639520 vc_custom_1696932639520 vc_custom_1696932639520\" style=\" margin-bottom:50px; text-align: left;\">\n\t\t<p  style=\" color:#000000; \">\u00c9V\u00c9NEMENTS<\/p>\n\t\t<h2 style=\" font-style: normal;\">mariages<br \/>\nf\u00eates priv\u00e9es<br \/>\nr\u00e9unions<br \/>\nconventions<br \/>\nteam building<br \/>\nateliers<br \/>\npr\u00e9sentations<br \/>\ndipl\u00f4mes<\/h2>\n\t<\/div> [\/vc_column_inner][vc_column_inner width=\u00a0\u00bb1\/2&Prime; offset=\u00a0\u00bbvc_col-lg-offset-1 vc_col-lg-6&Prime;][vc_single_image image=\u00a0\u00bb3410&Prime; img_size=\u00a0\u00bbfull\u00a0\u00bb css_animation=\u00a0\u00bb\u00a0\u00bb css=\u00a0\u00bb.vc_custom_1689607498448{margin-bottom: 0px !important;}\u00a0\u00bb][\/vc_column_inner][\/vc_row_inner][\/vc_column][\/vc_row][vc_row full_width=\u00a0\u00bbstretch_row\u00a0\u00bb content_placement=\u00a0\u00bbmiddle\u00a0\u00bb css_animation=\u00a0\u00bb\u00a0\u00bb css=\u00a0\u00bb.vc_custom_1690370005260{margin-right: 25% !important;margin-left: 25% !important;background-color: #4e5b32 !important;}\u00a0\u00bb css_tablet=\u00a0\u00bb.vc_custom_1690370005260{margin-right: 0px !important;margin-left: 0px !important;}\u00a0\u00bb css_mobile=\u00a0\u00bb.vc_custom_1690370005260{margin-right: 0px !important;margin-left: 0px !important;}\u00a0\u00bb][vc_column css_animation=\u00a0\u00bb\u00a0\u00bb offset=\u00a0\u00bbvc_col-lg-12&Prime;]\n\t<div class=\"title-subtitle-box  vc_custom_1696932761892 vc_custom_1696932761892 vc_custom_1696932761893\" style=\" margin-bottom:50pxpx; text-align: center;\">\n\t\t<p  style=\" color:#f2f2f2; \">CONTACTEZ-NOUS<\/p>\n\t<\/div> \n\t<div class=\"title-subtitle-box  vc_custom_1696932848164 vc_custom_1696932848164 vc_custom_1696932848164\" style=\" margin-bottom:35PXpx; text-align: left;\">\n\t\t<h2 style=\" color:#f2f2f2;  font-style: normal;\">Organisez votre \u00e9v\u00e9nement dans un endroit unique et sp\u00e9cial.<\/h2>\n\t<\/div> <style id=\"wpforms-css-vars-3411\">\n\t\t\t\t#wpforms-3411 {\n\t\t\t\t\n\t\t\t}\n\t\t\t<\/style><div class=\"wpforms-container wpforms-container-full forml wpforms-render-modern\" id=\"wpforms-3411\"><form id=\"wpforms-form-3411\" class=\"wpforms-validate wpforms-form wpforms-ajax-form\" data-formid=\"3411\" method=\"post\" enctype=\"multipart\/form-data\" action=\"\/fr\/wp-json\/wp\/v2\/pages\/4837\" data-token=\"f5e07058a1b366722ff88d383b7a1042\" data-token-time=\"1778750204\"><noscript class=\"wpforms-error-noscript\">Veuillez activer JavaScript dans votre navigateur pour remplir ce formulaire.<\/noscript><div id=\"wpforms-error-noscript\" style=\"display: none;\">Veuillez activer JavaScript dans votre navigateur pour remplir ce formulaire.<\/div><div class=\"wpforms-field-container\"><div id=\"wpforms-3411-field_2-container\" class=\"wpforms-field wpforms-field-name\" data-field-id=\"2\"><label class=\"wpforms-field-label wpforms-label-hide\" for=\"wpforms-3411-field_2\" aria-hidden=\"false\">Nome <span class=\"wpforms-required-label\" aria-hidden=\"true\">*<\/span><\/label><input type=\"text\" id=\"wpforms-3411-field_2\" class=\"wpforms-field-large wpforms-field-required\" name=\"wpforms[fields][2]\" placeholder=\"Nome\" aria-errormessage=\"wpforms-3411-field_2-error\" required><\/div><div id=\"wpforms-3411-field_3-container\" class=\"wpforms-field wpforms-field-email\" data-field-id=\"3\"><label class=\"wpforms-field-label wpforms-label-hide\" for=\"wpforms-3411-field_3\" aria-hidden=\"false\">Email <span class=\"wpforms-required-label\" aria-hidden=\"true\">*<\/span><\/label><input type=\"email\" id=\"wpforms-3411-field_3\" class=\"wpforms-field-large wpforms-field-required\" name=\"wpforms[fields][3]\" placeholder=\"Email\" spellcheck=\"false\" aria-errormessage=\"wpforms-3411-field_3-error\" required><\/div><div id=\"wpforms-3411-field_4-container\" class=\"wpforms-field wpforms-field-textarea\" data-field-id=\"4\"><label class=\"wpforms-field-label wpforms-label-hide\" for=\"wpforms-3411-field_4\" aria-hidden=\"false\">Messaggio <span class=\"wpforms-required-label\" aria-hidden=\"true\">*<\/span><\/label><textarea id=\"wpforms-3411-field_4\" class=\"wpforms-field-medium wpforms-field-required\" name=\"wpforms[fields][4]\" placeholder=\"Messaggio\" aria-errormessage=\"wpforms-3411-field_4-error\" required><\/textarea><\/div><div id=\"wpforms-3411-field_5-container\" class=\"wpforms-field wpforms-field-checkbox prvtext\" data-field-id=\"5\"><fieldset><legend class=\"wpforms-field-label wpforms-label-hide\" aria-hidden=\"false\">Caselle di spunta <span class=\"wpforms-required-label\" aria-hidden=\"true\">*<\/span><\/legend><ul id=\"wpforms-3411-field_5\" class=\"wpforms-field-required\"><li class=\"choice-1 depth-1\"><input type=\"checkbox\" id=\"wpforms-3411-field_5_1\" name=\"wpforms[fields][5][]\" value=\"Autorizzo al trattamento dei miei dati personali per fini di comunicazione commerciale e\/o invio di materiale pubblicitario dell&#039;azienda, secondo l&#039;informativa in materia di dati personali ai sensi del Regolamento Europeo (EU) 2017\/679 \u201cGDPR\u201d.\" aria-errormessage=\"wpforms-3411-field_5_1-error\" required ><label class=\"wpforms-field-label-inline\" for=\"wpforms-3411-field_5_1\">Autorizzo al trattamento dei miei dati personali per fini di comunicazione commerciale e\/o invio di materiale pubblicitario dell'azienda, secondo l'informativa in materia di dati personali ai sensi del Regolamento Europeo (EU) 2017\/679 \u201cGDPR\u201d.<\/label><\/li><\/ul><\/fieldset><\/div><\/div><!-- .wpforms-field-container --><div class=\"wpforms-submit-container\" ><input type=\"hidden\" name=\"wpforms[id]\" value=\"3411\"><input type=\"hidden\" name=\"page_title\" value=\"\"><input type=\"hidden\" name=\"page_url\" value=\"https:\/\/www.famigliaolivini.com\/fr\/wp-json\/wp\/v2\/pages\/4837\"><input type=\"hidden\" name=\"url_referer\" value=\"\"><button type=\"submit\" name=\"wpforms[submit]\" id=\"wpforms-submit-3411\" class=\"wpforms-submit btnl\" data-alt-text=\"Invio in corso\" data-submit-text=\"INVIA LA RICHIESTA\" aria-live=\"assertive\" value=\"wpforms-submit\">INVIA LA RICHIESTA<\/button><img decoding=\"async\" src=\"https:\/\/www.famigliaolivini.com\/wp-content\/plugins\/wpforms-lite\/assets\/images\/submit-spin.svg\" class=\"wpforms-submit-spinner\" style=\"display: none;\" width=\"26\" height=\"26\" alt=\"Chargement en cours\" title=\"\"><\/div><\/form><\/div>  <!-- .wpforms-container -->[\/vc_column][vc_column css_animation=\u00a0\u00bb\u00a0\u00bb][\/vc_column][\/vc_row][vc_row full_width=\u00a0\u00bbstretch_row\u00a0\u00bb css_animation=\u00a0\u00bb\u00a0\u00bb css=\u00a0\u00bb.vc_custom_1759404909938{padding-top: 100px !important;padding-bottom: 90px !important;background-color: #000000 !important;background-position: center !important;background-repeat: no-repeat !important;background-size: cover !important;}\u00a0\u00bb][vc_column css_animation=\u00a0\u00bb\u00a0\u00bb][vc_column_text css_animation=\u00a0\u00bb\u00a0\u00bb el_id=\u00a0\u00bbtit55&Prime;]<\/p>\n<h3 style=\"text-align: center;\">Abonnez-vous \u00e0 la newsletter<\/h3>\n<p>[\/vc_column_text]<div class=\"vc_widget vc_widget_mailchimp   \"><div class=\"widget widget_mc4wp_form_widget\"><script>(function() {\n\twindow.mc4wp = window.mc4wp || {\n\t\tlisteners: [],\n\t\tforms: {\n\t\t\ton: function(evt, cb) {\n\t\t\t\twindow.mc4wp.listeners.push(\n\t\t\t\t\t{\n\t\t\t\t\t\tevent   : evt,\n\t\t\t\t\t\tcallback: cb\n\t\t\t\t\t}\n\t\t\t\t);\n\t\t\t}\n\t\t}\n\t}\n})();\n<\/script><!-- Mailchimp for WordPress v4.12.5 - https:\/\/wordpress.org\/plugins\/mailchimp-for-wp\/ --><form id=\"mc4wp-form-1\" class=\"mc4wp-form mc4wp-form-336 mc4wp-form-basic\" method=\"post\" data-id=\"336\" data-name=\"Villenoir\" ><div class=\"mc4wp-form-fields\"><style>\r\n  .input-group-btn:last-child::before{display:none}\r\n  ::placeholder {color:#000000 !important;}\r\n<\/style>\r\n<div id=\"formn\">\r\n<div class=\"form-group text-center\">\r\n\t<label class=\"hidden\">Email address: <\/label>\r\n\t<input class=\"form-control\" style=\"height:50px;border:1px solid #ffffff;border-radius:5px;background:#ffffff;\r\n                                       color:#000000;max-width:100% !important\" type=\"email\" name=\"EMAIL\" placeholder=\"Email\" required \/> \r\n<\/div>\r\n<div class=\"form-check\">\r\n        <input type=\"checkbox\" class=\"form-check-input\" id=\"privacy\" name=\"AGREE_TO_TERMS\" value=\"1\" required=\"\">\r\n             <span class=\"form-check-label\" for=\"privacy\" \r\n                   style=\"margin-top:-25px;display:block;padding-left:20px;font-size:12px; \r\n                          !important;color:#ffffff;line-height:1.4\">\r\n         Autorizzo al trattamento dei miei dati personali per fini di comunicazione commerciale e\/o invio di materiale pubblicitario dell'azienda, secondo l'informativa in materia di dati personali ai sensi del Regolamento Europeo (EU) 2017\/679 \u201cGDPR\u201d.\r\n         <\/span>\r\n    <\/div>  \t\r\n<span class=\"input-group-btn text-center\" style=\"text-align:center\">\r\n    \t<input class=\"btn\" style=\"font-size:20px;border:none;color:#ffffff\" type=\"submit\" value=\"Iscriviti\" \/>\r\n  \t<\/span>\r\n<!-- \/input-group -->\r\n<\/div><\/div><label style=\"display: none !important;\">Laissez ce champ vide si vous \u00eates humain\u00a0: <input type=\"text\" name=\"_mc4wp_honeypot\" value=\"\" tabindex=\"-1\" autocomplete=\"off\" \/><\/label><input type=\"hidden\" name=\"_mc4wp_timestamp\" value=\"1778750204\" \/><input type=\"hidden\" name=\"_mc4wp_form_id\" value=\"336\" \/><input type=\"hidden\" name=\"_mc4wp_form_element_id\" value=\"mc4wp-form-1\" \/><div class=\"mc4wp-response\"><\/div><\/form><!-- \/ Mailchimp for WordPress Plugin --><\/div><\/div>[\/vc_column][\/vc_row]<\/p>\n<\/div>","protected":false},"excerpt":{"rendered":"<p>[vc_row full_width=\u00a0\u00bbstretch_row\u00a0\u00bb css_animation=\u00a0\u00bb\u00a0\u00bb][vc_column css_animation=\u00a0\u00bb\u00a0\u00bb][vc_row_inner equal_height=\u00a0\u00bbyes\u00a0\u00bb content_placement=\u00a0\u00bbtop\u00a0\u00bb css_animation=\u00a0\u00bb\u00a0\u00bb][vc_column_inner width=\u00a0\u00bb1\/2&Prime;][vc_single_image image=\u00a0\u00bb7050&Prime; img_size=\u00a0\u00bbfull\u00a0\u00bb css_animation=\u00a0\u00bb\u00a0\u00bb css=\u00a0\u00bb.vc_custom_1759847262128{margin-bottom: 0px !important;}\u00a0\u00bb][\/vc_column_inner][vc_column_inner width=\u00a0\u00bb1\/2&Prime; css=\u00a0\u00bb.vc_custom_1689601515851{padding-bottom: 5% !important;padding-left: 5% !important;}\u00a0\u00bb][vc_column_text css_animation=\u00a0\u00bb\u00a0\u00bb css=\u00a0\u00bb.vc_custom_1696928803256{padding-right: 60px !important;}\u00a0\u00bb]Nous sommes \u00e0 votre disposition pour \u00e9valuer et g\u00e9rer ensemble tous vos besoins, en collaborant avec les traiteurs les plus renomm\u00e9s de notre r\u00e9gion et en garantissant la qualit\u00e9 et le professionnalisme<br class=\"read-more-spacer\"> <a class=\"more-link\" href=\"https:\/\/www.famigliaolivini.com\/fr\/location\/\">Read More<\/a><\/p>\n","protected":false},"author":3,"featured_media":0,"parent":0,"menu_order":0,"comment_status":"closed","ping_status":"closed","template":"","meta":{"footnotes":""},"class_list":["post-4837","page","type-page","status-publish","hentry"],"acf":[],"_links":{"self":[{"href":"https:\/\/www.famigliaolivini.com\/fr\/wp-json\/wp\/v2\/pages\/4837","targetHints":{"allow":["GET"]}}],"collection":[{"href":"https:\/\/www.famigliaolivini.com\/fr\/wp-json\/wp\/v2\/pages"}],"about":[{"href":"https:\/\/www.famigliaolivini.com\/fr\/wp-json\/wp\/v2\/types\/page"}],"author":[{"embeddable":true,"href":"https:\/\/www.famigliaolivini.com\/fr\/wp-json\/wp\/v2\/users\/3"}],"replies":[{"embeddable":true,"href":"https:\/\/www.famigliaolivini.com\/fr\/wp-json\/wp\/v2\/comments?post=4837"}],"version-history":[{"count":14,"href":"https:\/\/www.famigliaolivini.com\/fr\/wp-json\/wp\/v2\/pages\/4837\/revisions"}],"predecessor-version":[{"id":7058,"href":"https:\/\/www.famigliaolivini.com\/fr\/wp-json\/wp\/v2\/pages\/4837\/revisions\/7058"}],"wp:attachment":[{"href":"https:\/\/www.famigliaolivini.com\/fr\/wp-json\/wp\/v2\/media?parent=4837"}],"curies":[{"name":"wp","href":"https:\/\/api.w.org\/{rel}","templated":true}]}}