{"id":4665,"date":"2024-01-19T16:31:06","date_gmt":"2024-01-19T15:31:06","guid":{"rendered":"https:\/\/www.famigliaolivini.com\/?page_id=4665"},"modified":"2026-02-13T14:56:33","modified_gmt":"2026-02-13T13:56:33","slug":"home","status":"publish","type":"page","link":"https:\/\/www.famigliaolivini.com\/en\/","title":{"rendered":"Home"},"content":{"rendered":"<div class=\"wpb-content-wrapper\"><p>[vc_row full_width=&#8221;stretch_row&#8221; css_animation=&#8221;&#8221;][vc_column css_animation=&#8221;&#8221;][vc_row_inner equal_height=&#8221;yes&#8221; content_placement=&#8221;top&#8221; css_animation=&#8221;&#8221;][vc_column_inner width=&#8221;1\/2&#8243; css=&#8221;.vc_custom_1688479433568{padding-right: 5% !important;padding-bottom: 5% !important;padding-left: 5% !important;}&#8221;]\n\t<div class=\"title-subtitle-box  vc_custom_1695038835051 vc_custom_1695038835051 vc_custom_1695038835051\" style=\" margin-bottom:50px; text-align: left;\">\n\t\t<p  style=\" color:#000000; \">PHILOSOPHY<\/p>\n\t\t<h1 style=\" font-style: normal;\">In the world of wine, giving a personal interpretation of the cultural and viticultural heritage is essential.<\/h1>\n\t<\/div> \n\t<div class=\"title-subtitle-box  vc_custom_1695038891284 vc_custom_1695038891284\" style=\" text-align: left;\">\n\t\t<h6 style=\" color:#000000;  font-style: normal;\">SUSTAINABLE AGRICOLTURE<\/h6>\n\t<\/div> [vc_column_text css_animation=&#8221;&#8221; css=&#8221;.vc_custom_1695038904314{padding-right: 60px !important;}&#8221;]We move on tiptoe in our vineyards. We want our intervention on the rows of vines, the fruit, and therefore on the wine-making, to be minimal. We are in pursuit of purity, not only during wine-making, but throughout the entire process that leads us to your wine glasses.[\/vc_column_text]\n\t<div class=\"title-subtitle-box  vc_custom_1695038934426 vc_custom_1695038934426\" style=\" text-align: left;\">\n\t\t<h6 style=\" color:#000000;  font-style: normal;\">PURE POTENTIAL<\/h6>\n\t<\/div> [vc_column_text css_animation=&#8221;&#8221; css=&#8221;.vc_custom_1695038920913{padding-right: 60px !important;}&#8221;]Elevating the distinct features of every one of our grape varieties, of each vineyard and even of the individual vine. This painstaking task has lead us to believe, almost as if it were a dogma, in the potential of our varieties, produced, as they are, in purity and reinterpreted in a modern light.[\/vc_column_text]\n\t<div class=\"title-subtitle-box  vc_custom_1695038964395 vc_custom_1695038964396\" style=\" text-align: left;\">\n\t\t<h6 style=\" color:#000000;  font-style: normal;\">ABSOLUTE RESPECT<\/h6>\n\t<\/div> [vc_column_text css_animation=&#8221;&#8221; css=&#8221;.vc_custom_1695038948689{padding-right: 60px !important;}&#8221;]Consideration, care and delicacy when it comes to the intrinsic characteristics of the grapes: from selecting the most appropriate wine-making technique to opting for a different wine-making process for each individual vineyard.[\/vc_column_text]\n\t<div class=\"title-subtitle-box  vc_custom_1695038999604 vc_custom_1695038999604\" style=\" text-align: left;\">\n\t\t<h6 style=\" color:#000000;  font-style: normal;\">SUSTAINED EFFORT<\/h6>\n\t<\/div> [vc_column_text css_animation=&#8221;&#8221; css=&#8221;.vc_custom_1695038987459{padding-right: 60px !important;}&#8221;]In pursuit of a personal and consolidated production style, allowing us to take on the market with wines that are the result of our ideas come to life, such as the Lugana Metodo Classico and Merlot passito.[\/vc_column_text][\/vc_column_inner][vc_column_inner width=&#8221;1\/2&#8243;][vc_single_image image=&#8221;3210&#8243; img_size=&#8221;full&#8221; css_animation=&#8221;&#8221; css=&#8221;.vc_custom_1688478719785{margin-bottom: 0px !important;}&#8221;][\/vc_column_inner][\/vc_row_inner][\/vc_column][\/vc_row][vc_row full_width=&#8221;stretch_row&#8221; css_animation=&#8221;&#8221;][vc_column css_animation=&#8221;&#8221;][vc_row_inner equal_height=&#8221;yes&#8221; content_placement=&#8221;top&#8221; css_animation=&#8221;&#8221;][vc_column_inner width=&#8221;1\/2&#8243; offset=&#8221;vc_col-lg-offset-1 vc_col-lg-5&#8243;][vc_single_image image=&#8221;3218&#8243; img_size=&#8221;full&#8221; css_animation=&#8221;&#8221; css=&#8221;.vc_custom_1688483568404{margin-bottom: 0px !important;}&#8221;][\/vc_column_inner][vc_column_inner width=&#8221;1\/2&#8243; css=&#8221;.vc_custom_1688479433568{padding-right: 5% !important;padding-bottom: 5% !important;padding-left: 5% !important;}&#8221;]\n\t<div class=\"title-subtitle-box  vc_custom_1695039044158 vc_custom_1695039044159 vc_custom_1695039044159\" style=\" margin-bottom:50px; text-align: left;\">\n\t\t<p  style=\" color:#000000; \">TERROIR<\/p>\n\t\t<h2 style=\" font-style: normal;\">The good fortune of working on those \u201ccursed\u201d calcareous clays, which are as challenging in the vineyard as they are gratifying in the results and the fruit that they bear.<\/h2>\n\t<\/div> \n\t<div class=\"title-subtitle-box  vc_custom_1695039074344 vc_custom_1695039074344\" style=\" text-align: left;\">\n\t\t<h6 style=\" color:#000000;  font-style: normal;\">NATURAL STRENGTH<\/h6>\n\t<\/div> [vc_column_text css_animation=&#8221;&#8221; css=&#8221;.vc_custom_1695039057898{padding-left: 15% !important;}&#8221; css_tablet=&#8221;.vc_custom_1695039057899{padding-left: 15% !important;}&#8221;]The minerality transferred to Lugana wines, the power and the elegance of Notte a San Martino, the richness of Condolcezza, the longevity, freshness and character of the sparkling wines. All are gifts from our terroir. Our only concerns are being able to fully appreciate them and to know how to share them.[\/vc_column_text]\n\t<div class=\"title-subtitle-box  vc_custom_1695039121327 vc_custom_1695039121328\" style=\" text-align: left;\">\n\t\t<h6 style=\" color:#000000;  font-style: normal;\">GENEROUS VIEWS<\/h6>\n\t<\/div> [vc_column_text css_animation=&#8221;&#8221; css=&#8221;.vc_custom_1695039089237{padding-left: 15% !important;}&#8221; css_tablet=&#8221;.vc_custom_1695039089238{padding-left: 15% !important;}&#8221;]The rise and fall of the amphitheatre-shaped Lake Garda, made up of morainic hills, medieval hamlets among the most beautiful in Italy, vast garden parks, the Parco del Mincio Natural Reserve, the historical cities of Verona, Brescia and Mantua, and served by the well-known Peschiera del Garda-Mantua cycle-way, popular with many cycle-tourists.[\/vc_column_text]\n\t<div class=\"title-subtitle-box  vc_custom_1695039156079 vc_custom_1695039156079\" style=\" text-align: left;\">\n\t\t<h6 style=\" color:#000000;  font-style: normal;\">PERFECT PAIRINGS<\/h6>\n\t<\/div> [vc_column_text css_animation=&#8221;&#8221; css=&#8221;.vc_custom_1695039135040{padding-left: 15% !important;}&#8221; css_tablet=&#8221;.vc_custom_1695039135040{padding-left: 15% !important;}&#8221;]A verdant place of ancient origins where the authenticity of the produce of the land combines with the warm welcome of its local people. The charming Lake Garda area is generously provides a succession of vineyards, wine cellars, hamlets, castles and millennia of history.[\/vc_column_text][\/vc_column_inner][\/vc_row_inner][\/vc_column][\/vc_row][vc_row full_width=&#8221;stretch_row&#8221; css_animation=&#8221;&#8221; css=&#8221;.vc_custom_1759400440683{padding-top: 100px !important;padding-bottom: 90px !important;background: #f1f1f1 url(https:\/\/www.famigliaolivini.com\/wp-content\/uploads\/2025\/10\/san-martino.jpg?id=6907) !important;background-position: center !important;background-repeat: no-repeat !important;background-size: cover !important;}&#8221;][vc_column css_animation=&#8221;&#8221;][vc_single_image image=&#8221;4160&#8243; img_size=&#8221;243&#215;84&#8243; css_animation=&#8221;&#8221; css=&#8221;.vc_custom_1759400514105{padding-left: 12px !important;}&#8221;]\n\t<div class=\"title-subtitle-box  vc_custom_1759400562932 vc_custom_1759400562932 vc_custom_1759400562932\" style=\" margin-bottom:0px; text-align: left;\">\n\t\t<h2 style=\" color:#ffffff;  font-style: normal;\">Nothing is constant<br \/>\nin wine growing and wine making<br \/>\nbut the unique,<br \/>\nunrepeatable nature of wines.<\/h2>\n\t<\/div> [\/vc_column][\/vc_row][vc_row full_width=&#8221;stretch_row&#8221; css_animation=&#8221;&#8221;][vc_column css_animation=&#8221;&#8221;][vc_row_inner equal_height=&#8221;yes&#8221; content_placement=&#8221;top&#8221; css_animation=&#8221;&#8221;][vc_column_inner width=&#8221;1\/2&#8243; css=&#8221;.vc_custom_1688479433568{padding-right: 5% !important;padding-bottom: 5% !important;padding-left: 5% !important;}&#8221;]\n\t<div class=\"title-subtitle-box  vc_custom_1695039250024 vc_custom_1695039250024\" style=\" text-align: left;\">\n\t\t<h6 style=\" color:#000000;  font-style: normal;\">LONG-LASTING BONDS<\/h6>\n\t<\/div> [vc_column_text css_animation=&#8221;&#8221; css=&#8221;.vc_custom_1770990986166{padding-right: 60px !important;}&#8221;]The Olivini family has its origins in a terroir that is particularly suitable for a wonderful grape variety, the Turbiana. In the heart of this terroir is where the young entrepreneurs Giorgio, Giordana and Giovanni decided to share in the bond their parents Graziella and Giulio have felt with this land for many years.[\/vc_column_text]\n\t<div class=\"title-subtitle-box  vc_custom_1695039281606 vc_custom_1695039281606\" style=\" text-align: left;\">\n\t\t<h6 style=\" color:#000000;  font-style: normal;\">GENETIC HERITAGE<\/h6>\n\t<\/div> [vc_column_text css_animation=&#8221;&#8221; css=&#8221;.vc_custom_1695039293157{padding-right: 60px !important;}&#8221;]A passion for the heritage passed down from their grandparents. The fruit of careful harvests is produced and selected on the family farm, reinterpreting the grapes with every year that passes, respecting the wishes of our ancestors and our fields.[\/vc_column_text]\n\t<div class=\"title-subtitle-box  vc_custom_1695039310271 vc_custom_1695039310272\" style=\" text-align: left;\">\n\t\t<h6 style=\" color:#000000;  font-style: normal;\">IMPORTANT DETAILS<\/h6>\n\t<\/div> [vc_column_text css_animation=&#8221;&#8221; css=&#8221;.vc_custom_1695039336411{padding-right: 60px !important;}&#8221;]Not a single detail of cultivation and wine-making is overlooked: propagation of vines by grafting, the careful selection of grapes that are strictly hand-harvested, quality control of the materials used, modern equipment, continued investment in new technology and enhancements to the cellar where the whole wine-making process occurs, with the sole objective of exalting a great product: the wine.[\/vc_column_text]\n\t<div class=\"title-subtitle-box  vc_custom_1695039352654 vc_custom_1695039352655\" style=\" text-align: left;\">\n\t\t<h6 style=\" color:#000000;  font-style: normal;\">PRECIOUS INTUITIONS<\/h6>\n\t<\/div> [vc_column_text css_animation=&#8221;&#8221; css=&#8221;.vc_custom_1695039444157{padding-right: 60px !important;}&#8221;]Ambition to bring out the best in historical grape varieties and make them unique, in a continuing quest for quality. Promoting the area, investing in techniques for processing, wine-making and ageing in a continual intertwining of tradition and innovation, so as to further enhance that which the land gives us.[\/vc_column_text]\n\t<div class=\"title-subtitle-box  vc_custom_1695039462519 vc_custom_1695039462520\" style=\" text-align: left;\">\n\t\t<h6 style=\" color:#000000;  font-style: normal;\">AROMATIC EXCELLENCE<\/h6>\n\t<\/div> [vc_column_text css_animation=&#8221;&#8221; css=&#8221;.vc_custom_1695039474100{padding-right: 60px !important;}&#8221;]In recent years we have worked hard on the characterisation of the Lugana, selecting the best vines that make for production excellence from the aromatic and acidic balance point of view from our oldest vineyards, then propagating the vines of that most precious vegetation by grafting, and generating vines for the new plantations in order to preserve and optimise varietal heritage.[\/vc_column_text][\/vc_column_inner][vc_column_inner width=&#8221;1\/2&#8243;][vc_single_image image=&#8221;3224&#8243; img_size=&#8221;full&#8221; css_animation=&#8221;&#8221; css=&#8221;.vc_custom_1688485618426{margin-bottom: 0px !important;}&#8221;][\/vc_column_inner][\/vc_row_inner][\/vc_column][\/vc_row][vc_row full_width=&#8221;stretch_row&#8221; css_animation=&#8221;&#8221;][vc_column css_animation=&#8221;&#8221;][vc_row_inner equal_height=&#8221;yes&#8221; content_placement=&#8221;top&#8221; css_animation=&#8221;&#8221;][vc_column_inner width=&#8221;1\/2&#8243; offset=&#8221;vc_col-lg-offset-1 vc_col-lg-5&#8243;][vc_single_image image=&#8221;3227&#8243; img_size=&#8221;full&#8221; css_animation=&#8221;&#8221; css=&#8221;.vc_custom_1688486391570{margin-bottom: 0px !important;}&#8221;][vc_single_image image=&#8221;3239&#8243; img_size=&#8221;full&#8221; css_animation=&#8221;&#8221; css=&#8221;.vc_custom_1688547096907{margin-bottom: 0px !important;padding-top: 90px !important;}&#8221;][\/vc_column_inner][vc_column_inner width=&#8221;1\/2&#8243; css=&#8221;.vc_custom_1688487118558{padding-bottom: 5% !important;padding-left: 5% !important;}&#8221;]\n\t<div class=\"title-subtitle-box  vc_custom_1695039523122 vc_custom_1695039523122 vc_custom_1695039523122\" style=\" margin-bottom:50px; text-align: left;\">\n\t\t<p  style=\" color:#000000; \">METODO CLASSICO (The Traditional method)<\/p>\n\t\t<h2 style=\" font-style: normal;\">\u00abWhy waste time making sparkling wine? You have neither the right grape nor the ability to produce such a complex wine.\u00bb<\/h2>\n\t<\/div> \n\t<div class=\"title-subtitle-box  vc_custom_1695039553228 vc_custom_1695039553229\" style=\" text-align: left;\">\n\t\t<h6 style=\" color:#000000;  font-style: normal;\">STYLE CHOICES<\/h6>\n\t<\/div> [vc_column_text css_animation=&#8221;&#8221; css=&#8221;.vc_custom_1695039568379{padding-left: 15% !important;}&#8221; css_tablet=&#8221;.vc_custom_1695039568379{padding-left: 15% !important;}&#8221;]It was this friendly advice that convinced us we were right. The more time passed, the more the consumer took notice of the potential of this sparkling wine that is practically impossible not to recognise and very pleasant indeed to drink.[\/vc_column_text]\n\t<div class=\"title-subtitle-box  vc_custom_1695039588182 vc_custom_1695039588183\" style=\" text-align: left;\">\n\t\t<h6 style=\" color:#000000;  font-style: normal;\">EXPRESSIVE SYMBIOSIS<\/h6>\n\t<\/div> [vc_column_text css_animation=&#8221;&#8221; css=&#8221;.vc_custom_1695039602868{padding-left: 15% !important;}&#8221; css_tablet=&#8221;.vc_custom_1695039602868{padding-left: 15% !important;}&#8221;]There is much work yet to do, but with our sparkling wine we have succeeded in expressing what every wine should represent in today\u2019s world, in other words the symbiosis of our land with our grape, together with modern production technology.[\/vc_column_text]\n\t<div class=\"title-subtitle-box  vc_custom_1695039951472 vc_custom_1695039951472\" style=\" text-align: left;\">\n\t\t<h6 style=\" color:#000000;  font-style: normal;\">WITH METHOD<\/h6>\n\t<\/div> [vc_column_text css_animation=&#8221;&#8221; css=&#8221;.vc_custom_1695039970975{padding-left: 15% !important;}&#8221; css_tablet=&#8221;.vc_custom_1695039970975{padding-left: 15% !important;}&#8221;]One of the essential traits of the Lugana grape is its high acidity, which is a fundamental element of sparkling wine; this is what the health and good preservation of sparkling wine depends on, not to mention its pleasantness. It is with the early-harvesting of grapes that the wine-making process begins, followed by the sparkling wine production process employing the traditional method.[\/vc_column_text]\n\t<div class=\"title-subtitle-box  vc_custom_1696581936316 vc_custom_1696581936317\" style=\" text-align: left;\">\n\t\t<h6 style=\" color:#000000;  font-style: normal;\">LUGANA BRUT CLASSIC METHOD<\/h6>\n\t<\/div> [vc_column_text css_animation=&#8221;&#8221; css=&#8221;.vc_custom_1696581973296{padding-left: 15% !important;}&#8221; css_tablet=&#8221;.vc_custom_1696581973296{padding-left: 15% !important;}&#8221;]Voted by the specialized press as one of the best native sparkling wines in Italy, Lugana Brut Olivini is energetic, alternating delicate florality on the nose with sweet, fleshy fruit with strong hints of fresh bread. The mouth, however, offers the best in the finish, where it is dominated by the most beautiful territorial trait, a limestone mineral perfectly integrated with a frank texture, of beautiful acid tension.[\/vc_column_text]\n\t<div class=\"title-subtitle-box  vc_custom_1695040088625 vc_custom_1695040088625\" style=\" text-align: left;\">\n\t\t<h6 style=\" color:#000000;  font-style: normal;\">ROS\u00c9 METODO CLASSICO (Traditional method ros\u00e9)<\/h6>\n\t<\/div> [vc_column_text css_animation=&#8221;&#8221; css=&#8221;.vc_custom_1695040064275{padding-left: 15% !important;}&#8221; css_tablet=&#8221;.vc_custom_1695040064275{padding-left: 15% !important;}&#8221;]From a terroir highly suitable for the production of still ros\u00e9 wines, instinct also came to inspire a Garda Ros\u00e8 Doc Brut Metodo Classico. The proven suitability for ros\u00e9 wine-making of the Groppello variety made it a natural choice as the main element of this wine.\u00a0 Other varieties such as Barbera Marzemino and Sangiovese then serve to complete the wine, with their own peculiarities competing to perfect the sensory profile of the product. The results of a careful wine-making process, culminating in the ability to know the right moment to separate the must from the skins, leads to a charming pinkish-coloured sparkling wine and an exuberant white foam with an elegant palate that is well-structured and persistent. The long ageing on lees gives the wine sweet notes of cherry and rose on a background of acacia honey and yellow fruit preserves.[\/vc_column_text]\n\t<div class=\"title-subtitle-box  vc_custom_1695040133892 vc_custom_1695040133893\" style=\" text-align: left;\">\n\t\t<h6 style=\" color:#000000;  font-style: normal;\">METODO CLASSICO AUTOCTONO (Indigenous traditional method)<\/h6>\n\t<\/div> [vc_column_text css_animation=&#8221;&#8221; css=&#8221;.vc_custom_1695040123348{padding-left: 15% !important;}&#8221; css_tablet=&#8221;.vc_custom_1695040123348{padding-left: 15% !important;}&#8221;]Over the years we have realised that we are not alone in our belief in the production of sparkling wines with indigenous grapes in Italy. 2005 saw the creation of ANIMA, the Italian national association for indigenous traditional method wines ( <a href=\"http:\/\/www.metodoclassico.org\" target=\"_blank\" rel=\"noopener\">www.metodoclassico.org<\/a>), on the basis that the most famous sparkling wine in the world, namely champagne, is produced with indigenous grapes that have acclimatised and set down roots over many centuries in a micro-zone, just like the varieties of the association producers.[\/vc_column_text][\/vc_column_inner][\/vc_row_inner][\/vc_column][\/vc_row][vc_row full_width=&#8221;stretch_row&#8221; css_animation=&#8221;&#8221; css=&#8221;.vc_custom_1759394200465{padding-top: 100px !important;padding-bottom: 90px !important;background-color: #4d5a31 !important;background-position: center !important;background-repeat: no-repeat !important;background-size: cover !important;}&#8221;][vc_column css_animation=&#8221;&#8221;][vc_column_text css_animation=&#8221;&#8221; el_id=&#8221;tit55&#8243;]<\/p>\n<h3 style=\"text-align: center;\">Subscribe to our newsletter<\/h3>\n<p>[\/vc_column_text]<div class=\"vc_widget vc_widget_mailchimp   \"><div class=\"widget widget_mc4wp_form_widget\"><script>(function() {\n\twindow.mc4wp = window.mc4wp || {\n\t\tlisteners: [],\n\t\tforms: {\n\t\t\ton: function(evt, cb) {\n\t\t\t\twindow.mc4wp.listeners.push(\n\t\t\t\t\t{\n\t\t\t\t\t\tevent   : evt,\n\t\t\t\t\t\tcallback: cb\n\t\t\t\t\t}\n\t\t\t\t);\n\t\t\t}\n\t\t}\n\t}\n})();\n<\/script><!-- Mailchimp for WordPress v4.12.2 - https:\/\/wordpress.org\/plugins\/mailchimp-for-wp\/ --><form id=\"mc4wp-form-1\" class=\"mc4wp-form mc4wp-form-336 mc4wp-form-basic\" method=\"post\" data-id=\"336\" data-name=\"Villenoir\" ><div class=\"mc4wp-form-fields\"><style>\r\n  .input-group-btn:last-child::before{display:none}\r\n  ::placeholder {color:#000000 !important;}\r\n<\/style>\r\n<div id=\"formn\">\r\n<div class=\"form-group text-center\">\r\n\t<label class=\"hidden\">Email address: <\/label>\r\n\t<input class=\"form-control\" style=\"height:50px;border:1px solid #ffffff;border-radius:5px;background:#ffffff;\r\n                                       color:#000000;max-width:100% !important\" type=\"email\" name=\"EMAIL\" placeholder=\"Email\" required \/> \r\n<\/div>\r\n<div class=\"form-check\">\r\n        <input type=\"checkbox\" class=\"form-check-input\" id=\"privacy\" name=\"AGREE_TO_TERMS\" value=\"1\" required=\"\">\r\n             <span class=\"form-check-label\" for=\"privacy\" \r\n                   style=\"margin-top:-25px;display:block;padding-left:20px;font-size:12px; \r\n                          !important;color:#ffffff;line-height:1.4\">\r\n         Autorizzo al trattamento dei miei dati personali per fini di comunicazione commerciale e\/o invio di materiale pubblicitario dell'azienda, secondo l'informativa in materia di dati personali ai sensi del Regolamento Europeo (EU) 2017\/679 \u201cGDPR\u201d.\r\n         <\/span>\r\n    <\/div>  \t\r\n<span class=\"input-group-btn text-center\" style=\"text-align:center\">\r\n    \t<input class=\"btn\" style=\"font-size:20px;border:none;color:#ffffff\" type=\"submit\" value=\"Iscriviti\" \/>\r\n  \t<\/span>\r\n<!-- \/input-group -->\r\n<\/div><\/div><label style=\"display: none !important;\">Leave this field empty if you're human: <input type=\"text\" name=\"_mc4wp_honeypot\" value=\"\" tabindex=\"-1\" autocomplete=\"off\" \/><\/label><input type=\"hidden\" name=\"_mc4wp_timestamp\" value=\"1777579177\" \/><input type=\"hidden\" name=\"_mc4wp_form_id\" value=\"336\" \/><input type=\"hidden\" name=\"_mc4wp_form_element_id\" value=\"mc4wp-form-1\" \/><div class=\"mc4wp-response\"><\/div><\/form><!-- \/ Mailchimp for WordPress Plugin --><\/div><\/div>[\/vc_column][\/vc_row]<\/p>\n<\/div>","protected":false},"excerpt":{"rendered":"<p>[vc_row full_width=&#8221;stretch_row&#8221; css_animation=&#8221;&#8221;][vc_column css_animation=&#8221;&#8221;][vc_row_inner equal_height=&#8221;yes&#8221; content_placement=&#8221;top&#8221; css_animation=&#8221;&#8221;][vc_column_inner width=&#8221;1\/2&#8243; css=&#8221;.vc_custom_1688479433568{padding-right: 5% !important;padding-bottom: 5% !important;padding-left: 5% !important;}&#8221;][vc_column_text css_animation=&#8221;&#8221; css=&#8221;.vc_custom_1695038904314{padding-right: 60px !important;}&#8221;]We move on tiptoe in our vineyards. We want our intervention on the rows of vines, the fruit, and therefore on the wine-making, to be minimal. We are in pursuit of purity, not only during wine-making, but<br class=\"read-more-spacer\"> <a class=\"more-link\" href=\"https:\/\/www.famigliaolivini.com\/en\/\">Read More<\/a><\/p>\n","protected":false},"author":1,"featured_media":0,"parent":0,"menu_order":0,"comment_status":"closed","ping_status":"closed","template":"","meta":{"footnotes":""},"class_list":["post-4665","page","type-page","status-publish","hentry"],"acf":[],"_links":{"self":[{"href":"https:\/\/www.famigliaolivini.com\/en\/wp-json\/wp\/v2\/pages\/4665","targetHints":{"allow":["GET"]}}],"collection":[{"href":"https:\/\/www.famigliaolivini.com\/en\/wp-json\/wp\/v2\/pages"}],"about":[{"href":"https:\/\/www.famigliaolivini.com\/en\/wp-json\/wp\/v2\/types\/page"}],"author":[{"embeddable":true,"href":"https:\/\/www.famigliaolivini.com\/en\/wp-json\/wp\/v2\/users\/1"}],"replies":[{"embeddable":true,"href":"https:\/\/www.famigliaolivini.com\/en\/wp-json\/wp\/v2\/comments?post=4665"}],"version-history":[{"count":20,"href":"https:\/\/www.famigliaolivini.com\/en\/wp-json\/wp\/v2\/pages\/4665\/revisions"}],"predecessor-version":[{"id":7092,"href":"https:\/\/www.famigliaolivini.com\/en\/wp-json\/wp\/v2\/pages\/4665\/revisions\/7092"}],"wp:attachment":[{"href":"https:\/\/www.famigliaolivini.com\/en\/wp-json\/wp\/v2\/media?parent=4665"}],"curies":[{"name":"wp","href":"https:\/\/api.w.org\/{rel}","templated":true}]}}