{"id":5542,"date":"2024-01-23T14:31:10","date_gmt":"2024-01-23T13:31:10","guid":{"rendered":"https:\/\/www.famigliaolivini.com\/?page_id=5542"},"modified":"2025-10-09T14:12:40","modified_gmt":"2025-10-09T12:12:40","slug":"grappa-di-lugana-invecchiata","status":"publish","type":"page","link":"https:\/\/www.famigliaolivini.com\/de\/grappa-di-lugana-invecchiata\/","title":{"rendered":"Grappa di Lugana Invecchiata"},"content":{"rendered":"<div class=\"wpb-content-wrapper\"><p>[vc_row css_animation=&#8220;&#8220; css=&#8220;.vc_custom_1701381013562{margin-bottom: 0px !important;border-bottom-width: 0px !important;padding-bottom: 0px !important;}&#8220; css_mobile=&#8220;.vc_custom_1701381013562{padding-top: 20px !important;padding-bottom: 20px !important;}&#8220;][vc_column width=&#8220;1\/2&#8243; css_animation=&#8220;&#8220; offset=&#8220;vc_col-lg-6 vc_col-xs-12&#8243;][vc_single_image image=&#8220;3202&#8243; img_size=&#8220;full&#8220; alignment=&#8220;center&#8220; css_animation=&#8220;&#8220; css=&#8220;.vc_custom_1689239131147{margin-bottom: 0px !important;}&#8220;][\/vc_column][vc_column width=&#8220;1\/2&#8243; css_animation=&#8220;&#8220; offset=&#8220;vc_col-lg-6 vc_col-xs-12&#8243;][vc_column_text css_animation=&#8220;&#8220; css=&#8220;.vc_custom_1689239154370{margin-bottom: 10px !important;}&#8220;]<\/p>\n<h1>GRAPPA DI LUGANA INVECCHIATA<\/h1>\n<p>[\/vc_column_text][vc_column_text css_animation=&#8220;&#8220;]<\/p>\n<h4>BARRICATA<\/h4>\n<p>[\/vc_column_text][vc_column_text css_animation=&#8220;&#8220;]<\/p>\n<div class=\"tit\">Die Aromen verschmelzen zu einer breiten und umh\u00fcllenden Nachhaltigkeit.<\/div>\n<p>[\/vc_column_text][vc_column_text css_animation=&#8220;&#8220; css=&#8220;.vc_custom_1701381960711{margin-top: 60px !important;margin-bottom: 60px !important;}&#8220;]Nasce dall\u2019artigianale distillazione a vapore delle nostre migliori vinacce di Lugana in piccole barriques di rovere.<\/p>\n<p>Colore giallo paglierino carico con riflessi dorati.[\/vc_column_text][vc_column_text css_animation=&#8220;&#8220;]<\/p>\n<div class=\"buynow\"><a href=\"https:\/\/shop.famigliaolivini.com\/collections\/grappe\/products\/grappa-di-lugana-invecchiata\" target=\"_blank\" rel=\"noopener\">KAUFE JETZT<\/a><\/div>\n<p>[\/vc_column_text][\/vc_column][\/vc_row][vc_section][vc_row css_animation=&#8220;&#8220;][vc_column css_animation=&#8220;&#8220;]\n\t<div class=\"title-subtitle-box \" style=\" text-align: left;\">\n\t\t<p  style=\"\">Agricoltura Ragionata\u00ae<\/p>\n\t\t<h2 style=\" font-size:45pxpx; line-height: normal; font-style: normal;\">Es ist unsere Philosophie.<br \/>\nEine Methode, die \u00fcber Generationen weitergegeben wurde.<\/h2>\n\t<\/div> [vc_row_inner css_animation=&#8220;&#8220; css=&#8220;.vc_custom_1688566738733{margin-top: 100px !important;margin-bottom: 0px !important;}&#8220;][vc_column_inner width=&#8220;1\/2&#8243; css=&#8220;.vc_custom_1688567769959{padding-top: 5% !important;padding-right: 5% !important;padding-bottom: 5% !important;padding-left: 5% !important;}&#8220; offset=&#8220;vc_col-lg-5&#8243;]\n\t<div class=\"title-subtitle-box  vc_custom_1689239413643 spec\" style=\" text-align: left;\">\n\t\t<h2 style=\" font-size:45pxpx; line-height: normal; font-style: normal;\">Grappa di Lugana Invecchiata<\/h2>\n\t<\/div> \n\t<div class=\"title-subtitle-box  spec\" style=\" text-align: left;\">\n\t\t<h6 style=\" font-style: normal; text-transform: uppercase;\">Raffinesse<\/h6>\n\t<\/div> [vc_column_text css_animation=&#8220;&#8220;]In Eichenf\u00e4ssern[\/vc_column_text]\n\t<div class=\"title-subtitle-box  spec\" style=\" text-align: left;\">\n\t\t<h6 style=\" font-style: normal; text-transform: uppercase;\">ORGANOLEPTISCHE EIGENSCHAFTEN<\/h6>\n\t<\/div> [vc_column_text css_animation=&#8220;&#8220;]Es wird aus Lugana-Trester gewonnen und hat eine klare und bernsteinfarbene Farbe. In der Nase hat er einen breiten, umh\u00fcllenden Duft mit gro\u00dfer Pers\u00f6nlichkeit.<\/p>\n<p>Im Mund best\u00e4tigt der elegante und reichhaltige Geschmack die Geruchsempfindungen. Empfohlene Serviertemperatur zwischen 14\u00b0 und 18\u00b0[\/vc_column_text]\n\t<div class=\"title-subtitle-box  spec\" style=\" text-align: left;\">\n\t\t<h6 style=\" font-style: normal; text-transform: uppercase;\">CHEMISCHE ANALYSE<\/h6>\n\t<\/div> [vc_column_text css_animation=&#8220;&#8220;]Alkoholgehalt: 45 Vol.%[\/vc_column_text]\n\t<div class=\"title-subtitle-box  spec\" style=\" text-align: left;\">\n\t\t<h6 style=\" font-style: normal; text-transform: uppercase;\">DESTILLATIONSMETHODE<\/h6>\n\t<\/div> [vc_column_text css_animation=&#8220;&#8220;]Diskontinuierlich[\/vc_column_text]\n\t<div class=\"title-subtitle-box  spec\" style=\" text-align: left;\">\n\t\t<h6 style=\" font-style: normal; text-transform: uppercase;\">DESTILLATIONSMETHODE<\/h6>\n\t<\/div> [vc_column_text css_animation=&#8220;&#8220;]kleine Kupferkessel[\/vc_column_text]\n\t<div class=\"title-subtitle-box  spec\" style=\" text-align: left;\">\n\t\t<h6 style=\" font-style: normal; text-transform: uppercase;\">DESTILLATIONSTEMPERATUR<\/h6>\n\t<\/div> [vc_column_text css_animation=&#8220;&#8220;]110\u00b0 im Wasserdampf[\/vc_column_text]\n\t<div class=\"title-subtitle-box  spec\" style=\" text-align: left;\">\n\t\t<h6 style=\" font-style: normal; text-transform: uppercase;\">Altern<\/h6>\n\t<\/div> [vc_column_text css_animation=&#8220;&#8220;]\u00dcber 18 Monate in kleinen Eichenf\u00e4ssern[\/vc_column_text]\n\t<div class=\"title-subtitle-box  spec\" style=\" text-align: left;\">\n\t\t<h6 style=\" font-style: normal; text-transform: uppercase;\">Hergestellt in Italien<\/h6>\n\t<\/div> [vc_column_text css_animation=&#8220;&#8220;]<\/p>\n<div class=\"buynow\"><a href=\"https:\/\/shop.famigliaolivini.com\/collections\/grappe\/products\/grappa-di-lugana-invecchiata\" target=\"_blank\" rel=\"noopener\">KAUFE JETZT<\/a> <a href=\"https:\/\/www.famigliaolivini.com\/wp-content\/uploads\/2024\/03\/grappa-lugana-invecchiato-de.pdf\" target=\"_blank\" rel=\"noopener\">PDF HERUNTERLADEN<\/a><\/div>\n<p>[\/vc_column_text][\/vc_column_inner][vc_column_inner width=&#8220;1\/2&#8243; offset=&#8220;vc_col-lg-offset-1&#8243;][vc_single_image image=&#8220;3377&#8243; img_size=&#8220;full&#8220; alignment=&#8220;center&#8220; css_animation=&#8220;&#8220; css=&#8220;.vc_custom_1689239375431{margin-bottom: 0px !important;}&#8220;][\/vc_column_inner][\/vc_row_inner][vc_row_inner css_animation=&#8220;&#8220; css=&#8220;.vc_custom_1688568339894{margin-top: 100px !important;margin-bottom: 0px !important;}&#8220;][vc_column_inner width=&#8220;1\/2&#8243;][vc_single_image image=&#8220;5441&#8243; img_size=&#8220;full&#8220; alignment=&#8220;center&#8220; css_animation=&#8220;&#8220; css=&#8220;.vc_custom_1705583963848{margin-bottom: 0px !important;}&#8220;][\/vc_column_inner][vc_column_inner width=&#8220;1\/2&#8243; css=&#8220;.vc_custom_1488885265853{padding: 5% !important;}&#8220;]\n\t<div class=\"title-subtitle-box  abb\" style=\" text-align: left;\">\n\t\t<p  style=\"\">PARF\u00dcME<\/p>\n\t\t<h2 style=\" font-size:45pxpx; line-height: normal; font-style: normal;\">Ein herrliches Konzert der Empfindungen, in dem reife Fr\u00fcchte, schwarze Johannisbeeren, Aprikosen, Kakao und Vanille hervorstechen.<\/h2>\n\t<\/div> [\/vc_column_inner][\/vc_row_inner][\/vc_column][\/vc_row][\/vc_section][vc_row full_width=&#8220;stretch_row&#8220; css_animation=&#8220;&#8220; css=&#8220;.vc_custom_1760011954118{padding-top: 100px !important;padding-bottom: 90px !important;background-color: #000000 !important;background-position: center !important;background-repeat: no-repeat !important;background-size: cover !important;}&#8220;][vc_column css_animation=&#8220;&#8220;][vc_column_text css_animation=&#8220;&#8220; el_id=&#8220;tit55&#8243;]<\/p>\n<h3 style=\"text-align: center;\">Abonnieren Sie den Newsletter<\/h3>\n<p>[\/vc_column_text]<div class=\"vc_widget vc_widget_mailchimp   \"><div class=\"widget widget_mc4wp_form_widget\"><script>(function() {\n\twindow.mc4wp = window.mc4wp || {\n\t\tlisteners: [],\n\t\tforms: {\n\t\t\ton: function(evt, cb) {\n\t\t\t\twindow.mc4wp.listeners.push(\n\t\t\t\t\t{\n\t\t\t\t\t\tevent   : evt,\n\t\t\t\t\t\tcallback: cb\n\t\t\t\t\t}\n\t\t\t\t);\n\t\t\t}\n\t\t}\n\t}\n})();\n<\/script><!-- Mailchimp for WordPress v4.12.2 - https:\/\/wordpress.org\/plugins\/mailchimp-for-wp\/ --><form id=\"mc4wp-form-1\" class=\"mc4wp-form mc4wp-form-336 mc4wp-form-basic\" method=\"post\" data-id=\"336\" data-name=\"Villenoir\" ><div class=\"mc4wp-form-fields\"><style>\r\n  .input-group-btn:last-child::before{display:none}\r\n  ::placeholder {color:#000000 !important;}\r\n<\/style>\r\n<div id=\"formn\">\r\n<div class=\"form-group text-center\">\r\n\t<label class=\"hidden\">Email address: <\/label>\r\n\t<input class=\"form-control\" style=\"height:50px;border:1px solid #ffffff;border-radius:5px;background:#ffffff;\r\n                                       color:#000000;max-width:100% !important\" type=\"email\" name=\"EMAIL\" placeholder=\"Email\" required \/> \r\n<\/div>\r\n<div class=\"form-check\">\r\n        <input type=\"checkbox\" class=\"form-check-input\" id=\"privacy\" name=\"AGREE_TO_TERMS\" value=\"1\" required=\"\">\r\n             <span class=\"form-check-label\" for=\"privacy\" \r\n                   style=\"margin-top:-25px;display:block;padding-left:20px;font-size:12px; \r\n                          !important;color:#ffffff;line-height:1.4\">\r\n         Autorizzo al trattamento dei miei dati personali per fini di comunicazione commerciale e\/o invio di materiale pubblicitario dell'azienda, secondo l'informativa in materia di dati personali ai sensi del Regolamento Europeo (EU) 2017\/679 \u201cGDPR\u201d.\r\n         <\/span>\r\n    <\/div>  \t\r\n<span class=\"input-group-btn text-center\" style=\"text-align:center\">\r\n    \t<input class=\"btn\" style=\"font-size:20px;border:none;color:#ffffff\" type=\"submit\" value=\"Iscriviti\" \/>\r\n  \t<\/span>\r\n<!-- \/input-group -->\r\n<\/div><\/div><label style=\"display: none !important;\">Wenn du ein Mensch bist, lasse das Feld leer: <input type=\"text\" name=\"_mc4wp_honeypot\" value=\"\" tabindex=\"-1\" autocomplete=\"off\" \/><\/label><input type=\"hidden\" name=\"_mc4wp_timestamp\" value=\"1776830321\" \/><input type=\"hidden\" name=\"_mc4wp_form_id\" value=\"336\" \/><input type=\"hidden\" name=\"_mc4wp_form_element_id\" value=\"mc4wp-form-1\" \/><div class=\"mc4wp-response\"><\/div><\/form><!-- \/ Mailchimp for WordPress Plugin --><\/div><\/div>[\/vc_column][\/vc_row]<\/p>\n<\/div>","protected":false},"excerpt":{"rendered":"<p>[vc_row css_animation=&#8220;&#8220; css=&#8220;.vc_custom_1701381013562{margin-bottom: 0px !important;border-bottom-width: 0px !important;padding-bottom: 0px !important;}&#8220; css_mobile=&#8220;.vc_custom_1701381013562{padding-top: 20px !important;padding-bottom: 20px !important;}&#8220;][vc_column width=&#8220;1\/2&#8243; css_animation=&#8220;&#8220; offset=&#8220;vc_col-lg-6 vc_col-xs-12&#8243;][vc_single_image image=&#8220;3202&#8243; img_size=&#8220;full&#8220; alignment=&#8220;center&#8220; css_animation=&#8220;&#8220; css=&#8220;.vc_custom_1689239131147{margin-bottom: 0px !important;}&#8220;][\/vc_column][vc_column width=&#8220;1\/2&#8243; css_animation=&#8220;&#8220; offset=&#8220;vc_col-lg-6 vc_col-xs-12&#8243;][vc_column_text css_animation=&#8220;&#8220; css=&#8220;.vc_custom_1689239154370{margin-bottom: 10px !important;}&#8220;] GRAPPA DI LUGANA INVECCHIATA [\/vc_column_text][vc_column_text css_animation=&#8220;&#8220;] BARRICATA [\/vc_column_text][vc_column_text css_animation=&#8220;&#8220;] Die Aromen verschmelzen zu einer breiten und umh\u00fcllenden Nachhaltigkeit. [\/vc_column_text][vc_column_text css_animation=&#8220;&#8220; css=&#8220;.vc_custom_1701381960711{margin-top: 60px<br class=\"read-more-spacer\"> <a class=\"more-link\" href=\"https:\/\/www.famigliaolivini.com\/de\/grappa-di-lugana-invecchiata\/\">Read More<\/a><\/p>\n","protected":false},"author":3,"featured_media":0,"parent":0,"menu_order":0,"comment_status":"closed","ping_status":"closed","template":"","meta":{"footnotes":""},"class_list":["post-5542","page","type-page","status-publish","hentry"],"acf":[],"_links":{"self":[{"href":"https:\/\/www.famigliaolivini.com\/de\/wp-json\/wp\/v2\/pages\/5542","targetHints":{"allow":["GET"]}}],"collection":[{"href":"https:\/\/www.famigliaolivini.com\/de\/wp-json\/wp\/v2\/pages"}],"about":[{"href":"https:\/\/www.famigliaolivini.com\/de\/wp-json\/wp\/v2\/types\/page"}],"author":[{"embeddable":true,"href":"https:\/\/www.famigliaolivini.com\/de\/wp-json\/wp\/v2\/users\/3"}],"replies":[{"embeddable":true,"href":"https:\/\/www.famigliaolivini.com\/de\/wp-json\/wp\/v2\/comments?post=5542"}],"version-history":[{"count":10,"href":"https:\/\/www.famigliaolivini.com\/de\/wp-json\/wp\/v2\/pages\/5542\/revisions"}],"predecessor-version":[{"id":7065,"href":"https:\/\/www.famigliaolivini.com\/de\/wp-json\/wp\/v2\/pages\/5542\/revisions\/7065"}],"wp:attachment":[{"href":"https:\/\/www.famigliaolivini.com\/de\/wp-json\/wp\/v2\/media?parent=5542"}],"curies":[{"name":"wp","href":"https:\/\/api.w.org\/{rel}","templated":true}]}}