{"id":5532,"date":"2024-01-22T14:53:58","date_gmt":"2024-01-22T13:53:58","guid":{"rendered":"https:\/\/www.famigliaolivini.com\/?page_id=5532"},"modified":"2025-10-07T11:06:37","modified_gmt":"2025-10-07T09:06:37","slug":"condolcezza-vino-bianco-dolce","status":"publish","type":"page","link":"https:\/\/www.famigliaolivini.com\/de\/condolcezza-vino-bianco-dolce\/","title":{"rendered":"Condolcezza vino bianco dolce"},"content":{"rendered":"<div class=\"wpb-content-wrapper\"><p>[vc_row css_animation=&#8220;&#8220; css_tablet=&#8220;.vc_custom_1695223110482{padding-top: 20px !important;padding-bottom: 20px !important;}&#8220; css_mobile=&#8220;.vc_custom_1695223110482{padding-top: 20px !important;padding-bottom: 20px !important;}&#8220;][vc_column width=&#8220;1\/2&#8243; css_animation=&#8220;&#8220; offset=&#8220;vc_col-lg-6 vc_col-xs-12&#8243;][vc_single_image image=&#8220;3188&#8243; img_size=&#8220;full&#8220; alignment=&#8220;center&#8220; css_animation=&#8220;&#8220; css=&#8220;.vc_custom_1695239755473{margin-bottom: 0px !important;}&#8220;][\/vc_column][vc_column width=&#8220;1\/2&#8243; css_animation=&#8220;&#8220; offset=&#8220;vc_col-lg-6 vc_col-xs-12&#8243;][vc_column_text css_animation=&#8220;&#8220; css=&#8220;.vc_custom_1688562553619{margin-bottom: 10px !important;}&#8220;]<\/p>\n<h1>CONDOLCEZZA<\/h1>\n<p>[\/vc_column_text][vc_column_text css_animation=&#8220;&#8220;]<\/p>\n<h4>S\u00dc\u00dfER WEISSWEIN<\/h4>\n<p>[\/vc_column_text][vc_column_text css_animation=&#8220;&#8220;]<\/p>\n<div class=\"tit\">S\u00fc\u00df und aromatisch wie eine reife Frucht, es macht berauschend.<\/div>\n<p>[\/vc_column_text][vc_column_text css_animation=&#8220;&#8220; css=&#8220;.vc_custom_1705928949121{margin-top: 60px !important;margin-bottom: 60px !important;}&#8220; css_mobile=&#8220;.vc_custom_1705928949122{margin-top: 10px !important;margin-bottom: 10px !important;}&#8220;]Dieser Wein wird aus sorgf\u00e4ltig ausgelesenen, einige Monate antrocknen gelassenen Trauben erzeugt. Auf das Keltern folgt eine langsame G\u00e4rung in Barriques. S\u00fc\u00dfer Wein mit Duftnoten nach reifem Obst und Konfit\u00fcre sowie einem Hauch Vanille. Extrem fein und elegant, mit besonders langanhaltenden Aromen.[\/vc_column_text][vc_column_text css_animation=&#8220;&#8220; css=&#8220;.vc_custom_1705931623214{padding-top: 5% !important;padding-right: 5% !important;padding-bottom: 5% !important;padding-left: 5% !important;}&#8220; css_mobile=&#8220;.vc_custom_1705931623215{padding-top: 0px !important;padding-right: 0px !important;padding-bottom: 0px !important;padding-left: 0px !important;}&#8220;]<\/p>\n<div class=\"buynow\"><a href=\"https:\/\/shop.famigliaolivini.com\/products\/condolcezza\" target=\"_blank\" rel=\"noopener\">KAUFE JETZT<\/a><\/div>\n<p>[\/vc_column_text][\/vc_column][\/vc_row][vc_section][vc_row reverse_columns_mobile=&#8220;yes&#8220; css_animation=&#8220;&#8220; css_mobile=&#8220;.vc_custom_1695224278236{margin-top: 10px !important;padding-top: 20px !important;padding-bottom: 20px !important;}&#8220;][vc_column css_animation=&#8220;&#8220;]\n\t<div class=\"title-subtitle-box \" style=\" text-align: left;\">\n\t\t<p  style=\"\">Agricoltura Ragionata\u00ae<\/p>\n\t\t<h2 style=\" font-size:45pxpx; line-height: normal; font-style: normal;\">Es ist unsere Philosophie.<br \/>\nEine Methode, die \u00fcber Generationen weitergegeben wurde.<\/h2>\n\t<\/div> [vc_row_inner css_animation=&#8220;&#8220; css=&#8220;.vc_custom_1695223463051{margin-top: 100px !important;margin-bottom: 0px !important;}&#8220; css_mobile=&#8220;.vc_custom_1695223463051{margin-top: 20px !important;padding-top: 20px !important;padding-bottom: 20px !important;}&#8220;][vc_column_inner width=&#8220;1\/2&#8243; css=&#8220;.vc_custom_1695223518152{padding-top: 5% !important;padding-right: 5% !important;padding-bottom: 5% !important;padding-left: 5% !important;}&#8220; offset=&#8220;vc_col-lg-5 vc_hidden-xs&#8220;]\n\t<div class=\"title-subtitle-box  vc_custom_1688567645156 spec\" style=\" text-align: left;\">\n\t\t<h2 style=\" font-size:45pxpx; line-height: normal; font-style: normal;\">Condolcezza<\/h2>\n\t<\/div> \n\t<div class=\"title-subtitle-box  spec\" style=\" text-align: left;\">\n\t\t<h6 style=\" font-style: normal; text-transform: uppercase;\">Ursprungsbezeichnung<\/h6>\n\t<\/div> [vc_column_text css_animation=&#8220;&#8220;]Wein aus \u00fcberreifen Bianco Dolce[\/vc_column_text]\n\t<div class=\"title-subtitle-box  spec\" style=\" text-align: left;\">\n\t\t<h6 style=\" font-style: normal; text-transform: uppercase;\">Empfohlene Temperatur<\/h6>\n\t<\/div> [vc_column_text css_animation=&#8220;&#8220;]10-12\u00b0 C[\/vc_column_text]\n\t<div class=\"title-subtitle-box  spec\" style=\" text-align: left;\">\n\t\t<h6 style=\" font-style: normal; text-transform: uppercase;\">Weinbereitung<\/h6>\n\t<\/div> [vc_column_text css_animation=&#8220;&#8220;]Manuelle Lese, langes Antrocknen der Beeren auf dem Dachboden, G\u00e4rung bei niedriger Temperatur mit fruchteigenen Hefen.[\/vc_column_text]\n\t<div class=\"title-subtitle-box  spec\" style=\" text-align: left;\">\n\t\t<h6 style=\" font-style: normal; text-transform: uppercase;\">Organoleptische Eigenschaften<\/h6>\n\t<\/div> [vc_column_text css_animation=&#8220;&#8220;]Goldgelbe Farbe, intensives Bukett mit Noten von Pfirsich, Ananas und Vanille, ausgezeichnete Struktur und Dickfl\u00fcssigkeit, s\u00fc\u00df, jedoch nicht \u00fcberm\u00e4\u00dfig.[\/vc_column_text]\n\t<div class=\"title-subtitle-box  spec\" style=\" text-align: left;\">\n\t\t<h6 style=\" font-style: normal; text-transform: uppercase;\">Hergestellt in Italien<\/h6>\n\t<\/div> [vc_column_text css_animation=&#8220;&#8220;]<\/p>\n<div class=\"buynow\"><a href=\"https:\/\/shop.famigliaolivini.com\/products\/condolcezza\" target=\"_blank\" rel=\"noopener\">KAUFE JETZT<\/a> <a href=\"https:\/\/www.famigliaolivini.com\/wp-content\/uploads\/2024\/03\/condolcezza-de.pdf\" target=\"_blank\" rel=\"noopener\">PDF HERUNTERLADEN<\/a><\/div>\n<p>[\/vc_column_text][\/vc_column_inner][vc_column_inner width=&#8220;1\/2&#8243; offset=&#8220;vc_col-lg-offset-1 vc_hidden-xs&#8220;][vc_single_image image=&#8220;3259&#8243; img_size=&#8220;full&#8220; alignment=&#8220;center&#8220; css_animation=&#8220;&#8220; css=&#8220;.vc_custom_1688566692255{margin-bottom: 0px !important;}&#8220;][\/vc_column_inner][\/vc_row_inner][\/vc_column][\/vc_row][\/vc_section][vc_section css=&#8220;.vc_custom_1695252214114{padding-bottom: 20px !important;}&#8220;][vc_row reverse_columns_mobile=&#8220;yes&#8220; css_animation=&#8220;&#8220; css_mobile=&#8220;.vc_custom_1695224278236{margin-top: 10px !important;padding-top: 20px !important;padding-bottom: 20px !important;}&#8220;][vc_column css_animation=&#8220;&#8220; offset=&#8220;vc_hidden-lg vc_hidden-md vc_hidden-sm&#8220;][vc_single_image image=&#8220;3259&#8243; img_size=&#8220;full&#8220; alignment=&#8220;center&#8220; css_animation=&#8220;&#8220; css=&#8220;.vc_custom_1688566692255{margin-bottom: 0px !important;}&#8220;]\n\t<div class=\"title-subtitle-box  vc_custom_1695252179440 spec\" style=\" text-align: left;\">\n\t\t<h2 style=\" font-size:45pxpx; line-height: normal; font-style: normal;\">Condolcezza<\/h2>\n\t<\/div> \n\t<div class=\"title-subtitle-box  spec\" style=\" text-align: left;\">\n\t\t<h6 style=\" font-style: normal; text-transform: uppercase;\">URSPRUNGSBEZEICHNUNG<\/h6>\n\t<\/div> [vc_column_text css_animation=&#8220;&#8220;]Wein aus \u00fcberreifen Bianco Dolce Trauben.[\/vc_column_text]\n\t<div class=\"title-subtitle-box  spec\" style=\" text-align: left;\">\n\t\t<h6 style=\" font-style: normal; text-transform: uppercase;\">Traubenmischung<\/h6>\n\t<\/div> [vc_column_text css_animation=&#8220;&#8220;]Reiner Trebbiano di Lugana[\/vc_column_text]\n\t<div class=\"title-subtitle-box  spec\" style=\" text-align: left;\">\n\t\t<h6 style=\" font-style: normal; text-transform: uppercase;\">Alkoholgehalt<\/h6>\n\t<\/div> [vc_column_text css_animation=&#8220;&#8220;]12,5% vol[\/vc_column_text]\n\t<div class=\"title-subtitle-box  spec\" style=\" text-align: left;\">\n\t\t<h6 style=\" font-style: normal; text-transform: uppercase;\">Betriebstemperatur<\/h6>\n\t<\/div> [vc_column_text css_animation=&#8220;&#8220;]10-12\u00b0 C[\/vc_column_text]\n\t<div class=\"title-subtitle-box  spec\" style=\" text-align: left;\">\n\t\t<h6 style=\" font-style: normal; text-transform: uppercase;\">Weinbereitung<\/h6>\n\t<\/div> [vc_column_text css_animation=&#8220;&#8220;]Manuelle Lese, langes Antrocknen der Beeren auf dem Dachboden, G\u00e4rung bei niedriger Temperatur mit fruchteigenen Hefen.[\/vc_column_text]\n\t<div class=\"title-subtitle-box  spec\" style=\" text-align: left;\">\n\t\t<h6 style=\" font-style: normal; text-transform: uppercase;\">Organoleptische Eigenschaften<\/h6>\n\t<\/div> [vc_column_text css_animation=&#8220;&#8220;]Goldgelbe Farbe, intensives Bukett mit Noten von Pfirsich, Ananas und Vanille, ausgezeichnete Struktur und Dickfl\u00fcssigkeit, s\u00fc\u00df, jedoch nicht \u00fcberm\u00e4\u00dfig.[\/vc_column_text][vc_column_text css_animation=&#8220;&#8220;]<\/p>\n<div class=\"buynow\"><a href=\"https:\/\/shop.famigliaolivini.com\/products\/condolcezza\" target=\"_blank\" rel=\"noopener\">ACQUISTA ORA<\/a> <a href=\"https:\/\/www.famigliaolivini.com\/wp-content\/uploads\/2023\/07\/scheda-condolcezza.pdf\" target=\"_blank\" rel=\"noopener\">SCHEDA TECNICA<\/a><\/div>\n<p>[\/vc_column_text][\/vc_column][\/vc_row][\/vc_section][vc_row css_animation=&#8220;&#8220; css=&#8220;.vc_custom_1695252318299{padding-top: 20px !important;}&#8220;][vc_column width=&#8220;1\/2&#8243; css_animation=&#8220;&#8220;][vc_single_image image=&#8220;3262&#8243; img_size=&#8220;full&#8220; alignment=&#8220;center&#8220; css_animation=&#8220;&#8220; css=&#8220;.vc_custom_1688567985132{margin-bottom: 0px !important;}&#8220;][\/vc_column][vc_column width=&#8220;1\/2&#8243; css_animation=&#8220;&#8220;]\n\t<div class=\"title-subtitle-box  vc_custom_1705930432380 abb\" style=\" text-align: left;\">\n\t\t<p  style=\"\">KOMBINATIONEN<\/p>\n\t\t<h2 style=\" font-size:45pxpx; line-height: normal; font-style: normal;\">Ideal zu trockenem Feingeb\u00e4ck, Keksen und Kr\u00fcmelkuchen. Ausgezeichnet auch zu Schimmelk\u00e4se.<br \/>\nHervorragend zu Foie gras.<\/h2>\n\t<\/div> [\/vc_column][\/vc_row][vc_row full_width=&#8220;stretch_row&#8220; css_animation=&#8220;&#8220; css=&#8220;.vc_custom_1759827992917{padding-top: 100px !important;padding-bottom: 90px !important;background-color: #000000 !important;background-position: center !important;background-repeat: no-repeat !important;background-size: cover !important;}&#8220; css_mobile=&#8220;.vc_custom_1759827992917{padding-top: 20px !important;padding-bottom: 20px !important;}&#8220;][vc_column css_animation=&#8220;&#8220;][vc_column_text css_animation=&#8220;&#8220; el_id=&#8220;tit55&#8243;]<\/p>\n<h3 style=\"text-align: center;\">Abonnieren Sie den Newsletter<\/h3>\n<p>[\/vc_column_text]<div class=\"vc_widget vc_widget_mailchimp   \"><div class=\"widget widget_mc4wp_form_widget\"><script>(function() {\n\twindow.mc4wp = window.mc4wp || {\n\t\tlisteners: [],\n\t\tforms: {\n\t\t\ton: function(evt, cb) {\n\t\t\t\twindow.mc4wp.listeners.push(\n\t\t\t\t\t{\n\t\t\t\t\t\tevent   : evt,\n\t\t\t\t\t\tcallback: cb\n\t\t\t\t\t}\n\t\t\t\t);\n\t\t\t}\n\t\t}\n\t}\n})();\n<\/script><!-- Mailchimp for WordPress v4.12.5 - https:\/\/wordpress.org\/plugins\/mailchimp-for-wp\/ --><form id=\"mc4wp-form-1\" class=\"mc4wp-form mc4wp-form-336 mc4wp-form-basic\" method=\"post\" data-id=\"336\" data-name=\"Villenoir\" ><div class=\"mc4wp-form-fields\"><style>\r\n  .input-group-btn:last-child::before{display:none}\r\n  ::placeholder {color:#000000 !important;}\r\n<\/style>\r\n<div id=\"formn\">\r\n<div class=\"form-group text-center\">\r\n\t<label class=\"hidden\">Email address: <\/label>\r\n\t<input class=\"form-control\" style=\"height:50px;border:1px solid #ffffff;border-radius:5px;background:#ffffff;\r\n                                       color:#000000;max-width:100% !important\" type=\"email\" name=\"EMAIL\" placeholder=\"Email\" required \/> \r\n<\/div>\r\n<div class=\"form-check\">\r\n        <input type=\"checkbox\" class=\"form-check-input\" id=\"privacy\" name=\"AGREE_TO_TERMS\" value=\"1\" required=\"\">\r\n             <span class=\"form-check-label\" for=\"privacy\" \r\n                   style=\"margin-top:-25px;display:block;padding-left:20px;font-size:12px; \r\n                          !important;color:#ffffff;line-height:1.4\">\r\n         Autorizzo al trattamento dei miei dati personali per fini di comunicazione commerciale e\/o invio di materiale pubblicitario dell'azienda, secondo l'informativa in materia di dati personali ai sensi del Regolamento Europeo (EU) 2017\/679 \u201cGDPR\u201d.\r\n         <\/span>\r\n    <\/div>  \t\r\n<span class=\"input-group-btn text-center\" style=\"text-align:center\">\r\n    \t<input class=\"btn\" style=\"font-size:20px;border:none;color:#ffffff\" type=\"submit\" value=\"Iscriviti\" \/>\r\n  \t<\/span>\r\n<!-- \/input-group -->\r\n<\/div><\/div><label style=\"display: none !important;\">Wenn du ein Mensch bist, lasse das Feld leer: <input type=\"text\" name=\"_mc4wp_honeypot\" value=\"\" tabindex=\"-1\" autocomplete=\"off\" \/><\/label><input type=\"hidden\" name=\"_mc4wp_timestamp\" value=\"1778342849\" \/><input type=\"hidden\" name=\"_mc4wp_form_id\" value=\"336\" \/><input type=\"hidden\" name=\"_mc4wp_form_element_id\" value=\"mc4wp-form-1\" \/><div class=\"mc4wp-response\"><\/div><\/form><!-- \/ Mailchimp for WordPress Plugin --><\/div><\/div>[\/vc_column][\/vc_row]<\/p>\n<\/div>","protected":false},"excerpt":{"rendered":"<p>[vc_row css_animation=&#8220;&#8220; css_tablet=&#8220;.vc_custom_1695223110482{padding-top: 20px !important;padding-bottom: 20px !important;}&#8220; css_mobile=&#8220;.vc_custom_1695223110482{padding-top: 20px !important;padding-bottom: 20px !important;}&#8220;][vc_column width=&#8220;1\/2&#8243; css_animation=&#8220;&#8220; offset=&#8220;vc_col-lg-6 vc_col-xs-12&#8243;][vc_single_image image=&#8220;3188&#8243; img_size=&#8220;full&#8220; alignment=&#8220;center&#8220; css_animation=&#8220;&#8220; css=&#8220;.vc_custom_1695239755473{margin-bottom: 0px !important;}&#8220;][\/vc_column][vc_column width=&#8220;1\/2&#8243; css_animation=&#8220;&#8220; offset=&#8220;vc_col-lg-6 vc_col-xs-12&#8243;][vc_column_text css_animation=&#8220;&#8220; css=&#8220;.vc_custom_1688562553619{margin-bottom: 10px !important;}&#8220;] CONDOLCEZZA [\/vc_column_text][vc_column_text css_animation=&#8220;&#8220;] S\u00dc\u00dfER WEISSWEIN [\/vc_column_text][vc_column_text css_animation=&#8220;&#8220;] S\u00fc\u00df und aromatisch wie eine reife Frucht, es macht berauschend. [\/vc_column_text][vc_column_text css_animation=&#8220;&#8220; css=&#8220;.vc_custom_1705928949121{margin-top: 60px !important;margin-bottom: 60px !important;}&#8220;<br class=\"read-more-spacer\"> <a class=\"more-link\" href=\"https:\/\/www.famigliaolivini.com\/de\/condolcezza-vino-bianco-dolce\/\">Read More<\/a><\/p>\n","protected":false},"author":3,"featured_media":0,"parent":0,"menu_order":0,"comment_status":"closed","ping_status":"closed","template":"","meta":{"footnotes":""},"class_list":["post-5532","page","type-page","status-publish","hentry"],"acf":[],"_links":{"self":[{"href":"https:\/\/www.famigliaolivini.com\/de\/wp-json\/wp\/v2\/pages\/5532","targetHints":{"allow":["GET"]}}],"collection":[{"href":"https:\/\/www.famigliaolivini.com\/de\/wp-json\/wp\/v2\/pages"}],"about":[{"href":"https:\/\/www.famigliaolivini.com\/de\/wp-json\/wp\/v2\/types\/page"}],"author":[{"embeddable":true,"href":"https:\/\/www.famigliaolivini.com\/de\/wp-json\/wp\/v2\/users\/3"}],"replies":[{"embeddable":true,"href":"https:\/\/www.famigliaolivini.com\/de\/wp-json\/wp\/v2\/comments?post=5532"}],"version-history":[{"count":19,"href":"https:\/\/www.famigliaolivini.com\/de\/wp-json\/wp\/v2\/pages\/5532\/revisions"}],"predecessor-version":[{"id":7028,"href":"https:\/\/www.famigliaolivini.com\/de\/wp-json\/wp\/v2\/pages\/5532\/revisions\/7028"}],"wp:attachment":[{"href":"https:\/\/www.famigliaolivini.com\/de\/wp-json\/wp\/v2\/media?parent=5532"}],"curies":[{"name":"wp","href":"https:\/\/api.w.org\/{rel}","templated":true}]}}