{"id":5530,"date":"2024-01-22T13:56:47","date_gmt":"2024-01-22T12:56:47","guid":{"rendered":"https:\/\/www.famigliaolivini.com\/?page_id=5530"},"modified":"2026-03-05T16:14:17","modified_gmt":"2026-03-05T15:14:17","slug":"chiaretto-doc-riviera-del-garda-classico","status":"publish","type":"page","link":"https:\/\/www.famigliaolivini.com\/de\/chiaretto-doc-riviera-del-garda-classico\/","title":{"rendered":"Chiaretto Doc Riviera del Garda Classico"},"content":{"rendered":"<div class=\"wpb-content-wrapper\"><p>[vc_row css_animation=&#8220;&#8220; css=&#8220;.vc_custom_1701380711739{margin-bottom: 0px !important;border-bottom-width: 0px !important;padding-bottom: 0px !important;}&#8220; css_mobile=&#8220;.vc_custom_1701380711739{padding-top: 20px !important;padding-bottom: 20px !important;}&#8220;][vc_column width=&#8220;1\/2&#8243; css_animation=&#8220;&#8220; offset=&#8220;vc_col-lg-6 vc_col-xs-12&#8243;][vc_single_image image=&#8220;7155&#8243; img_size=&#8220;full&#8220; alignment=&#8220;center&#8220; css_animation=&#8220;&#8220; css=&#8220;.vc_custom_1771861036972{margin-bottom: 0px !important;}&#8220;][\/vc_column][vc_column width=&#8220;1\/2&#8243; css_animation=&#8220;&#8220; offset=&#8220;vc_col-lg-6 vc_col-xs-12&#8243;][vc_column_text css_animation=&#8220;&#8220; css=&#8220;.vc_custom_1772636155721{margin-bottom: 10px !important;}&#8220;]<\/p>\n<h1>UNALUNA RIVIERA DEL GARDA CLASSICO VALTENESI CHIARETTO D.O.C.<\/h1>\n<p>[\/vc_column_text][vc_column_text css_animation=&#8220;&#8220;]<\/p>\n<h4>CHIARETTO D.O.C.<\/h4>\n<p>[\/vc_column_text][vc_column_text css_animation=&#8220;&#8220;]<\/p>\n<div class=\"tit\">Ausgesprochen herzhaft und zart blumig.<\/div>\n<p>[\/vc_column_text][vc_column_text css_animation=&#8220;&#8220; css=&#8220;.vc_custom_1705677332107{margin-top: 60px !important;margin-bottom: 60px !important;}&#8220;]Ein dank der besonderen Weinbereitungsmethode einzigartiger Wein aus den Rebsorten Groppello, Marzemino, Barbera und Sangiovese. Von strahlend rosa Farbe pr\u00e4sentiert sich der Wein am Gaumen frisch und \u00e4u\u00dferst wohlschmeckend, zuweilen mit einem Nachgeschmack nach Mandeln. In der Nase entfaltet er besonders zarte blumige Duftnuancen[\/vc_column_text][vc_column_text css_animation=&#8220;&#8220;]<\/p>\n<div class=\"buynow\"><a href=\"https:\/\/shop.famigliaolivini.com\/products\/riviera-del-garda-classico-doc-chiaretto\" target=\"_blank\" rel=\"noopener\">KAUFE JETZT<\/a><\/div>\n<p>[\/vc_column_text][\/vc_column][\/vc_row][vc_section][vc_row css_animation=&#8220;&#8220;][vc_column css_animation=&#8220;&#8220;]\n\t<div class=\"title-subtitle-box \" style=\" text-align: left;\">\n\t\t<p  style=\"\">Agricoltura Ragionata\u00ae<\/p>\n\t\t<h2 style=\" font-size:45pxpx; line-height: normal; font-style: normal;\">Es ist unsere Philosophie.<br \/>\nEine Methode, die \u00fcber Generationen weitergegeben wurde.<\/h2>\n\t<\/div> [vc_row_inner css_animation=&#8220;&#8220; css=&#8220;.vc_custom_1688566738733{margin-top: 100px !important;margin-bottom: 0px !important;}&#8220;][vc_column_inner width=&#8220;1\/2&#8243; css=&#8220;.vc_custom_1688567769959{padding-top: 5% !important;padding-right: 5% !important;padding-bottom: 5% !important;padding-left: 5% !important;}&#8220; offset=&#8220;vc_col-lg-5&#8243;]\n\t<div class=\"title-subtitle-box  vc_custom_1688736974513 spec\" style=\" text-align: left;\">\n\t\t<h2 style=\" font-size:45pxpx; line-height: normal; font-style: normal;\">Chiaretto D.O.C.<\/h2>\n\t<\/div> \n\t<div class=\"title-subtitle-box  spec\" style=\" text-align: left;\">\n\t\t<h6 style=\" font-style: normal; text-transform: uppercase;\">Ursprungsbezeichnung<\/h6>\n\t<\/div> [vc_column_text css_animation=&#8220;&#8220;]Riviera del Garda Classico Chiaretto D.O.C.[\/vc_column_text]\n\t<div class=\"title-subtitle-box  spec\" style=\" text-align: left;\">\n\t\t<h6 style=\" font-style: normal; text-transform: uppercase;\">Traubenmischung<\/h6>\n\t<\/div> [vc_column_text css_animation=&#8220;&#8220;]Groppello, Marzemino, Sangiovese, Barbera[\/vc_column_text]\n\t<div class=\"title-subtitle-box  spec\" style=\" text-align: left;\">\n\t\t<h6 style=\" font-style: normal; text-transform: uppercase;\">Empfohlene Temperatur<\/h6>\n\t<\/div> [vc_column_text css_animation=&#8220;&#8220;]8-10\u00b0 C[\/vc_column_text]\n\t<div class=\"title-subtitle-box  spec\" style=\" text-align: left;\">\n\t\t<h6 style=\" font-style: normal; text-transform: uppercase;\">Weinbereitung<\/h6>\n\t<\/div> [vc_column_text css_animation=&#8220;&#8220;]Manuelle Ernte, Rotweinmazeration bei kontrollierter Temperatur f\u00fcr einige Stunden (12-24 Stunden je nach Jahrgang), alkoholische G\u00e4rung durch ausgew\u00e4hlte Hefen.[\/vc_column_text]\n\t<div class=\"title-subtitle-box  spec\" style=\" text-align: left;\">\n\t\t<h6 style=\" font-style: normal; text-transform: uppercase;\">Organoleptische Eigenschaften<\/h6>\n\t<\/div> [vc_column_text css_animation=&#8220;&#8220;]Strahlend rosa Farbe. Feines und elegantes Bukett mit Ankl\u00e4ngen an Rose und Pfirsich. Am Gaumen frisch und \u00e4u\u00dferst wohlschmeckend, mit einem Nachgeschmack nach Mandeln. Enth\u00e4lt Sulfite.[\/vc_column_text]\n\t<div class=\"title-subtitle-box  spec\" style=\" text-align: left;\">\n\t\t<h6 style=\" font-style: normal; text-transform: uppercase;\">Hergestellt in Italien<\/h6>\n\t<\/div> [vc_column_text css_animation=&#8220;&#8220;]<\/p>\n<div class=\"buynow\"><a href=\"https:\/\/shop.famigliaolivini.com\/products\/riviera-del-garda-classico-doc-chiaretto\" target=\"_blank\" rel=\"noopener\">KAUFE JETZT<\/a> <a href=\"https:\/\/www.famigliaolivini.com\/wp-content\/uploads\/2026\/03\/chiaretto-de.pdf\" target=\"_blank\" rel=\"noopener\">PDF HERUNTERLADEN<\/a><\/div>\n<p>[\/vc_column_text][\/vc_column_inner][vc_column_inner width=&#8220;1\/2&#8243; offset=&#8220;vc_col-lg-offset-1&#8243;][vc_single_image image=&#8220;7187&#8243; img_size=&#8220;full&#8220; alignment=&#8220;center&#8220; css_animation=&#8220;&#8220; css=&#8220;.vc_custom_1772636168365{margin-bottom: 0px !important;}&#8220;][\/vc_column_inner][\/vc_row_inner][vc_row_inner css_animation=&#8220;&#8220; css=&#8220;.vc_custom_1688568339894{margin-top: 100px !important;margin-bottom: 0px !important;}&#8220;][vc_column_inner width=&#8220;1\/2&#8243;][vc_single_image image=&#8220;7192&#8243; img_size=&#8220;full&#8220; alignment=&#8220;center&#8220; css_animation=&#8220;&#8220; css=&#8220;.vc_custom_1772636181115{margin-bottom: 0px !important;}&#8220;][\/vc_column_inner][vc_column_inner width=&#8220;1\/2&#8243; css=&#8220;.vc_custom_1488885265853{padding: 5% !important;}&#8220;]\n\t<div class=\"title-subtitle-box  abb\" style=\" text-align: left;\">\n\t\t<p  style=\"\">KCOMBINATIONEN<\/p>\n\t\t<h2 style=\" font-size:45pxpx; line-height: normal; font-style: normal;\">Ein \u00fcberaus angenehmer Sommeraperitif, ausgezeichnet zu Fisch (besonders S\u00fc\u00dfwasserfisch), frittierten Lauben, gegrillten Sardinen und Spaghetti mit Coregonen-So\u00dfe sowie zu hellen Fleischgerichten.<\/h2>\n\t<\/div> [\/vc_column_inner][\/vc_row_inner][\/vc_column][\/vc_row][\/vc_section][vc_row full_width=&#8220;stretch_row&#8220; css_animation=&#8220;&#8220; css=&#8220;.vc_custom_1759825160920{padding-top: 100px !important;padding-bottom: 90px !important;background-color: #000000 !important;background-position: center !important;background-repeat: no-repeat !important;background-size: cover !important;}&#8220;][vc_column css_animation=&#8220;&#8220;][vc_column_text css_animation=&#8220;&#8220; el_id=&#8220;tit55&#8243;]<\/p>\n<h3 style=\"text-align: center;\">Abonnieren Sie den Newsletter<\/h3>\n<p>[\/vc_column_text]<div class=\"vc_widget vc_widget_mailchimp   \"><div class=\"widget widget_mc4wp_form_widget\"><script>(function() {\n\twindow.mc4wp = window.mc4wp || {\n\t\tlisteners: [],\n\t\tforms: {\n\t\t\ton: function(evt, cb) {\n\t\t\t\twindow.mc4wp.listeners.push(\n\t\t\t\t\t{\n\t\t\t\t\t\tevent   : evt,\n\t\t\t\t\t\tcallback: cb\n\t\t\t\t\t}\n\t\t\t\t);\n\t\t\t}\n\t\t}\n\t}\n})();\n<\/script><!-- Mailchimp for WordPress v4.12.2 - https:\/\/wordpress.org\/plugins\/mailchimp-for-wp\/ --><form id=\"mc4wp-form-1\" class=\"mc4wp-form mc4wp-form-336 mc4wp-form-basic\" method=\"post\" data-id=\"336\" data-name=\"Villenoir\" ><div class=\"mc4wp-form-fields\"><style>\r\n  .input-group-btn:last-child::before{display:none}\r\n  ::placeholder {color:#000000 !important;}\r\n<\/style>\r\n<div id=\"formn\">\r\n<div class=\"form-group text-center\">\r\n\t<label class=\"hidden\">Email address: <\/label>\r\n\t<input class=\"form-control\" style=\"height:50px;border:1px solid #ffffff;border-radius:5px;background:#ffffff;\r\n                                       color:#000000;max-width:100% !important\" type=\"email\" name=\"EMAIL\" placeholder=\"Email\" required \/> \r\n<\/div>\r\n<div class=\"form-check\">\r\n        <input type=\"checkbox\" class=\"form-check-input\" id=\"privacy\" name=\"AGREE_TO_TERMS\" value=\"1\" required=\"\">\r\n             <span class=\"form-check-label\" for=\"privacy\" \r\n                   style=\"margin-top:-25px;display:block;padding-left:20px;font-size:12px; \r\n                          !important;color:#ffffff;line-height:1.4\">\r\n         Autorizzo al trattamento dei miei dati personali per fini di comunicazione commerciale e\/o invio di materiale pubblicitario dell'azienda, secondo l'informativa in materia di dati personali ai sensi del Regolamento Europeo (EU) 2017\/679 \u201cGDPR\u201d.\r\n         <\/span>\r\n    <\/div>  \t\r\n<span class=\"input-group-btn text-center\" style=\"text-align:center\">\r\n    \t<input class=\"btn\" style=\"font-size:20px;border:none;color:#ffffff\" type=\"submit\" value=\"Iscriviti\" \/>\r\n  \t<\/span>\r\n<!-- \/input-group -->\r\n<\/div><\/div><label style=\"display: none !important;\">Wenn du ein Mensch bist, lasse das Feld leer: <input type=\"text\" name=\"_mc4wp_honeypot\" value=\"\" tabindex=\"-1\" autocomplete=\"off\" \/><\/label><input type=\"hidden\" name=\"_mc4wp_timestamp\" value=\"1776937577\" \/><input type=\"hidden\" name=\"_mc4wp_form_id\" value=\"336\" \/><input type=\"hidden\" name=\"_mc4wp_form_element_id\" value=\"mc4wp-form-1\" \/><div class=\"mc4wp-response\"><\/div><\/form><!-- \/ Mailchimp for WordPress Plugin --><\/div><\/div>[\/vc_column][\/vc_row]<\/p>\n<\/div>","protected":false},"excerpt":{"rendered":"<p>[vc_row css_animation=&#8220;&#8220; css=&#8220;.vc_custom_1701380711739{margin-bottom: 0px !important;border-bottom-width: 0px !important;padding-bottom: 0px !important;}&#8220; css_mobile=&#8220;.vc_custom_1701380711739{padding-top: 20px !important;padding-bottom: 20px !important;}&#8220;][vc_column width=&#8220;1\/2&#8243; css_animation=&#8220;&#8220; offset=&#8220;vc_col-lg-6 vc_col-xs-12&#8243;][vc_single_image image=&#8220;7155&#8243; img_size=&#8220;full&#8220; alignment=&#8220;center&#8220; css_animation=&#8220;&#8220; css=&#8220;.vc_custom_1771861036972{margin-bottom: 0px !important;}&#8220;][\/vc_column][vc_column width=&#8220;1\/2&#8243; css_animation=&#8220;&#8220; offset=&#8220;vc_col-lg-6 vc_col-xs-12&#8243;][vc_column_text css_animation=&#8220;&#8220; css=&#8220;.vc_custom_1772636155721{margin-bottom: 10px !important;}&#8220;] UNALUNA RIVIERA DEL GARDA CLASSICO VALTENESI CHIARETTO D.O.C. [\/vc_column_text][vc_column_text css_animation=&#8220;&#8220;] CHIARETTO D.O.C. [\/vc_column_text][vc_column_text css_animation=&#8220;&#8220;] Ausgesprochen herzhaft und zart blumig. [\/vc_column_text][vc_column_text css_animation=&#8220;&#8220; css=&#8220;.vc_custom_1705677332107{margin-top:<br class=\"read-more-spacer\"> <a class=\"more-link\" href=\"https:\/\/www.famigliaolivini.com\/de\/chiaretto-doc-riviera-del-garda-classico\/\">Read More<\/a><\/p>\n","protected":false},"author":3,"featured_media":0,"parent":0,"menu_order":0,"comment_status":"closed","ping_status":"closed","template":"","meta":{"footnotes":""},"class_list":["post-5530","page","type-page","status-publish","hentry"],"acf":[],"_links":{"self":[{"href":"https:\/\/www.famigliaolivini.com\/de\/wp-json\/wp\/v2\/pages\/5530","targetHints":{"allow":["GET"]}}],"collection":[{"href":"https:\/\/www.famigliaolivini.com\/de\/wp-json\/wp\/v2\/pages"}],"about":[{"href":"https:\/\/www.famigliaolivini.com\/de\/wp-json\/wp\/v2\/types\/page"}],"author":[{"embeddable":true,"href":"https:\/\/www.famigliaolivini.com\/de\/wp-json\/wp\/v2\/users\/3"}],"replies":[{"embeddable":true,"href":"https:\/\/www.famigliaolivini.com\/de\/wp-json\/wp\/v2\/comments?post=5530"}],"version-history":[{"count":19,"href":"https:\/\/www.famigliaolivini.com\/de\/wp-json\/wp\/v2\/pages\/5530\/revisions"}],"predecessor-version":[{"id":7350,"href":"https:\/\/www.famigliaolivini.com\/de\/wp-json\/wp\/v2\/pages\/5530\/revisions\/7350"}],"wp:attachment":[{"href":"https:\/\/www.famigliaolivini.com\/de\/wp-json\/wp\/v2\/media?parent=5530"}],"curies":[{"name":"wp","href":"https:\/\/api.w.org\/{rel}","templated":true}]}}