{"id":4855,"date":"2024-02-02T11:22:49","date_gmt":"2024-02-02T10:22:49","guid":{"rendered":"https:\/\/www.famigliaolivini.com\/?page_id=4855"},"modified":"2025-09-30T16:50:05","modified_gmt":"2025-09-30T14:50:05","slug":"agricoltura-ragionata","status":"publish","type":"page","link":"https:\/\/www.famigliaolivini.com\/de\/agricoltura-ragionata\/","title":{"rendered":"Agricoltura Ragionata"},"content":{"rendered":"<div class=\"wpb-content-wrapper\"><p>[vc_row css_animation=&#8220;&#8220;][vc_column width=&#8220;1\/5&#8243; css_animation=&#8220;&#8220;][\/vc_column][vc_column width=&#8220;3\/5&#8243; css_animation=&#8220;&#8220;]\n\t<div class=\"title-subtitle-box  vc_custom_1696952451271 vc_custom_1696952451271 vc_custom_1696952451272\" style=\" text-align: left;\">\n\t\t<h2 style=\" font-style: normal;\">Alle unsere zum Verkauf stehenden Weine werden nach der Agricoltura Ragionata\u00ae Philosophie hergestellt, einer von unserer Familie eingetragenen Marke mit dem Ziel, Respekt f\u00fcr unser Land zu vermitteln.<\/h2>\n\t<\/div> [\/vc_column][vc_column width=&#8220;1\/5&#8243; css_animation=&#8220;&#8220;][\/vc_column][\/vc_row][vc_row full_width=&#8220;stretch_row&#8220; css_animation=&#8220;&#8220;][vc_column css_animation=&#8220;&#8220;][vc_row_inner equal_height=&#8220;yes&#8220; content_placement=&#8220;top&#8220; css_animation=&#8220;&#8220;][vc_column_inner width=&#8220;1\/2&#8243; css=&#8220;.vc_custom_1689622832378{padding-bottom: 5% !important;padding-left: 5% !important;}&#8220;]\n\t<div class=\"title-subtitle-box  vc_custom_1696950052002 vc_custom_1696950052002 vc_custom_1696950052003\" style=\" margin-bottom:30px; text-align: left;\">\n\t\t<p  style=\" color:#000000; \">AGRICOLTURA RAGIONATA\u00ae<\/p>\n\t\t<h2 style=\" font-style: normal;\">Agricoltura Ragionata\u00ae ist eine seit dem Gr\u00fcnder Giuseppe Olivini von Generation zu Generation weitergegebene Methode, eine Arbeitsauffassung, in deren Mittelpunkt der Erhalt unseres Anbaugebiets, des Bodens selbst und demnach seiner Produkte stehen.<\/h2>\n\t<\/div> [vc_column_text css_animation=&#8220;&#8220; css=&#8220;.vc_custom_1696951854637{padding-right: 5% !important;}&#8220;]<\/p>\n<div class=\"simpleText\">\n<p>Seit 2018 ist Agricoltura Ragionata\u00ae ein eingetragenes Markenzeichen, das unser Bestreben ausdr\u00fcckt, sowohl am Weinberg und auf dem Feld als auch in der Kellerei so wenig wie m\u00f6glich auf invasive Methoden zur\u00fcckzugreifen: f\u00fcr uns stehen Land und Boden an erster Stelle.Seit nunmehr fast zwanzig Jahren wendet unser Unternehmen Agrarumweltma\u00dfnahmen an, die eine gezielte Verwendung von Pflanzenschutzmitteln vorsehen. Zus\u00e4tzlich wenden wir einige Vorgehensweisen an, die eine perfekte Aufbewahrung des Produkts erm\u00f6glichen. So z.B. vermeiden wir den \u00fcberm\u00e4\u00dfigen Gebrauch von unn\u00f6tigen chemischen Stoffen oder Konservierungsmitteln und greifen auf modernste Technologien zur\u00fcck, um die perfekten Bedingungen f\u00fcr die Konservierung des Weines und den Erhalt seiner organoleptischen Eigenschaften zu schaffen. Wir sind fest davon \u00fcberzeugt, dass es der Gesundheitszustand des Bodens und des Weinbergs ist, der es uns erlaubt, einen positiven Kreislauf in Gang zu setzen, in dem die Natur, je mehr sie geschont wird, umso besser auf schwierige Bedingungen reagiert und keiner \u00fcberm\u00e4\u00dfigen Eingriffe vonseiten des Menschen bedarf.<\/p><\/div>\n<p>[\/vc_column_text][\/vc_column_inner][vc_column_inner width=&#8220;1\/2&#8243;][vc_single_image image=&#8220;3426&#8243; img_size=&#8220;full&#8220; css_animation=&#8220;&#8220; css=&#8220;.vc_custom_1689622768693{margin-bottom: 0px !important;}&#8220;][\/vc_column_inner][\/vc_row_inner][\/vc_column][\/vc_row][vc_row full_width=&#8220;stretch_row_content_no_spaces&#8220; css_animation=&#8220;&#8220;][vc_column css_animation=&#8220;&#8220;][vc_raw_html]JTNDdmlkZW8lMEElMjAlMjBjb250cm9scyUwQSUyMCUyMHNyYyUzRCUyMmh0dHBzJTNBJTJGJTJGd3d3LmZhbWlnbGlhb2xpdmluaS5jb20lMkZ3cC1jb250ZW50JTJGdXBsb2FkcyUyRjIwMjMlMkYwOCUyRmFncmljb2x0dXJhLXJhZ2lvbmF0YS1mYW1pZ2xpYS1vbGl2aW5pLTEubXA0JTIyJTIwcG9zdGVyJTNEJTIyaHR0cHMlM0ElMkYlMkZ3d3cuZmFtaWdsaWFvbGl2aW5pLmNvbSUyRndwLWNvbnRlbnQlMkZ1cGxvYWRzJTJGMjAyMyUyRjA4JTJGYWdyaWNvbHR1cmEtcmFnaW9uYXRhLWZhbWlnbGlhLW9saXZpbmktMS5qcGclMjIlMjB3aWR0aCUzRCUyMjEwMCUyNSUyMiUzRSUyMCUyMCUwQSUzQyUyRnZpZGVvJTNF[\/vc_raw_html][\/vc_column][\/vc_row][vc_row css_animation=&#8220;&#8220;][vc_column width=&#8220;1\/5&#8243; css_animation=&#8220;&#8220;][\/vc_column][vc_column width=&#8220;3\/5&#8243; css_animation=&#8220;&#8220;]\n\t<div class=\"title-subtitle-box  vc_custom_1696952063805 vc_custom_1696952063805 vc_custom_1696952063805\" style=\" text-align: left;\">\n\t\t<h2 style=\" font-style: normal;\">Nach jahrelanger Arbeit im Einklang mit den offiziellen europ\u00e4ischen und italienischen Zertifizierungen haben wir verstanden, dass unser Boden einzigartig ist und sich nur schwer allgemeinen Regeln anpassen l\u00e4sst.<\/h2>\n\t<\/div> \n\t<div class=\"title-subtitle-box  vc_custom_1696952088993 vc_custom_1696952088993 vc_custom_1696952088994\" style=\" text-align: left;\">\n\t\t<h2 style=\" font-style: normal;\">Da wir unsere Etiketten nicht mit dieser Aufschrift versehen d\u00fcrfen, geben wir Ihnen hier einen kurzen Einblick in unsere Philosophie. Wenn Sie uns dann in der Kellerei besuchen kommen, zeigen wir Ihnen gerne, wie unsere Achtung vor dem Boden und dem Verbraucher ganz konkret ausschaut.<\/h2>\n\t<\/div> [\/vc_column][vc_column width=&#8220;1\/5&#8243; css_animation=&#8220;&#8220;][\/vc_column][\/vc_row][vc_row full_width=&#8220;stretch_row_content_no_spaces&#8220; content_placement=&#8220;top&#8220; css_animation=&#8220;&#8220; css=&#8220;.vc_custom_1689624119912{padding-top: 0px !important;padding-bottom: 0px !important;background-color: #f1f1f1 !important;}&#8220;][vc_column css_animation=&#8220;&#8220;][vc_gallery type=&#8220;flexslider_slide&#8220; interval=&#8220;3&#8243; images=&#8220;3427,3457,3458,3459,3460&#8243; img_size=&#8220;full&#8220; onclick=&#8220;&#8220; css=&#8220;.vc_custom_1689778292004{margin-bottom: 0px !important;}&#8220;][\/vc_column][\/vc_row][vc_row full_width=&#8220;stretch_row&#8220; css_animation=&#8220;&#8220; css=&#8220;.vc_custom_1689624753272{margin-top: 50px !important;}&#8220;][vc_column css_animation=&#8220;&#8220;][vc_row_inner equal_height=&#8220;yes&#8220; content_placement=&#8220;top&#8220; css_animation=&#8220;&#8220;][vc_column_inner width=&#8220;1\/2&#8243; offset=&#8220;vc_col-lg-6&#8243;][vc_single_image image=&#8220;3431&#8243; img_size=&#8220;full&#8220; css_animation=&#8220;&#8220; css=&#8220;.vc_custom_1689624680494{margin-bottom: 0px !important;padding-right: 5% !important;}&#8220;][\/vc_column_inner][vc_column_inner width=&#8220;1\/2&#8243; css=&#8220;.vc_custom_1688479433568{padding-right: 5% !important;padding-bottom: 5% !important;padding-left: 5% !important;}&#8220;]\n\t<div class=\"title-subtitle-box  vc_custom_1696952245576 vc_custom_1696952245576 vc_custom_1696952245576\" style=\" margin-bottom:25px; text-align: left;\">\n\t\t<p  style=\" color:#000000; \">AUF ZEHENSPITZEN<\/p>\n\t\t<h2 style=\" font-style: normal;\">Hier nun ein paar praktische Beispiele, wie wir konkret im Weinberg arbeiten:<\/h2>\n\t<\/div> [vc_column_text css_animation=&#8220;&#8220;]<\/p>\n<ul>\n<li>Die Bek\u00e4mpfung des bekreuzten Traubenwicklers, eines besonders schwierigen Sch\u00e4dlings, ist f\u00fcr uns kein Problem mehr. Wir verhindern die Eiablage dieses Insektes, indem wir zu Beginn des Fr\u00fchjahrs Dispenser mit Sexualpheromonen im Weinberg anbringen, die die m\u00e4nnlichen Traubenwickler \u201esexuell verwirren\u201c. Die weiblichen Pheromone verwirren die m\u00e4nnlichen Traubenwickler, da sie kein Weibchen zum Befruchten finden, und verhindern somit die Fortpflanzung dieses Sch\u00e4dlings.<\/li>\n<li>Das M\u00e4hen des Grases erfolgt erst, wenn das Gras hoch gewachsen ist. Dabei wird immer abwechselnd zwischen jeder zweiten Rebzeile gem\u00e4ht. Auf diese Weise beugen wir Peronospora-Erstinfektionen vor. Au\u00dferdem bietet hohes Gras vielen n\u00fctzlichen Insekten Zuflucht, die Rebensch\u00e4dlinge fressen.<\/li>\n<li>Ein besonders wichtiges Verfahren, das wir in unseren Weinbergen anwenden, ist der Anbau von Gr\u00fcnd\u00fcngungspflanzen. Durch dieses antike Verfahren wird der Boden auf nat\u00fcrlichste Weise mit organischen Stoffen versorgt: die Gr\u00fcnd\u00fcngungspflanzen werden eigens zwischen den Rebzeilen ausges\u00e4t und dann eingegraben. Dadurch wird eine zweifache positive Wirkung erzielt: der Boden wird mit N\u00e4hrstoffen angereichert und die Wurzeln werden bel\u00fcftet, was dem Weinberg zu einem optimalen vegetativen-produktiven Gleichgewicht verhilft.<\/li>\n<li>Die zur Optimierung des Ertrags notwendigen D\u00fcngungen erfolgen ausschlie\u00dflich mit organischem D\u00fcnger, vor allem mit Kuhdung, der die Pflanzen mit den notwendigen N\u00e4hrstoffen versorgt und zudem das mikrobiologische Profil des Bodens revitalisiert.<\/li>\n<li>Aufgrund von besonderen Wetterbedingungen (Hagel, Frosteinbr\u00fcchen, D\u00fcrre) kann es trotz aller Pflege vorkommen, dass die Pflanzen Stress ausgesetzt sind. In diesen F\u00e4llen verwenden wir Produkte auf Algenbasis, die die Rebst\u00f6cke revitalisieren und jede D\u00fcngung mit chemischen Mitteln \u00fcberfl\u00fcssig machen.<\/li>\n<li>All diese und noch viele weitere Verfahren erm\u00f6glichen es uns, unseren Boden lebendig und in Topform zu erhalten: er ist stets von n\u00fctzlichen Insekten, Regenw\u00fcrmern und Schnecken bev\u00f6lkert sowie von all jenen Lebewesen, die dazu beitragen, die Artenvielfalt des \u00d6kosystems Weinberg zu erh\u00f6hen.<\/li>\n<\/ul>\n<p>[\/vc_column_text][\/vc_column_inner][\/vc_row_inner][\/vc_column][\/vc_row][vc_row css_animation=&#8220;&#8220; css=&#8220;.vc_custom_1689694671981{padding-top: 10px !important;padding-bottom: 0px !important;}&#8220;][vc_column width=&#8220;1\/5&#8243; css_animation=&#8220;&#8220;][\/vc_column][vc_column width=&#8220;3\/5&#8243; css_animation=&#8220;&#8220;]\n\t<div class=\"title-subtitle-box  vc_custom_1696953588798 vc_custom_1696953588798\" style=\" text-align: left;\">\n\t\t<h2 style=\" font-style: normal;\">``Ein guter Winzer sollte seinen Weinberg auf Zehenspitzen betreten, um das, was die Natur uns schenkt, so wenig wie m\u00f6glich zu st\u00f6ren.\u201c<\/h2>\n\t<\/div> [\/vc_column][vc_column width=&#8220;1\/5&#8243; css_animation=&#8220;&#8220;][\/vc_column][\/vc_row][vc_row full_width=&#8220;stretch_row&#8220; css_animation=&#8220;&#8220; css=&#8220;.vc_custom_1689624753272{margin-top: 50px !important;}&#8220;][vc_column css_animation=&#8220;&#8220;][vc_row_inner equal_height=&#8220;yes&#8220; content_placement=&#8220;top&#8220; css_animation=&#8220;&#8220;][vc_column_inner width=&#8220;1\/2&#8243; css=&#8220;.vc_custom_1688479433568{padding-right: 5% !important;padding-bottom: 5% !important;padding-left: 5% !important;}&#8220;]\n\t<div class=\"title-subtitle-box  vc_custom_1696953732770 vc_custom_1696953732770 vc_custom_1696953732771\" style=\" margin-bottom:25px; text-align: left;\">\n\t\t<p  style=\" color:#000000; \">MIT FREUNDLICHKEIT HANDELN<\/p>\n\t\t<h2 style=\" font-style: normal;\">Unter Agricoltura Ragionata\u00ae verstehen wir jedoch nicht nur die Verfahren, die wir im Weinberg anwenden, sondern auch all jene Produktionsverfahren im Weinkeller, die zur Erzielung unseres Endprodukts f\u00fchren:<\/h2>\n\t<\/div> [vc_column_text css_animation=&#8220;&#8220;]<\/p>\n<ul>\n<li>Bereits zu Beginn der Weinbereitung lagern wir die soeben gelesenen Trauben in einem 100 qm gro\u00dfen K\u00fchlraum, bei einer Temperatur von 25-28\u00b0C, um sie vor dem Pressen abzuk\u00fchlen und spontane G\u00e4rungsvorg\u00e4nge zu vermeiden, die durch das Platzen der Beeren w\u00e4hrend des Transports entstehen k\u00f6nnten. Auf diese Weise gelangen die Trauben mit einer g\u00fcnstigeren Temperatur in den Traubenbeh\u00e4lter.<\/li>\n<li>Zwischen Abbeermaschine und Weinpresse haben wir einen Rohr-Austauscher angebracht, mit dem wir die Temperatur noch genauer steuern k\u00f6nnen, denn 20% unserer Produktion erfolgt per Cryo-Mazeration, die uns eine ausgezeichnete Extraktion der Geruchs- und Geschmackseigenschaften der betreffenden Sorten erm\u00f6glicht.<\/li>\n<li>Unsere Weinbereitungsgef\u00e4\u00dfe, die dem Ausbau und der Verfeinerung des Produkts dienen, sind mit Vorrichtungen, wie etwa K\u00fchlsystemen, ausgestattet, die uns eine bessere Erhaltung des Produkts und seiner organoleptischen Eigenschaften erm\u00f6glichen.<\/li>\n<li>Auf jedem Stahlfass ist zudem ein Stickstoffsystem angebracht, mit dem Stickstoff in das Fass eingeblasen wird. Dadurch wird der Oxidation des Produkts sowie der Schimmelbildung entgegengewirkt.<\/li>\n<li>Aber es gibt noch weitere Vorgehensweisen, die unsere Philosophie auszeichnen: so f\u00f6rdern wir etwa die nat\u00fcrliche Haltbarkeit des Produkts, indem wir es in Stahlf\u00e4ssern auf seinen Hefen und seinem Bodensatz lagern, die als nat\u00fcrliche Konservierungsmittel fungieren. Die Weinhefen werden regelm\u00e4\u00dfig aufger\u00fchrt, damit das ganze Produkt von ihnen profitiert.<\/li>\n<li>Erst wenige Tage vor der Abf\u00fcllung in Flaschen wird das Produkt gefiltert und gekl\u00e4rt. Auf diese Weise sind wir imstande, mit sehr geringen Sulfitmengen zu arbeiten, die bei unseren Weinen sogar unter den von der Bio-Zertifizierung zugelassenen Grenzwerten liegen.<\/li>\n<\/ul>\n<p>[\/vc_column_text][\/vc_column_inner][vc_column_inner width=&#8220;1\/2&#8243; offset=&#8220;vc_col-lg-6&#8243;][vc_single_image image=&#8220;3434&#8243; img_size=&#8220;full&#8220; css_animation=&#8220;&#8220; css=&#8220;.vc_custom_1689693977843{margin-bottom: 0px !important;padding-right: 5% !important;}&#8220;][\/vc_column_inner][\/vc_row_inner][\/vc_column][\/vc_row][vc_row css_animation=&#8220;&#8220;][vc_column width=&#8220;1\/5&#8243; css_animation=&#8220;&#8220;][\/vc_column][vc_column width=&#8220;3\/5&#8243; css_animation=&#8220;&#8220;]\n\t<div class=\"title-subtitle-box  vc_custom_1696954252865 vc_custom_1696954252865 vc_custom_1696954252866\" style=\" text-align: left;\">\n\t\t<h2 style=\" font-style: normal;\">Kurz, unter Agricoltura Ragionata\u00ae verstehen wir die Auffassung, dass die Landwirtschaft an und f\u00fcr sich eine der naturverbundensten menschlichen T\u00e4tigkeiten ist und dass der Mensch deshalb auf \u00e4u\u00dferst bedachte und vern\u00fcnftige Weise vorgehen muss, um so wenig wie m\u00f6glich in die nat\u00fcrlichen Vorg\u00e4nge einzugreifen, und aus seinem Anbau Nutzen zu ziehen, indem er das \u00d6kosystem Weinberg, zu dem er schlie\u00dflich auch geh\u00f6rt, sch\u00fctzt und erh\u00e4lt.<\/h2>\n\t<\/div> [\/vc_column][vc_column width=&#8220;1\/5&#8243; css_animation=&#8220;&#8220;][\/vc_column][\/vc_row][vc_row full_width=&#8220;stretch_row&#8220; css_animation=&#8220;&#8220; css=&#8220;.vc_custom_1759243798090{padding-top: 100px !important;padding-bottom: 90px !important;background-color: #4d5a31 !important;background-position: center !important;background-repeat: no-repeat !important;background-size: cover !important;}&#8220;][vc_column css_animation=&#8220;&#8220;][vc_column_text css_animation=&#8220;&#8220; el_id=&#8220;tit55&#8243;]<\/p>\n<h3 style=\"text-align: center;\">Abonnieren Sie den Newsletter<\/h3>\n<p>[\/vc_column_text]<div class=\"vc_widget vc_widget_mailchimp   \"><div class=\"widget widget_mc4wp_form_widget\"><script>(function() {\n\twindow.mc4wp = window.mc4wp || {\n\t\tlisteners: [],\n\t\tforms: {\n\t\t\ton: function(evt, cb) {\n\t\t\t\twindow.mc4wp.listeners.push(\n\t\t\t\t\t{\n\t\t\t\t\t\tevent   : evt,\n\t\t\t\t\t\tcallback: cb\n\t\t\t\t\t}\n\t\t\t\t);\n\t\t\t}\n\t\t}\n\t}\n})();\n<\/script><!-- Mailchimp for WordPress v4.12.2 - https:\/\/wordpress.org\/plugins\/mailchimp-for-wp\/ --><form id=\"mc4wp-form-1\" class=\"mc4wp-form mc4wp-form-336 mc4wp-form-basic\" method=\"post\" data-id=\"336\" data-name=\"Villenoir\" ><div class=\"mc4wp-form-fields\"><style>\r\n  .input-group-btn:last-child::before{display:none}\r\n  ::placeholder {color:#000000 !important;}\r\n<\/style>\r\n<div id=\"formn\">\r\n<div class=\"form-group text-center\">\r\n\t<label class=\"hidden\">Email address: <\/label>\r\n\t<input class=\"form-control\" style=\"height:50px;border:1px solid #ffffff;border-radius:5px;background:#ffffff;\r\n                                       color:#000000;max-width:100% !important\" type=\"email\" name=\"EMAIL\" placeholder=\"Email\" required \/> \r\n<\/div>\r\n<div class=\"form-check\">\r\n        <input type=\"checkbox\" class=\"form-check-input\" id=\"privacy\" name=\"AGREE_TO_TERMS\" value=\"1\" required=\"\">\r\n             <span class=\"form-check-label\" for=\"privacy\" \r\n                   style=\"margin-top:-25px;display:block;padding-left:20px;font-size:12px; \r\n                          !important;color:#ffffff;line-height:1.4\">\r\n         Autorizzo al trattamento dei miei dati personali per fini di comunicazione commerciale e\/o invio di materiale pubblicitario dell'azienda, secondo l'informativa in materia di dati personali ai sensi del Regolamento Europeo (EU) 2017\/679 \u201cGDPR\u201d.\r\n         <\/span>\r\n    <\/div>  \t\r\n<span class=\"input-group-btn text-center\" style=\"text-align:center\">\r\n    \t<input class=\"btn\" style=\"font-size:20px;border:none;color:#ffffff\" type=\"submit\" value=\"Iscriviti\" \/>\r\n  \t<\/span>\r\n<!-- \/input-group -->\r\n<\/div><\/div><label style=\"display: none !important;\">Wenn du ein Mensch bist, lasse das Feld leer: <input type=\"text\" name=\"_mc4wp_honeypot\" value=\"\" tabindex=\"-1\" autocomplete=\"off\" \/><\/label><input type=\"hidden\" name=\"_mc4wp_timestamp\" value=\"1777438928\" \/><input type=\"hidden\" name=\"_mc4wp_form_id\" value=\"336\" \/><input type=\"hidden\" name=\"_mc4wp_form_element_id\" value=\"mc4wp-form-1\" \/><div class=\"mc4wp-response\"><\/div><\/form><!-- \/ Mailchimp for WordPress Plugin --><\/div><\/div>[\/vc_column][\/vc_row]<\/p>\n<\/div>","protected":false},"excerpt":{"rendered":"<p>[vc_row css_animation=&#8220;&#8220;][vc_column width=&#8220;1\/5&#8243; css_animation=&#8220;&#8220;][\/vc_column][vc_column width=&#8220;3\/5&#8243; css_animation=&#8220;&#8220;][\/vc_column][vc_column width=&#8220;1\/5&#8243; css_animation=&#8220;&#8220;][\/vc_column][\/vc_row][vc_row full_width=&#8220;stretch_row&#8220; css_animation=&#8220;&#8220;][vc_column css_animation=&#8220;&#8220;][vc_row_inner equal_height=&#8220;yes&#8220; content_placement=&#8220;top&#8220; css_animation=&#8220;&#8220;][vc_column_inner width=&#8220;1\/2&#8243; css=&#8220;.vc_custom_1689622832378{padding-bottom: 5% !important;padding-left: 5% !important;}&#8220;][vc_column_text css_animation=&#8220;&#8220; css=&#8220;.vc_custom_1696951854637{padding-right: 5% !important;}&#8220;] Seit 2018 ist Agricoltura Ragionata\u00ae ein eingetragenes Markenzeichen, das unser Bestreben ausdr\u00fcckt, sowohl am Weinberg und auf dem Feld als auch in der Kellerei so wenig wie m\u00f6glich auf invasive Methoden<br class=\"read-more-spacer\"> <a class=\"more-link\" href=\"https:\/\/www.famigliaolivini.com\/de\/agricoltura-ragionata\/\">Read More<\/a><\/p>\n","protected":false},"author":1,"featured_media":0,"parent":0,"menu_order":0,"comment_status":"closed","ping_status":"closed","template":"","meta":{"footnotes":""},"class_list":["post-4855","page","type-page","status-publish","hentry"],"acf":[],"_links":{"self":[{"href":"https:\/\/www.famigliaolivini.com\/de\/wp-json\/wp\/v2\/pages\/4855","targetHints":{"allow":["GET"]}}],"collection":[{"href":"https:\/\/www.famigliaolivini.com\/de\/wp-json\/wp\/v2\/pages"}],"about":[{"href":"https:\/\/www.famigliaolivini.com\/de\/wp-json\/wp\/v2\/types\/page"}],"author":[{"embeddable":true,"href":"https:\/\/www.famigliaolivini.com\/de\/wp-json\/wp\/v2\/users\/1"}],"replies":[{"embeddable":true,"href":"https:\/\/www.famigliaolivini.com\/de\/wp-json\/wp\/v2\/comments?post=4855"}],"version-history":[{"count":20,"href":"https:\/\/www.famigliaolivini.com\/de\/wp-json\/wp\/v2\/pages\/4855\/revisions"}],"predecessor-version":[{"id":6805,"href":"https:\/\/www.famigliaolivini.com\/de\/wp-json\/wp\/v2\/pages\/4855\/revisions\/6805"}],"wp:attachment":[{"href":"https:\/\/www.famigliaolivini.com\/de\/wp-json\/wp\/v2\/media?parent=4855"}],"curies":[{"name":"wp","href":"https:\/\/api.w.org\/{rel}","templated":true}]}}