{"id":4787,"date":"2024-02-02T12:21:47","date_gmt":"2024-02-02T11:21:47","guid":{"rendered":"https:\/\/www.famigliaolivini.com\/?page_id=4787"},"modified":"2026-02-13T14:58:11","modified_gmt":"2026-02-13T13:58:11","slug":"home","status":"publish","type":"page","link":"https:\/\/www.famigliaolivini.com\/de\/","title":{"rendered":"Home"},"content":{"rendered":"<div class=\"wpb-content-wrapper\"><p>[vc_row full_width=&#8220;stretch_row&#8220; css_animation=&#8220;&#8220;][vc_column css_animation=&#8220;&#8220;][vc_row_inner equal_height=&#8220;yes&#8220; content_placement=&#8220;top&#8220; css_animation=&#8220;&#8220;][vc_column_inner width=&#8220;1\/2&#8243; css=&#8220;.vc_custom_1688479433568{padding-right: 5% !important;padding-bottom: 5% !important;padding-left: 5% !important;}&#8220;]\n\t<div class=\"title-subtitle-box  vc_custom_1696334645655 vc_custom_1696334645656 vc_custom_1696334645656\" style=\" margin-bottom:50px; text-align: left;\">\n\t\t<p  style=\" color:#000000; \">PHILOSOPHIE<\/p>\n\t\t<h1 style=\" font-style: normal;\">In der Welt des Weines ist es besonders wichtig, eine individuelle Auslegung des kulturellen und landwirtschaftlichen Erbes zu entwickeln.<\/h1>\n\t<\/div> \n\t<div class=\"title-subtitle-box  vc_custom_1696334689437 vc_custom_1696334689438\" style=\" text-align: left;\">\n\t\t<h6 style=\" color:#000000;  font-style: normal;\">AGRICOLTURA RAGIONATA\u00ae (wohldurchdachte Landwirtschaft)<\/h6>\n\t<\/div> [vc_column_text css_animation=&#8220;&#8220; css=&#8220;.vc_custom_1696334714802{padding-right: 60px !important;}&#8220;]Unsere Weing\u00e4rten betreten wir auf Zehenspitzen. Wir m\u00f6chten, dass sich unser Eingriff auf die Rebzeilen, Fr\u00fcchte und somit auf die Weinbereitung auf ein Minimum beschr\u00e4nkt. Reinheit ist unser oberstes Bestreben, nicht nur bei der Weinbereitung, sondern auf dem ganzen langen Weg, der uns in Ihre Weingl\u00e4ser f\u00fchrt.[\/vc_column_text]\n\t<div class=\"title-subtitle-box  vc_custom_1696334814420 vc_custom_1696334814420\" style=\" text-align: left;\">\n\t\t<h6 style=\" color:#000000;  font-style: normal;\">RAINES POTENTIAL<\/h6>\n\t<\/div> [vc_column_text css_animation=&#8220;&#8220; css=&#8220;.vc_custom_1696334834623{padding-right: 60px !important;}&#8220;]Die Besonderheit jeder einzelnen unserer Rebsorten, jedes einzelnen Weingartens, ja sogar einzelner Rebst\u00f6cke herausarbeiten. Dieses akribische Verfahren hat uns dazu gebracht, fest &#8211; fast als ob es ein Dogma w\u00e4re &#8211; an das Potential unserer Rebsorten zu glauben, die wir rein zu Wein verarbeiten und auf moderne Weise neu interpretieren. [\/vc_column_text]\n\t<div class=\"title-subtitle-box  vc_custom_1696334888244 vc_custom_1696334888245\" style=\" text-align: left;\">\n\t\t<h6 style=\" color:#000000;  font-style: normal;\">ABSOLUTER RESPEKT<\/h6>\n\t<\/div> [vc_column_text css_animation=&#8220;&#8220; css=&#8220;.vc_custom_1696334909018{padding-right: 60px !important;}&#8220;]R\u00fccksicht, sorgf\u00e4ltige Pflege und Feinf\u00fchligkeit &#8211; mit dieser Einstellung begegnen wir den unseren Trauben innewohnenden Eigenschaften: von der Wahl der geeignetsten Weinbereitungsmethode bis hin zur Ausarbeitung unterschiedlicher Weinbereitungspl\u00e4ne f\u00fcr jeden einzelnen Weinberg. [\/vc_column_text]\n\t<div class=\"title-subtitle-box  vc_custom_1696335024729 vc_custom_1696335024729\" style=\" text-align: left;\">\n\t\t<h6 style=\" color:#000000;  font-style: normal;\">KONTINUIERLICHE ANWENDUNG<\/h6>\n\t<\/div> [vc_column_text css_animation=&#8220;&#8220; css=&#8220;.vc_custom_1696335043874{padding-right: 60px !important;}&#8220;]Wir sind unentwegt darum bem\u00fcht, unseren pers\u00f6nlichen Produktionsstil auszufeilen und zu konsolidieren, um uns mit Weinen &#8211; wie dem Lugana Metodo Classico und dem Merlot Passito -, die eine Form gewordene Idee widerspiegeln, den Herausforderungen des Marktes zu stellen.[\/vc_column_text][\/vc_column_inner][vc_column_inner width=&#8220;1\/2&#8243;][vc_single_image image=&#8220;3210&#8243; img_size=&#8220;full&#8220; css_animation=&#8220;&#8220; css=&#8220;.vc_custom_1688478719785{margin-bottom: 0px !important;}&#8220;][\/vc_column_inner][\/vc_row_inner][\/vc_column][\/vc_row][vc_row full_width=&#8220;stretch_row&#8220; css_animation=&#8220;&#8220;][vc_column css_animation=&#8220;&#8220;][vc_row_inner equal_height=&#8220;yes&#8220; content_placement=&#8220;top&#8220; css_animation=&#8220;&#8220;][vc_column_inner width=&#8220;1\/2&#8243; offset=&#8220;vc_col-lg-offset-1 vc_col-lg-5&#8243;][vc_single_image image=&#8220;3218&#8243; img_size=&#8220;full&#8220; css_animation=&#8220;&#8220; css=&#8220;.vc_custom_1688483568404{margin-bottom: 0px !important;}&#8220;][\/vc_column_inner][vc_column_inner width=&#8220;1\/2&#8243; css=&#8220;.vc_custom_1688479433568{padding-right: 5% !important;padding-bottom: 5% !important;padding-left: 5% !important;}&#8220;]\n\t<div class=\"title-subtitle-box  vc_custom_1696335180274 vc_custom_1696335180275 vc_custom_1696335180275\" style=\" margin-bottom:50px; text-align: left;\">\n\t\t<p  style=\" color:#000000; \">ANBAUGEBIET<\/p>\n\t\t<h2 style=\" font-style: normal;\">Das Gl\u00fcck, auf dem \u201everflixten\u201c Kalk-Lehmboden zu arbeiten, der so viel M\u00fche im Weinberg abverlangt, jedoch ebenso viel Genugtuung schenkt, was seine Fr\u00fcchte betrifft.<\/h2>\n\t<\/div> \n\t<div class=\"title-subtitle-box  vc_custom_1696335225458 vc_custom_1696335225458\" style=\" text-align: left;\">\n\t\t<h6 style=\" color:#000000;  font-style: normal;\">DIE KRAFT DER NATUR<\/h6>\n\t<\/div> [vc_column_text css_animation=&#8220;&#8220; css=&#8220;.vc_custom_1696335247316{padding-left: 15% !important;}&#8220; css_tablet=&#8220;.vc_custom_1696335247316{padding-left: 15% !important;}&#8220;]Die auf die Lugana-Weine \u00fcbertragene Mineralit\u00e4t, die Kraft und die Eleganz des Notte a San Martino, die \u00dcppigkeit des Condolcezza, die Langlebigkeit, die Frische und der Charakter unserer Schaumweine. Das sind die Gaben, die unser Land f\u00fcr uns bereith\u00e4lt. Unsere einzige Sorge? Diese Gaben auch wirklich voll zu sch\u00e4tzen zu wissen und imstande zu sein, sie mit anderen zu teilen.[\/vc_column_text]\n\t<div class=\"title-subtitle-box  vc_custom_1696425433224 vc_custom_1696425433225\" style=\" text-align: left;\">\n\t\t<h6 style=\" color:#000000;  font-style: normal;\">WEITE PERSPEKTIVEN<\/h6>\n\t<\/div> [vc_column_text css_animation=&#8220;&#8220; css=&#8220;.vc_custom_1696425473128{padding-left: 15% !important;}&#8220; css_tablet=&#8220;.vc_custom_1696425473128{padding-left: 15% !important;}&#8220;]Die sanften Mor\u00e4nenh\u00fcgel der den Gardasee umgebenden Landschaft, einige der sch\u00f6nsten mittelalterlichen Ortschaften Italiens, immense Gartenparks, das Naturschutzgebiet Parco del Mincio, die historischen St\u00e4dte Verona, Brescia und Mantua, der bekannte Radweg Peschiera del Garda &#8211; Mantua, Ziel zahlreicher Fahrradtouristen.<br \/>\n[\/vc_column_text]\n\t<div class=\"title-subtitle-box  vc_custom_1696425535694 vc_custom_1696425535694\" style=\" text-align: left;\">\n\t\t<h6 style=\" color:#000000;  font-style: normal;\">PERFEKTE VERBINDUGEN<\/h6>\n\t<\/div> [vc_column_text css_animation=&#8220;&#8220; css=&#8220;.vc_custom_1696425551218{padding-left: 15% !important;}&#8220; css_tablet=&#8220;.vc_custom_1696425551219{padding-left: 15% !important;}&#8220;]Eine uralte Ecke Natur, wo sich die nat\u00fcrliche Echtheit der Fr\u00fcchte der Erde mit der spontanen Gastlichkeit der hier wohnenden Menschen verbindet. Die herrliche Gegend um den Gardasee schenkt dem Besucher eine Landschaft, in der sich Weinberge, Kellereien, malerische D\u00f6rfer und Burgen scheinbar endlos aneinander reihen und von einer jahrtausendealten Geschichte erz\u00e4hlen. [\/vc_column_text][\/vc_column_inner][\/vc_row_inner][\/vc_column][\/vc_row][vc_row full_width=&#8220;stretch_row&#8220; css_animation=&#8220;&#8220; css=&#8220;.vc_custom_1759402975251{padding-top: 100px !important;padding-bottom: 90px !important;background: #f1f1f1 url(https:\/\/www.famigliaolivini.com\/wp-content\/uploads\/2025\/10\/san-martino.jpg?id=6909) !important;background-position: center !important;background-repeat: no-repeat !important;background-size: cover !important;}&#8220;][vc_column css_animation=&#8220;&#8220;][vc_single_image image=&#8220;4162&#8243; img_size=&#8220;243&#215;84&#8243; css_animation=&#8220;&#8220; css=&#8220;.vc_custom_1759403093462{padding-left: 12px !important;}&#8220;]\n\t<div class=\"title-subtitle-box  vc_custom_1759402996874 vc_custom_1759402996874 vc_custom_1759402996874\" style=\" margin-bottom:0px; text-align: left;\">\n\t\t<h2 style=\" color:#ffffff;  font-style: normal;\">Nichts ist so best\u00e4ndig wie der Wandel - das gilt auch<br \/>\nf\u00fcr den Weinbau und die \u00d6nologie, denn Weine k\u00f6nnen<br \/>\nnicht beliebig reproduziert werden, sondern sind stets<br \/>\neinmalig und einzigartig.<\/h2>\n\t<\/div> [\/vc_column][\/vc_row][vc_row full_width=&#8220;stretch_row&#8220; css_animation=&#8220;&#8220;][vc_column css_animation=&#8220;&#8220;][vc_row_inner equal_height=&#8220;yes&#8220; content_placement=&#8220;top&#8220; css_animation=&#8220;&#8220;][vc_column_inner width=&#8220;1\/2&#8243; css=&#8220;.vc_custom_1688479433568{padding-right: 5% !important;padding-bottom: 5% !important;padding-left: 5% !important;}&#8220;]\n\t<div class=\"title-subtitle-box  vc_custom_1696425878021 vc_custom_1696425878022\" style=\" text-align: left;\">\n\t\t<h6 style=\" color:#000000;  font-style: normal;\">DAUERHAFTE VERBUNDENHEIT<\/h6>\n\t<\/div> [vc_column_text css_animation=&#8220;&#8220; css=&#8220;.vc_custom_1770991082830{padding-right: 60px !important;}&#8220;]Das Unternehmen Famiglia Olivini befindet sich mitten im Anbaugebiet des Turbiana, einer wahrhaft gro\u00dfartigen Rebsorte. Und im Herzen dieses Gebiets treffen die jungen Unternehmer Giorgio, Giordana und Giovanni die Entscheidung, die tiefe Verbundenheit, die ihre Eltern Graziella und Giulio seit Jahren f\u00fcr dieses Land empfinden, zu teilen.[\/vc_column_text]\n\t<div class=\"title-subtitle-box  vc_custom_1696428067515 vc_custom_1696428067515\" style=\" text-align: left;\">\n\t\t<h6 style=\" color:#000000;  font-style: normal;\">ES LIEGT IN DEN GENEN<\/h6>\n\t<\/div> [vc_column_text css_animation=&#8220;&#8220; css=&#8220;.vc_custom_1696428394530{padding-right: 60px !important;}&#8220;]Eine wahre Leidenschaft f\u00fcr das Erbe der Gro\u00dfeltern. Im Weingut der Familie wird das Endprodukt sorgf\u00e4ltiger Weinlesen produziert und ausgew\u00e4hlt, wobei die Trauben in jedem Jahrgang neu, aber doch im Einklang mit dem Verm\u00e4chtnis unserer Ahnen sowie mit den Eigenschaften unseres Bodens, interpretiert werden.[\/vc_column_text]\n\t<div class=\"title-subtitle-box  vc_custom_1696428626776 vc_custom_1696428626776\" style=\" text-align: left;\">\n\t\t<h6 style=\" color:#000000;  font-style: normal;\">WICHTIGE DETAILS<\/h6>\n\t<\/div> [vc_column_text css_animation=&#8220;&#8220; css=&#8220;.vc_custom_1696428643513{padding-right: 60px !important;}&#8220;]Nicht das winzigste Detail wird vernachl\u00e4ssigt, weder beim Anbau noch bei der Weinbereitung: Veredelung, sorgf\u00e4ltige Auslese der rigoros von Hand gelesenen Trauben, Qualit\u00e4tskontrolle der verwendeten Materialien, moderne Ger\u00e4te, st\u00e4ndige Investitionen in neue Technologien und die Erweiterung der Kellerei, in der der gesamte Weinbereitungsvorgang stattfindet &#8211; mit einem einzigen Zweck: ein gro\u00dfartiges Produkt, den Wein, so zur Geltung zu bringen, wie er es verdient. [\/vc_column_text]\n\t<div class=\"title-subtitle-box  vc_custom_1696428746385 vc_custom_1696428746385\" style=\" text-align: left;\">\n\t\t<h6 style=\" color:#000000;  font-style: normal;\">WERTVOLLE INTUITIONEN<\/h6>\n\t<\/div> [vc_column_text css_animation=&#8220;&#8220; css=&#8220;.vc_custom_1696428765496{padding-right: 60px !important;}&#8220;]Die Ambition, historische Weinberge einzigartig zu machen und zur Geltung zu bringen, das unerm\u00fcdliche Streben nach Qualit\u00e4t. Aufwertung des Anbaugebiets, Investitionen in Anbau-, Weinbereitungs- und Ausbautechnologien in einer st\u00e4ndigen Verflechtung von Tradition und Innovation, um die Gaben unserer Erde besonders zur Geltung zu bringen. [\/vc_column_text]\n\t<div class=\"title-subtitle-box  vc_custom_1696428826245 vc_custom_1696428826245\" style=\" text-align: left;\">\n\t\t<h6 style=\" color:#000000;  font-style: normal;\">AROMATISCHE VORTREFFLICHKEIT<\/h6>\n\t<\/div> [vc_column_text css_animation=&#8220;&#8220; css=&#8220;.vc_custom_1696428861587{padding-right: 60px !important;}&#8220;]In den letzten Jahren hat das Unternehmen besonders an der Charakterisierung des Lugana gearbeitet: aus den \u00e4lteren Weinbergen wurden die besten St\u00f6cke ausgew\u00e4hlt, die &#8211; was das Aroma und die Ausgewogenheit der S\u00e4ure angeht &#8211; die besten Trauben hervorbringen, und die Knospen des wertvollen Pflanzenmaterials durch Aufpfropfen verbreitet. Auf diese Weise wurden neue Weinst\u00f6cke erzeugt, die das Erbe dieser Rebsorte erhalten und zugleich optimieren.[\/vc_column_text][\/vc_column_inner][vc_column_inner width=&#8220;1\/2&#8243;][vc_single_image image=&#8220;3224&#8243; img_size=&#8220;full&#8220; css_animation=&#8220;&#8220; css=&#8220;.vc_custom_1688485618426{margin-bottom: 0px !important;}&#8220;][\/vc_column_inner][\/vc_row_inner][\/vc_column][\/vc_row][vc_row full_width=&#8220;stretch_row&#8220; css_animation=&#8220;&#8220;][vc_column css_animation=&#8220;&#8220;][vc_row_inner equal_height=&#8220;yes&#8220; content_placement=&#8220;top&#8220; css_animation=&#8220;&#8220;][vc_column_inner width=&#8220;1\/2&#8243; offset=&#8220;vc_col-lg-offset-1 vc_col-lg-5&#8243;][vc_single_image image=&#8220;3227&#8243; img_size=&#8220;full&#8220; css_animation=&#8220;&#8220; css=&#8220;.vc_custom_1688486391570{margin-bottom: 0px !important;}&#8220;][vc_single_image image=&#8220;3239&#8243; img_size=&#8220;full&#8220; css_animation=&#8220;&#8220; css=&#8220;.vc_custom_1688547096907{margin-bottom: 0px !important;padding-top: 90px !important;}&#8220;][\/vc_column_inner][vc_column_inner width=&#8220;1\/2&#8243; css=&#8220;.vc_custom_1688487118558{padding-bottom: 5% !important;padding-left: 5% !important;}&#8220;]\n\t<div class=\"title-subtitle-box  vc_custom_1696429678547 vc_custom_1696429678547 vc_custom_1696429678547\" style=\" margin-bottom:50px; text-align: left;\">\n\t\t<p  style=\" color:#000000; \">KLASSISCHE METHODE<\/p>\n\t\t<h2 style=\" font-style: normal;\">\u201eWeshalb vergeudet ihr eure Zeit damit, Schaumwein zu produzieren? Ihr habt weder die richtigen Trauben, noch die F\u00e4higkeit, einen solch komplexen Wein herzustellen.\u201c<\/h2>\n\t<\/div> \n\t<div class=\"title-subtitle-box  vc_custom_1696429758247 vc_custom_1696429758247\" style=\" text-align: left;\">\n\t\t<h6 style=\" color:#000000;  font-style: normal;\">EINE SACHE DES STILS<\/h6>\n\t<\/div> [vc_column_text css_animation=&#8220;&#8220; css=&#8220;.vc_custom_1696429777283{padding-left: 15% !important;}&#8220; css_tablet=&#8220;.vc_custom_1696429777283{padding-left: 15% !important;}&#8220;]Dank solcher liebevoller Ratschl\u00e4ge sind wir zur \u00dcberzeugung gelangt, dass wir Recht haben Je mehr die Zeit verstrich, desto mehr bemerkten die Verbraucher das Potential dieses absolut unverwechselbaren und \u00fcberaus angenehm mundenden Schaumweines. [\/vc_column_text]\n\t<div class=\"title-subtitle-box  vc_custom_1696429857933 vc_custom_1696429857933\" style=\" text-align: left;\">\n\t\t<h6 style=\" color:#000000;  font-style: normal;\">AUSDRUCKSSTARKE SYMBIOSEN<\/h6>\n\t<\/div> [vc_column_text css_animation=&#8220;&#8220; css=&#8220;.vc_custom_1696429875515{padding-left: 15% !important;}&#8220; css_tablet=&#8220;.vc_custom_1696429875515{padding-left: 15% !important;}&#8220;]Es liegt noch ein steiler Weg vor uns, dennoch ist es uns gelungen, mit unserem Schaumwein zum Ausdruck zu bringen, was jeder Wein heute darstellen sollte, n\u00e4mlich die Symbiose unserer Erde und unserer Trauben vereint mit einer modernen Produktionstechnologie. [\/vc_column_text]\n\t<div class=\"title-subtitle-box  vc_custom_1696429904949 vc_custom_1696429904949\" style=\" text-align: left;\">\n\t\t<h6 style=\" color:#000000;  font-style: normal;\">MIT METHODE<\/h6>\n\t<\/div> [vc_column_text css_animation=&#8220;&#8220; css=&#8220;.vc_custom_1696429927777{padding-left: 15% !important;}&#8220; css_tablet=&#8220;.vc_custom_1696429927778{padding-left: 15% !important;}&#8220;]Zu den grundlegenden Eigenschaften der Lugana-Trauben z\u00e4hlt ihr hoher S\u00e4uregrad &#8211; ein wesentliches Merkmal f\u00fcr einen Schaumwein. Vom S\u00e4uregrad h\u00e4ngen die Gesundheit und die gute Haltbarkeit des Schaumweines sowie sein Wohlgeschmack ab. Diese Trauben werden vorzeitig gelesen, zu Wein und anschlie\u00dfend nach der klassischen Methode zu Schaumwein verarbeitet. [\/vc_column_text]\n\t<div class=\"title-subtitle-box  vc_custom_1696430398550 vc_custom_1696430398551\" style=\" text-align: left;\">\n\t\t<h6 style=\" color:#000000;  font-style: normal;\">LUGANA BRUT KLASSISCHE METHODE<\/h6>\n\t<\/div> [vc_column_text css_animation=&#8220;&#8220; css=&#8220;.vc_custom_1696430424569{padding-left: 15% !important;}&#8220; css_tablet=&#8220;.vc_custom_1696430424570{padding-left: 15% !important;}&#8220;]Von der Fachpresse zu einem der besten einheimischen Schaumweine Italiens gew\u00e4hlt, ist der Lugana Brut Olivini energisch und wechselt in der Nase zarte Blumenaromen mit s\u00fc\u00dfen, fleischigen Fr\u00fcchten und starken Ankl\u00e4ngen von frischem Brot. Der Mund bietet jedoch das Beste im Abgang, wo er von der sch\u00f6nsten territorialen Charakteristik dominiert wird, einem Kalksteinmineral, das perfekt in eine offene Textur integriert ist und eine sch\u00f6ne S\u00e4urespannung aufweist.[\/vc_column_text]\n\t<div class=\"title-subtitle-box  vc_custom_1696430091934 vc_custom_1696430091934\" style=\" text-align: left;\">\n\t\t<h6 style=\" color:#000000;  font-style: normal;\">ROS\u00c9 METODO CLASSICO<\/h6>\n\t<\/div> [vc_column_text css_animation=&#8220;&#8220; css=&#8220;.vc_custom_1696430128130{padding-left: 15% !important;}&#8220; css_tablet=&#8220;.vc_custom_1696430128130{padding-left: 15% !important;}&#8220;]Aus einem zur Produktion von stillen Ros\u00e9weinen berufenen Anbaugebiet entsteht, ganz instinktiv, auch ein Garda Ros\u00e8 Doc Brut Metodo Classico. Ihre erwiesene Eignung zur Ros\u00e9weinbereitung macht die Rebsorte Groppello zum Hauptbestandteil dieses Weines. Andere Rebsorten, wie der Barbera Marzemino und der Sangiovese, werden zur Abrundung des Weines hinzugef\u00fcgt und perfektionieren mit ihren besonderen Eigenschaften das organoleptische Profil des Produkts. Das Ergebnis einer sorgf\u00e4ltigen Weinbereitung, die in der F\u00e4higkeit, zum richtigen Zeitpunkt den Most von den H\u00fclsen zu trennen, ihren H\u00f6hepunkt erreicht, ist ein bet\u00f6rend rosafarbener Schaumwein mit wei\u00dfem \u00fcberschw\u00e4nglichem Schaum, \u00fcberaus elegant am Gaumen und mit hoher Struktur und Nachhaltigkeit. Die lange Verfeinerung auf den Hefen beschert dem Wein s\u00fc\u00dfe Ankl\u00e4nge an Kirschen und Rosen, auf einem Hintergrund von Akazienhonig und gelber Fruchtkonfit\u00fcre.[\/vc_column_text]\n\t<div class=\"title-subtitle-box  vc_custom_1696430186874 vc_custom_1696430186874\" style=\" text-align: left;\">\n\t\t<h6 style=\" color:#000000;  font-style: normal;\">AUTOCHTHONE KLASSISCHE METHODE<\/h6>\n\t<\/div> [vc_column_text css_animation=&#8220;&#8220; css=&#8220;.vc_custom_1696430211289{padding-left: 15% !important;}&#8220; css_tablet=&#8220;.vc_custom_1696430211290{padding-left: 15% !important;}&#8220;]Im Laufe der Jahre haben wir gemerkt, dass wir nicht die Einzigen sind, die in Italien an die M\u00f6glichkeit der Schaumweinbereitung aus autochthonen Trauben glauben. 2005 entstand ANIMA (associazione nazionale italiana metodo classico autoctono &#8211; Italienischer Verband f\u00fcr die autochthone klassische Methode www.metodoclassico.org) &#8211; und zwar ausgehend davon, dass der ber\u00fchmteste Schaumwein der Welt, der Champagner, aus authochtonen Trauben produziert wird, d.h. aus Trauben, die sich im Laufe der Jahrhunderte an die Mikrozone angepasst und sich in ihr verwurzelt haben, genauso wie die Rebsorten der zum Verband geh\u00f6renden Winzer.[\/vc_column_text][\/vc_column_inner][\/vc_row_inner][\/vc_column][\/vc_row][vc_row full_width=&#8220;stretch_row&#8220; css_animation=&#8220;&#8220; css=&#8220;.vc_custom_1759394269111{padding-top: 100px !important;padding-bottom: 90px !important;background-color: #4d5a31 !important;background-position: center !important;background-repeat: no-repeat !important;background-size: cover !important;}&#8220;][vc_column css_animation=&#8220;&#8220;][vc_column_text css_animation=&#8220;&#8220; el_id=&#8220;tit55&#8243;]<\/p>\n<h3 style=\"text-align: center;\">Abonnieren Sie den Newsletter<\/h3>\n<p>[\/vc_column_text]<div class=\"vc_widget vc_widget_mailchimp   \"><div class=\"widget widget_mc4wp_form_widget\"><script>(function() {\n\twindow.mc4wp = window.mc4wp || {\n\t\tlisteners: [],\n\t\tforms: {\n\t\t\ton: function(evt, cb) {\n\t\t\t\twindow.mc4wp.listeners.push(\n\t\t\t\t\t{\n\t\t\t\t\t\tevent   : evt,\n\t\t\t\t\t\tcallback: cb\n\t\t\t\t\t}\n\t\t\t\t);\n\t\t\t}\n\t\t}\n\t}\n})();\n<\/script><!-- Mailchimp for WordPress v4.12.2 - https:\/\/wordpress.org\/plugins\/mailchimp-for-wp\/ --><form id=\"mc4wp-form-1\" class=\"mc4wp-form mc4wp-form-336 mc4wp-form-basic\" method=\"post\" data-id=\"336\" data-name=\"Villenoir\" ><div class=\"mc4wp-form-fields\"><style>\r\n  .input-group-btn:last-child::before{display:none}\r\n  ::placeholder {color:#000000 !important;}\r\n<\/style>\r\n<div id=\"formn\">\r\n<div class=\"form-group text-center\">\r\n\t<label class=\"hidden\">Email address: <\/label>\r\n\t<input class=\"form-control\" style=\"height:50px;border:1px solid #ffffff;border-radius:5px;background:#ffffff;\r\n                                       color:#000000;max-width:100% !important\" type=\"email\" name=\"EMAIL\" placeholder=\"Email\" required \/> \r\n<\/div>\r\n<div class=\"form-check\">\r\n        <input type=\"checkbox\" class=\"form-check-input\" id=\"privacy\" name=\"AGREE_TO_TERMS\" value=\"1\" required=\"\">\r\n             <span class=\"form-check-label\" for=\"privacy\" \r\n                   style=\"margin-top:-25px;display:block;padding-left:20px;font-size:12px; \r\n                          !important;color:#ffffff;line-height:1.4\">\r\n         Autorizzo al trattamento dei miei dati personali per fini di comunicazione commerciale e\/o invio di materiale pubblicitario dell'azienda, secondo l'informativa in materia di dati personali ai sensi del Regolamento Europeo (EU) 2017\/679 \u201cGDPR\u201d.\r\n         <\/span>\r\n    <\/div>  \t\r\n<span class=\"input-group-btn text-center\" style=\"text-align:center\">\r\n    \t<input class=\"btn\" style=\"font-size:20px;border:none;color:#ffffff\" type=\"submit\" value=\"Iscriviti\" \/>\r\n  \t<\/span>\r\n<!-- \/input-group -->\r\n<\/div><\/div><label style=\"display: none !important;\">Wenn du ein Mensch bist, lasse das Feld leer: <input type=\"text\" name=\"_mc4wp_honeypot\" value=\"\" tabindex=\"-1\" autocomplete=\"off\" \/><\/label><input type=\"hidden\" name=\"_mc4wp_timestamp\" value=\"1777441464\" \/><input type=\"hidden\" name=\"_mc4wp_form_id\" value=\"336\" \/><input type=\"hidden\" name=\"_mc4wp_form_element_id\" value=\"mc4wp-form-1\" \/><div class=\"mc4wp-response\"><\/div><\/form><!-- \/ Mailchimp for WordPress Plugin --><\/div><\/div>[\/vc_column][\/vc_row]<\/p>\n<\/div>","protected":false},"excerpt":{"rendered":"<p>[vc_row full_width=&#8220;stretch_row&#8220; css_animation=&#8220;&#8220;][vc_column css_animation=&#8220;&#8220;][vc_row_inner equal_height=&#8220;yes&#8220; content_placement=&#8220;top&#8220; css_animation=&#8220;&#8220;][vc_column_inner width=&#8220;1\/2&#8243; css=&#8220;.vc_custom_1688479433568{padding-right: 5% !important;padding-bottom: 5% !important;padding-left: 5% !important;}&#8220;][vc_column_text css_animation=&#8220;&#8220; css=&#8220;.vc_custom_1696334714802{padding-right: 60px !important;}&#8220;]Unsere Weing\u00e4rten betreten wir auf Zehenspitzen. Wir m\u00f6chten, dass sich unser Eingriff auf die Rebzeilen, Fr\u00fcchte und somit auf die Weinbereitung auf ein Minimum beschr\u00e4nkt. Reinheit ist unser oberstes Bestreben, nicht nur bei der Weinbereitung, sondern auf<br class=\"read-more-spacer\"> <a class=\"more-link\" href=\"https:\/\/www.famigliaolivini.com\/de\/\">Read More<\/a><\/p>\n","protected":false},"author":3,"featured_media":0,"parent":0,"menu_order":0,"comment_status":"closed","ping_status":"closed","template":"","meta":{"footnotes":""},"class_list":["post-4787","page","type-page","status-publish","hentry"],"acf":[],"_links":{"self":[{"href":"https:\/\/www.famigliaolivini.com\/de\/wp-json\/wp\/v2\/pages\/4787","targetHints":{"allow":["GET"]}}],"collection":[{"href":"https:\/\/www.famigliaolivini.com\/de\/wp-json\/wp\/v2\/pages"}],"about":[{"href":"https:\/\/www.famigliaolivini.com\/de\/wp-json\/wp\/v2\/types\/page"}],"author":[{"embeddable":true,"href":"https:\/\/www.famigliaolivini.com\/de\/wp-json\/wp\/v2\/users\/3"}],"replies":[{"embeddable":true,"href":"https:\/\/www.famigliaolivini.com\/de\/wp-json\/wp\/v2\/comments?post=4787"}],"version-history":[{"count":14,"href":"https:\/\/www.famigliaolivini.com\/de\/wp-json\/wp\/v2\/pages\/4787\/revisions"}],"predecessor-version":[{"id":7094,"href":"https:\/\/www.famigliaolivini.com\/de\/wp-json\/wp\/v2\/pages\/4787\/revisions\/7094"}],"wp:attachment":[{"href":"https:\/\/www.famigliaolivini.com\/de\/wp-json\/wp\/v2\/media?parent=4787"}],"curies":[{"name":"wp","href":"https:\/\/api.w.org\/{rel}","templated":true}]}}